{"id":2019,"date":"2023-10-30T07:18:31","date_gmt":"2023-10-30T07:18:31","guid":{"rendered":"https:\/\/restaurantecocinadelpuerto.es\/politica-de-cookies\/"},"modified":"2023-12-15T11:02:36","modified_gmt":"2023-12-15T11:02:36","slug":"politica-de-cookies","status":"publish","type":"page","link":"https:\/\/restaurantecocinadelpuerto.es\/it\/politica-de-cookies\/","title":{"rendered":"Politica sui Cookie"},"content":{"rendered":"\n<div style=\"height:65px\" aria-hidden=\"true\" class=\"wp-block-spacer\"><\/div>\n\n\n\n<h2 class=\"wp-block-heading\">Politica sui Cookie<\/h2>\n\n\n\n<p><strong>Oggetto:<\/strong> La presente Politica sui Cookie fa parte integrante dei Termini di Utilizzo e della Politica sulla Privacy del sito web restaurantecocinadelpuerto.es (di seguito, il &#8220;Sito Web&#8221; o la &#8220;Pagina Web&#8221;). L&#8217;accesso e la navigazione sul Sito Web o l&#8217;utilizzo dei suoi servizi implicano l&#8217;accettazione dei termini e delle condizioni stabiliti nei Termini di Utilizzo e nella Politica sulla Privacy e, al suo interno, nella Politica sui Cookie.<\/p>\n\n\n\n<p>Al fine di agevolare la vostra navigazione sul Sito Web, il titolare dello stesso, con domicilio in Calle Chinchorro 11, 35580 Playa Blanca \u2013 Yaiza \u2013 Lanzarote, vi informa che utilizza cookie o dispositivi di archiviazione e recupero di dati (DARD) o altri file di funzionalit\u00e0 simili (di seguito, i &#8220;cookie&#8221;).<\/p>\n\n\n\n<p>In questo contesto e al fine di fornire all&#8217;utente tutte le informazioni necessarie per una corretta navigazione, mettiamo a disposizione dell&#8217;utente il seguente testo informativo su cosa sono i cookie, i diversi tipi di cookie presenti sulla nostra Pagina Web e come configurarli o disabilitarli.<\/p>\n\n\n\n<p><strong>Cosa sono i Cookie?<\/strong> Attualmente, la maggior parte dei siti web, indipendentemente dal servizio che offrono, utilizzano i cookie, cio\u00e8 memorizzano informazioni minime sull&#8217;uso o sulla navigazione dell&#8217;utente sul sito web. Un cookie pu\u00f2 essere definito come un piccolo file di testo o un dispositivo ampiamente utilizzato che viene scaricato sul computer dell&#8217;utente durante la navigazione su pagine web allo scopo di memorizzare dati che possono essere aggiornati e recuperati dall&#8217;entit\u00e0 responsabile della sua installazione per facilitare la navigazione e l&#8217;esperienza dell&#8217;utente.<\/p>\n\n\n\n<p>In conformit\u00e0 al considerando 30 del GDPR, le persone fisiche possono essere associate a identificatori online forniti dai loro dispositivi, applicazioni, strumenti e protocolli, come gli indirizzi dei protocolli Internet, gli identificatori di sessione sotto forma di &#8220;cookie&#8221; o altri identificatori con finalit\u00e0 simili. Ci\u00f2 pu\u00f2 lasciare tracce che, soprattutto quando sono combinate con identificatori univoci e altri dati ricevuti dai server, possono essere utilizzate per creare profili delle persone fisiche e identificarle. Per questo motivo, il titolare del sito dispone di una politica sui cookie conforme alla normativa applicabile.<\/p>\n\n\n\n<p>In generale, quando l&#8217;installazione e\/o l&#8217;uso dei cookie comportano il trattamento di dati personali, che si tratti di cookie propri o di terze parti, di sessione o persistenti, il titolare del trattamento fornir\u00e0 le informazioni necessarie in questo settore e otterr\u00e0 il consenso informato preventivo dell&#8217;utente per installare e\/o utilizzare questi cookie, tranne nei casi in cui l&#8217;installazione di cookie strettamente necessari sia necessaria. Sono escluse da questo consenso solo quelle che consentono esclusivamente la comunicazione tra l&#8217;attrezzatura dell&#8217;utente e la rete e strettamente quelle utilizzate per fornire un servizio richiesto dall&#8217;utente. Ad esempio, i &#8220;cookie tecnici&#8221; (ad esempio, necessari per la navigazione sulla piattaforma o sull&#8217;applicazione); quelli di &#8220;personalizzazione o configurazione&#8221; (ad esempio, consentono alla pagina di riconoscere la lingua dell&#8217;utente, ecc.); e quelli di &#8220;sicurezza&#8221; (ad esempio, rilevare tentativi errati e ripetuti di connessione a un sito).<\/p>\n\n\n\n<p><strong>Tipi, Obiettivo e Funzionamento dei Cookie<\/strong><\/p>\n\n\n\n<ol class=\"wp-block-list\">\n<li>In base all&#8217;ente che li gestisce:\n<ul class=\"wp-block-list\">\n<li>Cookie propri: Quelli che vengono inviati al vostro dispositivo dall&#8217;apparecchio o dai server del titolare del sito e da cui forniamo il servizio che richiedete.<\/li>\n\n\n\n<li>Cookie di terze parti: Quelli che vengono inviati al vostro dispositivo da un&#8217;apparecchiatura o da un dominio non gestito da noi, ma da un altro ente collaboratore o partner. Ad esempio, quelli utilizzati dai social media o da contenuti esterni come Google.<\/li>\n<\/ul>\n<\/li>\n\n\n\n<li>In base alla durata della loro attivazione:\n<ul class=\"wp-block-list\">\n<li>Cookie di sessione: Sono cookie temporanei che rimangono nel file dei cookie del vostro browser fino a quando non lasciate il sito web, in modo che nessuno di essi venga memorizzato sull&#8217;hard disk del vostro computer. Le informazioni ottenute tramite questi cookie servono per analizzare i modelli di traffico sul sito web. Nel lungo termine, ci\u00f2 ci consente di fornire un&#8217;esperienza migliore per migliorare i contenuti e facilitarne l&#8217;uso.<\/li>\n\n\n\n<li>Cookie persistenti: Sono memorizzati sull&#8217;hard disk e il nostro sito web li legge ad ogni nuova visita. Un cookie permanente ha una data di scadenza determinata. Il cookie smetter\u00e0 di funzionare dopo questa data. Di solito utilizziamo questi cookie per facilitare i servizi di acquisto e registrazione.<\/li>\n<\/ul>\n<\/li>\n<\/ol>\n\n\n\n<p>3.3 In base al loro scopo:<\/p>\n\n\n\n<ul class=\"wp-block-list\">\n<li>Cookie tecnici: Necessari per la navigazione e il corretto funzionamento del nostro sito web. Consentono, ad esempio, di controllare il traffico e la comunicazione dei dati, di accedere a parti ad accesso limitato, di effettuare il processo di acquisto di un ordine, di utilizzare elementi di sicurezza, di memorizzare contenuti per la riproduzione di video o di condividere contenuti tramite i social media.<\/li>\n\n\n\n<li>Cookie di personalizzazione: Quelli che ti consentono di accedere al servizio con caratteristiche predefinite in base a determinati criteri, come la lingua, il tipo di browser utilizzato per accedere al servizio, ecc.<\/li>\n\n\n\n<li>Cookie di analisi: Quelli che ci permettono di quantificare il numero di utenti e di effettuare misurazioni e analisi statistiche sull&#8217;uso che gli utenti fanno dei servizi forniti. A tal fine, la loro navigazione sul nostro sito web viene analizzata al fine di migliorare l&#8217;offerta di prodotti e servizi che offriamo.<\/li>\n\n\n\n<li>Cookie pubblicitari: Quelli che consentono una gestione il pi\u00f9 efficiente possibile degli spazi pubblicitari che potrebbero essere inclusi sul nostro sito web.<\/li>\n\n\n\n<li>Cookie pubblicitari comportamentali: Questi cookie memorizzano informazioni sul comportamento degli utenti ottenute tramite osservazione continua. Grazie a essi, possiamo conoscere le abitudini di navigazione su Internet e mostrarti annunci correlati al tuo profilo di navigazione.<\/li>\n<\/ul>\n\n\n\n<p><strong>Cookie utilizzati sul sito web<\/strong><\/p>\n\n\n\n<p>L&#8217;identificazione di chi utilizza i cookie di questo sito web, cos\u00ec come i dettagli di questi ultimi, \u00e8 indicata di seguito:<\/p>\n\n\n\n<p>Google Analytics: Raccoglie informazioni sulla navigazione degli utenti sul sito web al fine di conoscere l&#8217;origine delle visite e altri dati simili a fini statistici, nonch\u00e9, se del caso, per mostrare annunci agli utenti in base alle loro preferenze stabilite dalle loro abitudini di navigazione (ad esempio, le pagine visitate).<\/p>\n\n\n\n<p><a href=\"https:\/\/developers.google.com\/analytics\/devguides\/collection\/analyticsjs\/cookie-usage\">Link all&#8217;utilizzo dei cookie di Google Analytics<\/a><\/p>\n\n\n\n<p><strong>Come disabilitare i cookie nei browser pi\u00f9 utilizzati<\/strong><\/p>\n\n\n\n<p>Possono essere bloccati o disabilitati mediante gli strumenti di configurazione del vostro browser. Il browser consente di rifiutare l&#8217;installazione di tutti i cookie o di scegliere di rifiutarne solo alcuni. Vi indichiamo i link agli strumenti dei principali browser dove potete ottenere informazioni sulla disabilitazione dei cookie.<\/p>\n\n\n\n<ul class=\"wp-block-list\">\n<li><a href=\"https:\/\/tools.google.com\/dlpage\/gaoptout?hl=it\">Disabilitazione o eliminazione dei cookie di Google Analytics<\/a><\/li>\n\n\n\n<li><a href=\"https:\/\/support.google.com\/accounts\/answer\/61416?co=GENIE.Platform%3DDesktop&amp;hl=it\">Configurazione dei cookie su Google Chrome<\/a><\/li>\n\n\n\n<li><a href=\"https:\/\/support.microsoft.com\/it-it\/help\/17442\/windows-internet-explorer-delete-manage-cookies\">Configurazione dei cookie su Microsoft Internet Explorer<\/a><\/li>\n\n\n\n<li><a href=\"https:\/\/support.mozilla.org\/it\/kb\/abilitare-e-disabilitare-i-cookie-dei-siti-web-rast\">Configurazione dei cookie su Mozilla Firefox<\/a><\/li>\n\n\n\n<li><a href=\"https:\/\/support.apple.com\/it-it\/guide\/safari\/manage-cookies-and-website-data-sfri11471\/mac\">Configurazione dei cookie su Safari (Apple)<\/a><\/li>\n<\/ul>\n\n\n\n<p><strong>Cosa succede se disabiliti i cookie?<\/strong><\/p>\n\n\n\n<p>Se rifiuti i cookie, potrai continuare a utilizzare il nostro sito web, ma \u00e8 possibile che alcuni servizi e\/o collegamenti smettano di funzionare, che non tu possa avviare o mantenere la sessione interattiva con i servizi del sito web e che non possiamo ottenere da te informazioni molto preziose per offrirti contenuti in linea con i tuoi interessi e per consentirti di accedere facilmente e rapidamente alle informazioni che ti interessano.<\/p>\n\n\n\n<p>Il titolare del sito non si assume alcuna responsabilit\u00e0 per i problemi legali o tecnici causati dalla mancata osservanza da parte di qualsiasi utente delle raccomandazioni incluse. Questa comunicazione \u00e8 fatta per la conoscenza e l&#8217;uso degli utenti, quindi non deve essere utilizzata per altri scopi.<\/p>\n\n\n\n<p>Vi informiamo inoltre che non possiamo essere ritenuti responsabili per i contenuti e la veridicit\u00e0 delle politiche sulla privacy di terzi incluse in questa politica sui cookie.<\/p>\n\n\n\n<p><strong>Modifiche alla politica sui cookie<\/strong><\/p>\n\n\n\n<p>La presente politica sui cookie \u00e8 la versione 2.0, in vigore dal 1\u00b0 OTTOBRE 2020, e su questa base il titolare del sito pu\u00f2 modificare questa politica sui cookie, sia aggiungendo nuovi cookie necessari per nuovi contenuti che potrebbero essere offerti, sia in base alle esigenze legislative o regolamentari che rendono necessario il loro cambiamento, pertanto si consiglia agli utenti di consultarla periodicamente. Allo stesso modo, il Sito Web potr\u00e0 informare gli utenti in modo personale e preventivo delle modifiche progettate in questa politica, prima della sua entrata in vigore, nella misura in cui ci\u00f2 sia tecnicamente e ragionevolmente possibile.<\/p>\n\n\n\n<p><strong>Esercizio dei diritti in materia di Cookie<\/strong><\/p>\n\n\n\n<p>Potete conoscere ed esercitare i vostri diritti in materia di protezione dei dati personali consultando la Politica sulla Privacy di questo sito web. Se avete dubbi su questa politica sui cookie, potete contattarci.<\/p>\n","protected":false},"excerpt":{"rendered":"<p>Politica sui Cookie Oggetto: La presente Politica sui Cookie fa parte integrante dei Termini di Utilizzo e della Politica sulla Privacy del sito web restaurantecocinadelpuerto.es (di seguito, il &#8220;Sito Web&#8221; o la &#8220;Pagina Web&#8221;). L&#8217;accesso e la navigazione sul Sito Web o l&#8217;utilizzo dei suoi servizi implicano l&#8217;accettazione dei termini e delle condizioni stabiliti nei [&hellip;]<\/p>\n","protected":false},"author":1,"featured_media":0,"parent":0,"menu_order":0,"comment_status":"closed","ping_status":"closed","template":"","meta":{"footnotes":""},"class_list":["post-2019","page","type-page","status-publish","hentry"],"blocksy_meta":[],"yoast_head":"<!-- This site is optimized with the Yoast SEO plugin v27.5 - https:\/\/yoast.com\/product\/yoast-seo-wordpress\/ -->\n<title>Politica sui Cookie &#062; Restaurante Cocina del Puerto<\/title>\n<meta name=\"robots\" content=\"noindex, nofollow\" \/>\n<meta property=\"og:locale\" content=\"it_IT\" \/>\n<meta property=\"og:type\" content=\"article\" \/>\n<meta property=\"og:title\" content=\"Politica sui Cookie &#062; Restaurante Cocina del Puerto\" \/>\n<meta property=\"og:description\" content=\"Politica sui Cookie Oggetto: La presente Politica sui Cookie fa parte integrante dei Termini di Utilizzo e della Politica sulla Privacy del sito web restaurantecocinadelpuerto.es (di seguito, il &#8220;Sito Web&#8221; o la &#8220;Pagina Web&#8221;). L&#8217;accesso e la navigazione sul Sito Web o l&#8217;utilizzo dei suoi servizi implicano l&#8217;accettazione dei termini e delle condizioni stabiliti nei [&hellip;]\" \/>\n<meta property=\"og:url\" content=\"https:\/\/restaurantecocinadelpuerto.es\/it\/politica-de-cookies\/\" \/>\n<meta property=\"og:site_name\" content=\"Restaurante Cocina del Puerto\" \/>\n<meta property=\"article:publisher\" content=\"https:\/\/www.facebook.com\/restaurantecocinadelpuerto\/\" \/>\n<meta property=\"article:modified_time\" content=\"2023-12-15T11:02:36+00:00\" \/>\n<meta property=\"og:image\" content=\"https:\/\/restaurantecocinadelpuerto.es\/wp-content\/uploads\/2023\/12\/restarurante-cocina-del-puerto-en-lanzarote.jpeg\" \/>\n\t<meta property=\"og:image:width\" content=\"1200\" \/>\n\t<meta property=\"og:image:height\" content=\"675\" \/>\n\t<meta property=\"og:image:type\" content=\"image\/jpeg\" \/>\n<meta name=\"twitter:card\" content=\"summary_large_image\" \/>\n<meta name=\"twitter:label1\" content=\"Tempo di lettura stimato\" \/>\n\t<meta name=\"twitter:data1\" content=\"7 minuti\" \/>\n<script type=\"application\/ld+json\" class=\"yoast-schema-graph\">{\"@context\":\"https:\\\/\\\/schema.org\",\"@graph\":[{\"@type\":\"WebPage\",\"@id\":\"https:\\\/\\\/restaurantecocinadelpuerto.es\\\/it\\\/politica-de-cookies\\\/\",\"url\":\"https:\\\/\\\/restaurantecocinadelpuerto.es\\\/it\\\/politica-de-cookies\\\/\",\"name\":\"Politica sui Cookie &#062; Restaurante Cocina del Puerto\",\"isPartOf\":{\"@id\":\"https:\\\/\\\/restaurantecocinadelpuerto.es\\\/#website\"},\"datePublished\":\"2023-10-30T07:18:31+00:00\",\"dateModified\":\"2023-12-15T11:02:36+00:00\",\"breadcrumb\":{\"@id\":\"https:\\\/\\\/restaurantecocinadelpuerto.es\\\/it\\\/politica-de-cookies\\\/#breadcrumb\"},\"inLanguage\":\"it-IT\",\"potentialAction\":[{\"@type\":\"ReadAction\",\"target\":[\"https:\\\/\\\/restaurantecocinadelpuerto.es\\\/it\\\/politica-de-cookies\\\/\"]}]},{\"@type\":\"BreadcrumbList\",\"@id\":\"https:\\\/\\\/restaurantecocinadelpuerto.es\\\/it\\\/politica-de-cookies\\\/#breadcrumb\",\"itemListElement\":[{\"@type\":\"ListItem\",\"position\":1,\"name\":\"Restaurante Cocina del Puerto\",\"item\":\"https:\\\/\\\/restaurantecocinadelpuerto.es\\\/it\\\/\"},{\"@type\":\"ListItem\",\"position\":2,\"name\":\"Politica sui Cookie\"}]},{\"@type\":\"WebSite\",\"@id\":\"https:\\\/\\\/restaurantecocinadelpuerto.es\\\/#website\",\"url\":\"https:\\\/\\\/restaurantecocinadelpuerto.es\\\/\",\"name\":\"Restaurante Cocina del Puerto\",\"description\":\"Cocina del Puerto\",\"publisher\":{\"@id\":\"https:\\\/\\\/restaurantecocinadelpuerto.es\\\/#organization\"},\"alternateName\":\"Cocina del Puerto\",\"potentialAction\":[{\"@type\":\"SearchAction\",\"target\":{\"@type\":\"EntryPoint\",\"urlTemplate\":\"https:\\\/\\\/restaurantecocinadelpuerto.es\\\/?s={search_term_string}\"},\"query-input\":{\"@type\":\"PropertyValueSpecification\",\"valueRequired\":true,\"valueName\":\"search_term_string\"}}],\"inLanguage\":\"it-IT\"},{\"@type\":\"Organization\",\"@id\":\"https:\\\/\\\/restaurantecocinadelpuerto.es\\\/#organization\",\"name\":\"Restaurante Cocina del Puerto\",\"url\":\"https:\\\/\\\/restaurantecocinadelpuerto.es\\\/\",\"logo\":{\"@type\":\"ImageObject\",\"inLanguage\":\"it-IT\",\"@id\":\"https:\\\/\\\/restaurantecocinadelpuerto.es\\\/#\\\/schema\\\/logo\\\/image\\\/\",\"url\":\"https:\\\/\\\/restaurantecocinadelpuerto.es\\\/wp-content\\\/uploads\\\/2022\\\/10\\\/restaurantecocinadelpuerto-logo.png\",\"contentUrl\":\"https:\\\/\\\/restaurantecocinadelpuerto.es\\\/wp-content\\\/uploads\\\/2022\\\/10\\\/restaurantecocinadelpuerto-logo.png\",\"width\":174,\"height\":60,\"caption\":\"Restaurante Cocina del Puerto\"},\"image\":{\"@id\":\"https:\\\/\\\/restaurantecocinadelpuerto.es\\\/#\\\/schema\\\/logo\\\/image\\\/\"},\"sameAs\":[\"https:\\\/\\\/www.facebook.com\\\/restaurantecocinadelpuerto\\\/\",\"https:\\\/\\\/www.instagram.com\\\/cocinadelpuerto\\\/\",\"https:\\\/\\\/www.tripadvisor.es\\\/Restaurant_Review-g652121-d15115020-Reviews-Restaurante_Cocina_del_Puerto-Playa_Blanca_Lanzarote_Canary_Islands.html\"]}]}<\/script>\n<!-- \/ Yoast SEO plugin. -->","yoast_head_json":{"title":"Politica sui Cookie &#062; Restaurante Cocina del Puerto","robots":{"index":"noindex","follow":"nofollow"},"og_locale":"it_IT","og_type":"article","og_title":"Politica sui Cookie &#062; Restaurante Cocina del Puerto","og_description":"Politica sui Cookie Oggetto: La presente Politica sui Cookie fa parte integrante dei Termini di Utilizzo e della Politica sulla Privacy del sito web restaurantecocinadelpuerto.es (di seguito, il &#8220;Sito Web&#8221; o la &#8220;Pagina Web&#8221;). L&#8217;accesso e la navigazione sul Sito Web o l&#8217;utilizzo dei suoi servizi implicano l&#8217;accettazione dei termini e delle condizioni stabiliti nei [&hellip;]","og_url":"https:\/\/restaurantecocinadelpuerto.es\/it\/politica-de-cookies\/","og_site_name":"Restaurante Cocina del Puerto","article_publisher":"https:\/\/www.facebook.com\/restaurantecocinadelpuerto\/","article_modified_time":"2023-12-15T11:02:36+00:00","og_image":[{"width":1200,"height":675,"url":"https:\/\/restaurantecocinadelpuerto.es\/wp-content\/uploads\/2023\/12\/restarurante-cocina-del-puerto-en-lanzarote.jpeg","type":"image\/jpeg"}],"twitter_card":"summary_large_image","twitter_misc":{"Tempo di lettura stimato":"7 minuti"},"schema":{"@context":"https:\/\/schema.org","@graph":[{"@type":"WebPage","@id":"https:\/\/restaurantecocinadelpuerto.es\/it\/politica-de-cookies\/","url":"https:\/\/restaurantecocinadelpuerto.es\/it\/politica-de-cookies\/","name":"Politica sui Cookie &#062; Restaurante Cocina del Puerto","isPartOf":{"@id":"https:\/\/restaurantecocinadelpuerto.es\/#website"},"datePublished":"2023-10-30T07:18:31+00:00","dateModified":"2023-12-15T11:02:36+00:00","breadcrumb":{"@id":"https:\/\/restaurantecocinadelpuerto.es\/it\/politica-de-cookies\/#breadcrumb"},"inLanguage":"it-IT","potentialAction":[{"@type":"ReadAction","target":["https:\/\/restaurantecocinadelpuerto.es\/it\/politica-de-cookies\/"]}]},{"@type":"BreadcrumbList","@id":"https:\/\/restaurantecocinadelpuerto.es\/it\/politica-de-cookies\/#breadcrumb","itemListElement":[{"@type":"ListItem","position":1,"name":"Restaurante Cocina del Puerto","item":"https:\/\/restaurantecocinadelpuerto.es\/it\/"},{"@type":"ListItem","position":2,"name":"Politica sui Cookie"}]},{"@type":"WebSite","@id":"https:\/\/restaurantecocinadelpuerto.es\/#website","url":"https:\/\/restaurantecocinadelpuerto.es\/","name":"Restaurante Cocina del Puerto","description":"Cocina del Puerto","publisher":{"@id":"https:\/\/restaurantecocinadelpuerto.es\/#organization"},"alternateName":"Cocina del Puerto","potentialAction":[{"@type":"SearchAction","target":{"@type":"EntryPoint","urlTemplate":"https:\/\/restaurantecocinadelpuerto.es\/?s={search_term_string}"},"query-input":{"@type":"PropertyValueSpecification","valueRequired":true,"valueName":"search_term_string"}}],"inLanguage":"it-IT"},{"@type":"Organization","@id":"https:\/\/restaurantecocinadelpuerto.es\/#organization","name":"Restaurante Cocina del Puerto","url":"https:\/\/restaurantecocinadelpuerto.es\/","logo":{"@type":"ImageObject","inLanguage":"it-IT","@id":"https:\/\/restaurantecocinadelpuerto.es\/#\/schema\/logo\/image\/","url":"https:\/\/restaurantecocinadelpuerto.es\/wp-content\/uploads\/2022\/10\/restaurantecocinadelpuerto-logo.png","contentUrl":"https:\/\/restaurantecocinadelpuerto.es\/wp-content\/uploads\/2022\/10\/restaurantecocinadelpuerto-logo.png","width":174,"height":60,"caption":"Restaurante Cocina del Puerto"},"image":{"@id":"https:\/\/restaurantecocinadelpuerto.es\/#\/schema\/logo\/image\/"},"sameAs":["https:\/\/www.facebook.com\/restaurantecocinadelpuerto\/","https:\/\/www.instagram.com\/cocinadelpuerto\/","https:\/\/www.tripadvisor.es\/Restaurant_Review-g652121-d15115020-Reviews-Restaurante_Cocina_del_Puerto-Playa_Blanca_Lanzarote_Canary_Islands.html"]}]}},"_links":{"self":[{"href":"https:\/\/restaurantecocinadelpuerto.es\/it\/wp-json\/wp\/v2\/pages\/2019","targetHints":{"allow":["GET"]}}],"collection":[{"href":"https:\/\/restaurantecocinadelpuerto.es\/it\/wp-json\/wp\/v2\/pages"}],"about":[{"href":"https:\/\/restaurantecocinadelpuerto.es\/it\/wp-json\/wp\/v2\/types\/page"}],"author":[{"embeddable":true,"href":"https:\/\/restaurantecocinadelpuerto.es\/it\/wp-json\/wp\/v2\/users\/1"}],"replies":[{"embeddable":true,"href":"https:\/\/restaurantecocinadelpuerto.es\/it\/wp-json\/wp\/v2\/comments?post=2019"}],"version-history":[{"count":4,"href":"https:\/\/restaurantecocinadelpuerto.es\/it\/wp-json\/wp\/v2\/pages\/2019\/revisions"}],"predecessor-version":[{"id":2041,"href":"https:\/\/restaurantecocinadelpuerto.es\/it\/wp-json\/wp\/v2\/pages\/2019\/revisions\/2041"}],"wp:attachment":[{"href":"https:\/\/restaurantecocinadelpuerto.es\/it\/wp-json\/wp\/v2\/media?parent=2019"}],"curies":[{"name":"wp","href":"https:\/\/api.w.org\/{rel}","templated":true}]}}