{"id":2005,"date":"2023-10-30T07:17:36","date_gmt":"2023-10-30T07:17:36","guid":{"rendered":"https:\/\/restaurantecocinadelpuerto.es\/avviso-legale\/"},"modified":"2023-12-15T10:33:17","modified_gmt":"2023-12-15T10:33:17","slug":"avviso-legale","status":"publish","type":"page","link":"https:\/\/restaurantecocinadelpuerto.es\/it\/avviso-legale\/","title":{"rendered":"Avviso Legale"},"content":{"rendered":"\n<div style=\"height:150px\" aria-hidden=\"true\" class=\"wp-block-spacer\"><\/div>\n\n\n\n<ol class=\"wp-block-list\">\n<li><strong>DATI IDENTIFICATIVI<\/strong> In ottemperanza al Regolamento Generale sulla Protezione dei Dati (UE) 2016\/679 del Parlamento Europeo e del Consiglio del 27 aprile 2016 e alla legge organica 3\/2018 del 5 dicembre sulla Protezione dei Dati Personali e la Garanzia dei Diritti Digitali, vengono riportati i seguenti dati: L&#8217;azienda titolare del presente dominio web restaurantecocinadelpuerto.es \u00e8 Melsanta 41 SRL, con numero di partita IVA B76317742, con sede legale in Calle Chinchorro 11, 35580 Playa Blanca \u2013 Yaiza \u2013 Lanzarote. Indirizzo email per la Protezione dei Dati: <a href=\"mailto:info@restaurantecocinadelpuerto.es\">info@restaurantecocinadelpuerto.es<\/a> Iscritta nel Registro Mercantil di Lanzarote<\/li>\n\n\n\n<li><strong>UTENTI<\/strong> L&#8217;accesso e\/o l&#8217;uso di questo portale o sito web attribuisce la condizione di UTENTE, che accetta, dal momento di tale accesso e\/o uso, le Condizioni Generali d&#8217;Uso rifletti in questo avviso. Le Condizioni saranno applicabili indipendentemente dalle Condizioni Generali di Contrattazione che potrebbero essere obbligatorie. In ogni caso, per qualsiasi scopo specifico, sar\u00e0 richiesto il suo consenso espresso.<\/li>\n\n\n\n<li><strong>USO DEL PORTALE<\/strong> Il nostro sito fornisce l&#8217;accesso a informazioni, servizi, programmi o dati (di seguito denominati &#8220;i contenuti&#8221;) su Internet appartenenti a restaurantecocinadelpuerto.es o ai suoi licenziatari, a cui l&#8217;UTENTE pu\u00f2 accedere. L&#8217;UTENTE \u00e8 responsabile del corretto uso del portale. Tale responsabilit\u00e0 si estende alla registrazione eventualmente necessaria per accedere a determinati servizi o contenuti. In tale registrazione, l&#8217;UTENTE sar\u00e0 responsabile di fornire informazioni veritiere e lecite sui propri dati. A seguito di questa registrazione, all&#8217;UTENTE potrebbe essere fornita una password, di cui sar\u00e0 responsabile, impegnandosi a farne un uso diligente, etico e confidenziale. L&#8217;UTENTE si impegna a fare un uso adeguato dei contenuti e dei servizi (come ad esempio servizi di chat, forum di discussione o gruppi di notizie) offerti attraverso il suo portale e, a titolo esemplificativo ma non limitativo, a non usarli per:<\/li>\n<\/ol>\n\n\n\n<ul class=\"wp-block-list\">\n<li>Coinvolgersi in attivit\u00e0 illecite, illegali o contrarie alla buona fede e all&#8217;ordine pubblico;<\/li>\n\n\n\n<li>Diffondere contenuti o propaganda di carattere razzista, xenofobo, pornografico-illegale, di apologia del terrorismo o attentatori contro i diritti umani;<\/li>\n\n\n\n<li>Provocare danni ai sistemi fisici e logici del proprietario, dei suoi fornitori o di terze persone, introdurre o diffondere nella rete virus informatici o qualsiasi altro sistema fisico o logico che possa provocare i danni sopra menzionati.<\/li>\n\n\n\n<li>Tentare di accedere e, eventualmente, utilizzare gli account di posta elettronica di altri utenti e modificare o manipolare i loro messaggi. Il proprietario del portale si riserva il diritto di rimuovere tutti quei commenti e contributi che violino il rispetto della dignit\u00e0 della persona, siano discriminatori, xenofobi, razzisti, pornografici, che attentino contro la giovinezza o l&#8217;infanzia, l&#8217;ordine o la sicurezza pubblica o che, a suo giudizio, non siano adatti o convenienti per la pubblicazione. In ogni caso, il proprietario del portale non sar\u00e0 responsabile delle opinioni espresse dagli utenti attraverso i forum, le chat o altri strumenti di partecipazione.<\/li>\n<\/ul>\n\n\n\n<ol class=\"wp-block-list\" start=\"4\">\n<li><strong>PROTEZIONE DEI DATI<\/strong> L&#8217;uso dei dati personali \u00e8 definito in base al Regolamento Generale sulla Protezione dei Dati e alla normativa spagnola vigente. Al fine di garantire la massima trasparenza e in base alla nostra politica proattiva, informiamo: Perch\u00e9 richiediamo i tuoi dati? restaurantecocinadelpuerto.es informa il cliente che il trattamento dei dati viene effettuato per le seguenti finalit\u00e0: svolgere tutte le operazioni relative alla redazione di preventivi, contratti e prestazione dei servizi di restaurantecocinadelpuerto.es all&#8217;azienda di appartenenza o, se del caso, all&#8217;interessato che ne fa richiesta. Cos\u00ec come rispondere e rispondere alle comunicazioni ricevute e alle attivit\u00e0 di prospezione commerciale per informare gli utenti di eventuali promozioni. Che tipo di dati raccogliamo? Dati personali corrispondenti alla propria identit\u00e0 e che siano adeguati, pertinenti, attuali, precisi e veritieri. A tale scopo, l&#8217;utente sar\u00e0 l&#8217;unico responsabile di eventuali danni, diretti e\/o indiretti, che causi a terzi o a restaurantecocinadelpuerto.es, per l&#8217;uso di dati personali di un&#8217;altra persona o dei propri dati personali quando siano falsi, errati, non aggiornati, inadeguati o non pertinenti. Allo stesso modo, l&#8217;utente che utilizzi i dati personali di un terzo, risponder\u00e0 nei confronti di quest&#8217;ultimo dell&#8217;obbligo di informazione stabilito nel RGPD quando i dati personali non siano stati raccolti dal diretto interessato e\/o delle conseguenze della mancata informazione. Come vengono raccolti? Utilizzo di moduli per la raccolta di dati personali. Nei moduli di contatto presenti sul sito web, dove vengono raccolti dati personali, l&#8217;utente dovr\u00e0 acconsentire in modo espresso e preventivo all&#8217;invio degli stessi, accettando e conoscendo la politica sulla privacy mediante il completamento della casella &#8220;ho letto e accetto la politica sulla privacy&#8221; e il cui contenuto pu\u00f2 essere consultato tramite il link allegato che invier\u00e0 il presente avviso legale. Se il campo della casella non viene selezionato dall&#8217;utente, i dati contenuti in tali moduli non verranno inviati. Condivisione con terzi: I dati non saranno ceduti a terzi tranne nei casi in cui esista un obbligo legale. Non sono previsti trasferimenti di dati a paesi terzi. Diritti: Hai il diritto di accedere ai tuoi dati, correggerli, cancellarli, limitarli e opporti al loro trattamento in qualsiasi momento, puoi anche revocare il consenso prestato e presentare reclamo all&#8217;autorit\u00e0 di controllo (Agenzia spagnola per la protezione dei dati c\/ Jorge Juan no6 28001 Madrid). Per l&#8217;esercizio dei tuoi diritti disponi di un canale diretto con la nostra azienda all&#8217;indirizzo email per la Protezione dei Dati <a href=\"mailto:info@restaurantecocinadelpuerto.es\">info@restaurantecocinadelpuerto.es<\/a> e all&#8217;indirizzo postale Calle Chinchorro 11, 35580 Playa Blanca \u2013 Yaiza \u2013 Lanzarote indicando nell&#8217;oggetto la protezione dei dati. Inoltre, restaurantecocinadelpuerto.es informa che rispetta la Legge 34\/2002 dell&#8217;11 luglio, sui Servizi della Societ\u00e0 dell&#8217;Informazione e del Commercio Elettronico e chieder\u00e0 il tuo consenso per il trattamento del tuo indirizzo email a scopi commerciali in ogni momento.<\/li>\n\n\n\n<li><strong>PROPRIET\u00c0 INTELLETTUALE E INDUSTRIALE<\/strong> Il proprietario, in proprio o come cessionario, \u00e8 titolare di tutti i diritti di propriet\u00e0 intellettuale e industriale del suo sito web, cos\u00ec come degli elementi in esso contenuti (a titolo esemplificativo, immagini, suoni, audio, video, software o testi; marchi o loghi, combinazioni di colori, struttura e design, selezione di materiali utilizzati, programmi informatici necessari per il suo funzionamento, accesso e uso, ecc.). Tutti i diritti riservati. Ai sensi di quanto previsto dagli articoli 8 e 32.1, secondo comma, della Legge sulla Propriet\u00e0 Intellettuale, sono espressamente vietate la riproduzione, la distribuzione e la comunicazione pubblica, compresa la modalit\u00e0 di messa a disposizione, della totalit\u00e0 o di parte dei contenuti di questo sito web, con finalit\u00e0 commerciali, su qualsiasi supporto e con qualsiasi mezzo tecnico, senza l&#8217;autorizzazione di restaurantecocinadelpuerto.es. L&#8217;UTENTE si impegna a rispettare i diritti di Propriet\u00e0 Intellettuale e Industriale di restaurantecocinadelpuerto.es Potr\u00e0 visualizzare gli elementi del portale e persino stamparli, copiarli e archiviarli sull&#8217;hard disk del suo computer o su qualsiasi altro supporto fisico, sempre e solo per uso personale e privato. L&#8217;UTENTE dovr\u00e0 astenersi dal rimuovere, alterare, eludere o manipolare qualsiasi dispositivo di protezione o sistema di sicurezza di restaurantecocinadelpuerto.es restaurantecocinadelpuerto.es non si assume alcuna responsabilit\u00e0, in nessun caso, per i danni e le perdite di qualsiasi natura che potrebbero derivare, a titolo esemplificativo: errori od omissioni nei contenuti, mancanza di disponibilit\u00e0 del portale o la trasmissione di virus o programmi dannosi o lesivi nei contenuti, nonostante siano state adottate tutte le misure tecnologiche necessarie per evitarlo.<\/li>\n\n\n\n<li>MODIFICHE restaurantecocinadelpuerto.es si riserva il diritto di apportare modifiche al suo portale senza preavviso, potendo cambiare, eliminare o aggiungere sia i contenuti che i servizi offerti attraverso di esso, cos\u00ec come la forma in cui essi sono presentati o localizzati nel portale.<\/li>\n\n\n\n<li>COLLEGAMENTI Nel caso in cui su restaurantecocinadelpuerto.es siano presenti collegamenti ipertestuali ad altri siti web, non eserciter\u00e0 alcun controllo su tali siti e contenuti. In nessun caso restaurantecocinadelpuerto.es assumer\u00e0 alcuna responsabilit\u00e0 per i contenuti di un collegamento appartenente a un sito web esterno, n\u00e9 garantir\u00e0 la disponibilit\u00e0 tecnica, la qualit\u00e0, l&#8217;affidabilit\u00e0, l&#8217;accuratezza, l&#8217;ampiezza, la veridicit\u00e0, la validit\u00e0 e la costituzionalit\u00e0 di qualsiasi materiale o informazione contenuta in uno qualsiasi di questi collegamenti ipertestuali o altri siti web. In caso di utilizzo dei collegamenti, si prega di consultare l&#8217;informativa sulla privacy e l&#8217;avviso legale della pagina visitata. Inoltre, l&#8217;inclusione di tali collegamenti esterni non implicher\u00e0 alcun tipo di associazione, fusione o partecipazione con le entit\u00e0 collegate.<\/li>\n\n\n\n<li>DIRITTO DI ESCLUSIONE restaurantecocinadelpuerto.es si riserva il diritto di negare o ritirare l&#8217;accesso al portale e\/o ai servizi offerti, senza preavviso, su richiesta propria o di terzi, a coloro che violano le presenti Condizioni Generali d&#8217;Uso.<\/li>\n\n\n\n<li>GENERALIT\u00c0 Si perseguir\u00e0 la violazione delle presenti condizioni cos\u00ec come qualsiasi uso improprio del portale, esercitando tutte le azioni civili e penali che possono spettare per legge.<\/li>\n\n\n\n<li>MODIFICA DELLE PRESENTI CONDIZIONI E DURATA restaurantecocinadelpuerto.es potr\u00e0 modificare in qualsiasi momento le condizioni qui stabilite, pubblicandole adeguatamente come qui appaiono. La validit\u00e0 delle suddette condizioni dipender\u00e0 dalla loro esposizione e rimarranno in vigore fino a quando non saranno opportunamente modificate da altre.<\/li>\n\n\n\n<li>LEGGE APPLICABILE E GIURISDIZIONE Il rapporto tra restaurantecocinadelpuerto.es e l&#8217;UTENTE sar\u00e0 disciplinato dalla normativa spagnola vigente e qualsiasi controversia sar\u00e0 sottoposta all&#8217;autorit\u00e0 competente.<\/li>\n<\/ol>\n\n\n\n<figure class=\"wp-block-image aligncenter\"><img decoding=\"async\" src=\"https:\/\/restaurantecocinadelpuerto.es\/wp-content\/uploads\/2018\/06\/logo-restaurante-cocina-del-puerto-300x190.png\" alt=\"\" class=\"wp-image-5\"\/><\/figure>\n","protected":false},"excerpt":{"rendered":"","protected":false},"author":1,"featured_media":0,"parent":0,"menu_order":0,"comment_status":"closed","ping_status":"closed","template":"","meta":{"footnotes":""},"class_list":["post-2005","page","type-page","status-publish","hentry"],"blocksy_meta":[],"yoast_head":"<!-- This site is optimized with the Yoast SEO plugin v27.4 - https:\/\/yoast.com\/product\/yoast-seo-wordpress\/ -->\n<title>Avviso Legale &#062; Restaurante Cocina del Puerto<\/title>\n<meta name=\"robots\" content=\"noindex, nofollow\" \/>\n<meta property=\"og:locale\" content=\"it_IT\" \/>\n<meta property=\"og:type\" content=\"article\" \/>\n<meta property=\"og:title\" content=\"Avviso Legale &#062; Restaurante Cocina del Puerto\" \/>\n<meta property=\"og:url\" content=\"https:\/\/restaurantecocinadelpuerto.es\/it\/avviso-legale\/\" \/>\n<meta property=\"og:site_name\" content=\"Restaurante Cocina del Puerto\" \/>\n<meta property=\"article:publisher\" content=\"https:\/\/www.facebook.com\/restaurantecocinadelpuerto\/\" \/>\n<meta property=\"article:modified_time\" content=\"2023-12-15T10:33:17+00:00\" \/>\n<meta property=\"og:image\" content=\"https:\/\/restaurantecocinadelpuerto.es\/wp-content\/uploads\/2018\/06\/logo-restaurante-cocina-del-puerto-300x190.png\" \/>\n<meta name=\"twitter:card\" content=\"summary_large_image\" \/>\n<meta name=\"twitter:label1\" content=\"Tempo di lettura stimato\" \/>\n\t<meta name=\"twitter:data1\" content=\"7 minuti\" \/>\n<script type=\"application\/ld+json\" class=\"yoast-schema-graph\">{\"@context\":\"https:\\\/\\\/schema.org\",\"@graph\":[{\"@type\":\"WebPage\",\"@id\":\"https:\\\/\\\/restaurantecocinadelpuerto.es\\\/it\\\/avviso-legale\\\/\",\"url\":\"https:\\\/\\\/restaurantecocinadelpuerto.es\\\/it\\\/avviso-legale\\\/\",\"name\":\"Avviso Legale &#062; Restaurante Cocina del Puerto\",\"isPartOf\":{\"@id\":\"https:\\\/\\\/restaurantecocinadelpuerto.es\\\/#website\"},\"primaryImageOfPage\":{\"@id\":\"https:\\\/\\\/restaurantecocinadelpuerto.es\\\/it\\\/avviso-legale\\\/#primaryimage\"},\"image\":{\"@id\":\"https:\\\/\\\/restaurantecocinadelpuerto.es\\\/it\\\/avviso-legale\\\/#primaryimage\"},\"thumbnailUrl\":\"https:\\\/\\\/restaurantecocinadelpuerto.es\\\/wp-content\\\/uploads\\\/2018\\\/06\\\/logo-restaurante-cocina-del-puerto-300x190.png\",\"datePublished\":\"2023-10-30T07:17:36+00:00\",\"dateModified\":\"2023-12-15T10:33:17+00:00\",\"breadcrumb\":{\"@id\":\"https:\\\/\\\/restaurantecocinadelpuerto.es\\\/it\\\/avviso-legale\\\/#breadcrumb\"},\"inLanguage\":\"it-IT\",\"potentialAction\":[{\"@type\":\"ReadAction\",\"target\":[\"https:\\\/\\\/restaurantecocinadelpuerto.es\\\/it\\\/avviso-legale\\\/\"]}]},{\"@type\":\"ImageObject\",\"inLanguage\":\"it-IT\",\"@id\":\"https:\\\/\\\/restaurantecocinadelpuerto.es\\\/it\\\/avviso-legale\\\/#primaryimage\",\"url\":\"https:\\\/\\\/restaurantecocinadelpuerto.es\\\/wp-content\\\/uploads\\\/2018\\\/06\\\/logo-restaurante-cocina-del-puerto-300x190.png\",\"contentUrl\":\"https:\\\/\\\/restaurantecocinadelpuerto.es\\\/wp-content\\\/uploads\\\/2018\\\/06\\\/logo-restaurante-cocina-del-puerto-300x190.png\"},{\"@type\":\"BreadcrumbList\",\"@id\":\"https:\\\/\\\/restaurantecocinadelpuerto.es\\\/it\\\/avviso-legale\\\/#breadcrumb\",\"itemListElement\":[{\"@type\":\"ListItem\",\"position\":1,\"name\":\"Restaurante Cocina del Puerto\",\"item\":\"https:\\\/\\\/restaurantecocinadelpuerto.es\\\/it\\\/\"},{\"@type\":\"ListItem\",\"position\":2,\"name\":\"Avviso Legale\"}]},{\"@type\":\"WebSite\",\"@id\":\"https:\\\/\\\/restaurantecocinadelpuerto.es\\\/#website\",\"url\":\"https:\\\/\\\/restaurantecocinadelpuerto.es\\\/\",\"name\":\"Restaurante Cocina del Puerto\",\"description\":\"Cocina del Puerto\",\"publisher\":{\"@id\":\"https:\\\/\\\/restaurantecocinadelpuerto.es\\\/#organization\"},\"alternateName\":\"Cocina del Puerto\",\"potentialAction\":[{\"@type\":\"SearchAction\",\"target\":{\"@type\":\"EntryPoint\",\"urlTemplate\":\"https:\\\/\\\/restaurantecocinadelpuerto.es\\\/?s={search_term_string}\"},\"query-input\":{\"@type\":\"PropertyValueSpecification\",\"valueRequired\":true,\"valueName\":\"search_term_string\"}}],\"inLanguage\":\"it-IT\"},{\"@type\":\"Organization\",\"@id\":\"https:\\\/\\\/restaurantecocinadelpuerto.es\\\/#organization\",\"name\":\"Restaurante Cocina del Puerto\",\"url\":\"https:\\\/\\\/restaurantecocinadelpuerto.es\\\/\",\"logo\":{\"@type\":\"ImageObject\",\"inLanguage\":\"it-IT\",\"@id\":\"https:\\\/\\\/restaurantecocinadelpuerto.es\\\/#\\\/schema\\\/logo\\\/image\\\/\",\"url\":\"https:\\\/\\\/restaurantecocinadelpuerto.es\\\/wp-content\\\/uploads\\\/2022\\\/10\\\/restaurantecocinadelpuerto-logo.png\",\"contentUrl\":\"https:\\\/\\\/restaurantecocinadelpuerto.es\\\/wp-content\\\/uploads\\\/2022\\\/10\\\/restaurantecocinadelpuerto-logo.png\",\"width\":174,\"height\":60,\"caption\":\"Restaurante Cocina del Puerto\"},\"image\":{\"@id\":\"https:\\\/\\\/restaurantecocinadelpuerto.es\\\/#\\\/schema\\\/logo\\\/image\\\/\"},\"sameAs\":[\"https:\\\/\\\/www.facebook.com\\\/restaurantecocinadelpuerto\\\/\",\"https:\\\/\\\/www.instagram.com\\\/cocinadelpuerto\\\/\",\"https:\\\/\\\/www.tripadvisor.es\\\/Restaurant_Review-g652121-d15115020-Reviews-Restaurante_Cocina_del_Puerto-Playa_Blanca_Lanzarote_Canary_Islands.html\"]}]}<\/script>\n<!-- \/ Yoast SEO plugin. -->","yoast_head_json":{"title":"Avviso Legale &#062; Restaurante Cocina del Puerto","robots":{"index":"noindex","follow":"nofollow"},"og_locale":"it_IT","og_type":"article","og_title":"Avviso Legale &#062; Restaurante Cocina del Puerto","og_url":"https:\/\/restaurantecocinadelpuerto.es\/it\/avviso-legale\/","og_site_name":"Restaurante Cocina del Puerto","article_publisher":"https:\/\/www.facebook.com\/restaurantecocinadelpuerto\/","article_modified_time":"2023-12-15T10:33:17+00:00","og_image":[{"url":"https:\/\/restaurantecocinadelpuerto.es\/wp-content\/uploads\/2018\/06\/logo-restaurante-cocina-del-puerto-300x190.png","type":"","width":"","height":""}],"twitter_card":"summary_large_image","twitter_misc":{"Tempo di lettura stimato":"7 minuti"},"schema":{"@context":"https:\/\/schema.org","@graph":[{"@type":"WebPage","@id":"https:\/\/restaurantecocinadelpuerto.es\/it\/avviso-legale\/","url":"https:\/\/restaurantecocinadelpuerto.es\/it\/avviso-legale\/","name":"Avviso Legale &#062; Restaurante Cocina del Puerto","isPartOf":{"@id":"https:\/\/restaurantecocinadelpuerto.es\/#website"},"primaryImageOfPage":{"@id":"https:\/\/restaurantecocinadelpuerto.es\/it\/avviso-legale\/#primaryimage"},"image":{"@id":"https:\/\/restaurantecocinadelpuerto.es\/it\/avviso-legale\/#primaryimage"},"thumbnailUrl":"https:\/\/restaurantecocinadelpuerto.es\/wp-content\/uploads\/2018\/06\/logo-restaurante-cocina-del-puerto-300x190.png","datePublished":"2023-10-30T07:17:36+00:00","dateModified":"2023-12-15T10:33:17+00:00","breadcrumb":{"@id":"https:\/\/restaurantecocinadelpuerto.es\/it\/avviso-legale\/#breadcrumb"},"inLanguage":"it-IT","potentialAction":[{"@type":"ReadAction","target":["https:\/\/restaurantecocinadelpuerto.es\/it\/avviso-legale\/"]}]},{"@type":"ImageObject","inLanguage":"it-IT","@id":"https:\/\/restaurantecocinadelpuerto.es\/it\/avviso-legale\/#primaryimage","url":"https:\/\/restaurantecocinadelpuerto.es\/wp-content\/uploads\/2018\/06\/logo-restaurante-cocina-del-puerto-300x190.png","contentUrl":"https:\/\/restaurantecocinadelpuerto.es\/wp-content\/uploads\/2018\/06\/logo-restaurante-cocina-del-puerto-300x190.png"},{"@type":"BreadcrumbList","@id":"https:\/\/restaurantecocinadelpuerto.es\/it\/avviso-legale\/#breadcrumb","itemListElement":[{"@type":"ListItem","position":1,"name":"Restaurante Cocina del Puerto","item":"https:\/\/restaurantecocinadelpuerto.es\/it\/"},{"@type":"ListItem","position":2,"name":"Avviso Legale"}]},{"@type":"WebSite","@id":"https:\/\/restaurantecocinadelpuerto.es\/#website","url":"https:\/\/restaurantecocinadelpuerto.es\/","name":"Restaurante Cocina del Puerto","description":"Cocina del Puerto","publisher":{"@id":"https:\/\/restaurantecocinadelpuerto.es\/#organization"},"alternateName":"Cocina del Puerto","potentialAction":[{"@type":"SearchAction","target":{"@type":"EntryPoint","urlTemplate":"https:\/\/restaurantecocinadelpuerto.es\/?s={search_term_string}"},"query-input":{"@type":"PropertyValueSpecification","valueRequired":true,"valueName":"search_term_string"}}],"inLanguage":"it-IT"},{"@type":"Organization","@id":"https:\/\/restaurantecocinadelpuerto.es\/#organization","name":"Restaurante Cocina del Puerto","url":"https:\/\/restaurantecocinadelpuerto.es\/","logo":{"@type":"ImageObject","inLanguage":"it-IT","@id":"https:\/\/restaurantecocinadelpuerto.es\/#\/schema\/logo\/image\/","url":"https:\/\/restaurantecocinadelpuerto.es\/wp-content\/uploads\/2022\/10\/restaurantecocinadelpuerto-logo.png","contentUrl":"https:\/\/restaurantecocinadelpuerto.es\/wp-content\/uploads\/2022\/10\/restaurantecocinadelpuerto-logo.png","width":174,"height":60,"caption":"Restaurante Cocina del Puerto"},"image":{"@id":"https:\/\/restaurantecocinadelpuerto.es\/#\/schema\/logo\/image\/"},"sameAs":["https:\/\/www.facebook.com\/restaurantecocinadelpuerto\/","https:\/\/www.instagram.com\/cocinadelpuerto\/","https:\/\/www.tripadvisor.es\/Restaurant_Review-g652121-d15115020-Reviews-Restaurante_Cocina_del_Puerto-Playa_Blanca_Lanzarote_Canary_Islands.html"]}]}},"_links":{"self":[{"href":"https:\/\/restaurantecocinadelpuerto.es\/it\/wp-json\/wp\/v2\/pages\/2005","targetHints":{"allow":["GET"]}}],"collection":[{"href":"https:\/\/restaurantecocinadelpuerto.es\/it\/wp-json\/wp\/v2\/pages"}],"about":[{"href":"https:\/\/restaurantecocinadelpuerto.es\/it\/wp-json\/wp\/v2\/types\/page"}],"author":[{"embeddable":true,"href":"https:\/\/restaurantecocinadelpuerto.es\/it\/wp-json\/wp\/v2\/users\/1"}],"replies":[{"embeddable":true,"href":"https:\/\/restaurantecocinadelpuerto.es\/it\/wp-json\/wp\/v2\/comments?post=2005"}],"version-history":[{"count":2,"href":"https:\/\/restaurantecocinadelpuerto.es\/it\/wp-json\/wp\/v2\/pages\/2005\/revisions"}],"predecessor-version":[{"id":2015,"href":"https:\/\/restaurantecocinadelpuerto.es\/it\/wp-json\/wp\/v2\/pages\/2005\/revisions\/2015"}],"wp:attachment":[{"href":"https:\/\/restaurantecocinadelpuerto.es\/it\/wp-json\/wp\/v2\/media?parent=2005"}],"curies":[{"name":"wp","href":"https:\/\/api.w.org\/{rel}","templated":true}]}}