{"id":2044,"date":"2022-07-18T10:37:18","date_gmt":"2022-07-18T10:37:18","guid":{"rendered":"https:\/\/restaurantecocinadelpuerto.es\/politica-de-privacidad\/"},"modified":"2023-12-15T11:10:45","modified_gmt":"2023-12-15T11:10:45","slug":"politica-de-privacidad","status":"publish","type":"page","link":"https:\/\/restaurantecocinadelpuerto.es\/fr\/politica-de-privacidad\/","title":{"rendered":"Politique de confidentialit\u00e9"},"content":{"rendered":"\n<div style=\"height:80px\" aria-hidden=\"true\" class=\"wp-block-spacer\"><\/div>\n\n\n\n<h2 class=\"wp-block-heading\"><br>Politique de confidentialit\u00e9<\/h2>\n\n\n\n<p>Le contenu de la politique de confidentialit\u00e9, en conformit\u00e9 avec le R\u00e8glement g\u00e9n\u00e9ral sur la protection des donn\u00e9es (RGPD) (UE) 2016\/679 du Parlement europ\u00e9en et du Conseil du 27 avril 2016, ainsi qu&rsquo;avec la loi organique 3\/2018 du 5 d\u00e9cembre sur la protection des donn\u00e9es personnelles et la garantie des droits num\u00e9riques, nous vous informons que :<\/p>\n\n\n\n<p>La soci\u00e9t\u00e9 propri\u00e9taire de ce domaine et le responsable du traitement des donn\u00e9es pour le site restaurantecocinadelpuerto.es est Melsanta 41 SRL, ayant son si\u00e8ge \u00e0 Calle Chinchorro 11, 35580 Playa Blanca \u2013 Yaiza \u2013 Lanzarote, num\u00e9ro de TVA : CIF B76317742.<\/p>\n\n\n\n<p>Courriel de protection des donn\u00e9es : <a href=\"mailto:info@restaurantecocinadelpuerto.es\">info@restaurantecocinadelpuerto.es<\/a><\/p>\n\n\n\n<p>Le responsable du traitement, restaurantecocinadelpuerto.es, traite vos donn\u00e9es pour g\u00e9rer la collecte d&rsquo;informations via nos formulaires. Dans les formulaires de contact sur le site, o\u00f9 des donn\u00e9es personnelles sont collect\u00e9es, l&rsquo;utilisateur doit consentir express\u00e9ment, avant l&rsquo;envoi, \u00e0 l&rsquo;acceptation et \u00e0 la connaissance de la politique de confidentialit\u00e9 en cochant la case \u00ab\u00a0J&rsquo;ai lu et j&rsquo;accepte la politique de confidentialit\u00e9\u00a0\u00bb. Le contenu de la politique peut \u00eatre consult\u00e9 via le lien joint \u00e0 cet avis juridique. Si la case n&rsquo;est pas coch\u00e9e par l&rsquo;utilisateur, les donn\u00e9es contenues dans ces formulaires ne seront pas soumises. Je comprends que je donne ma permission pour l&rsquo;utilisation et le traitement de mes donn\u00e9es personnelles, ainsi que des informations demand\u00e9es ou contract\u00e9es.<\/p>\n\n\n\n<p>La base l\u00e9gale du traitement de vos donn\u00e9es est le consentement que vous avez fourni, et ce consentement peut \u00eatre r\u00e9voqu\u00e9 \u00e0 tout moment par vous ou votre repr\u00e9sentant l\u00e9gal. Nous conserverons vos donn\u00e9es strictement le temps n\u00e9cessaire pour r\u00e9pondre aux exigences l\u00e9gales.<\/p>\n\n\n\n<p>Les donn\u00e9es ne seront pas transf\u00e9r\u00e9es \u00e0 des tiers, sauf en cas d&rsquo;obligation l\u00e9gale. Les transferts de donn\u00e9es vers des pays tiers ne sont pas pr\u00e9vus.<\/p>\n\n\n\n<p>Vous pouvez exercer vos droits d&rsquo;acc\u00e8s, de rectification, de suppression et de portabilit\u00e9 de vos donn\u00e9es, ainsi que la limitation ou l&rsquo;opposition \u00e0 leur traitement, par le biais du courriel <a href=\"mailto:info@restaurantecocinadelpuerto.es\">info@restaurantecocinadelpuerto.es<\/a> ou par courrier \u00e0 l&rsquo;adresse Calle Chinchorro 11, 35580 Playa Blanca \u2013 Yaiza \u2013 Lanzarote. De m\u00eame, vous avez le droit de d\u00e9poser une plainte aupr\u00e8s de l&rsquo;autorit\u00e9 de contr\u00f4le sur <a href=\"http:\/\/www.aepd.es\/\">www.aepd.es<\/a>. Vos donn\u00e9es ont \u00e9t\u00e9 directement fournies par vous via le site web, et nous traitons vos donn\u00e9es d&rsquo;identification, adresse postale, adresse \u00e9lectronique et informations commerciales li\u00e9es \u00e0 nos services demand\u00e9s.<\/p>\n","protected":false},"excerpt":{"rendered":"<p>Politique de confidentialit\u00e9 Le contenu de la politique de confidentialit\u00e9, en conformit\u00e9 avec le R\u00e8glement g\u00e9n\u00e9ral sur la protection des donn\u00e9es (RGPD) (UE) 2016\/679 du Parlement europ\u00e9en et du Conseil du 27 avril 2016, ainsi qu&rsquo;avec la loi organique 3\/2018 du 5 d\u00e9cembre sur la protection des donn\u00e9es personnelles et la garantie des droits num\u00e9riques, [&hellip;]<\/p>\n","protected":false},"author":1,"featured_media":0,"parent":0,"menu_order":0,"comment_status":"closed","ping_status":"closed","template":"","meta":{"footnotes":""},"class_list":["post-2044","page","type-page","status-publish","hentry"],"blocksy_meta":[],"yoast_head":"<!-- This site is optimized with the Yoast SEO plugin v27.4 - https:\/\/yoast.com\/product\/yoast-seo-wordpress\/ -->\n<title>Politique de confidentialit\u00e9 &#062; Restaurante Cocina del Puerto<\/title>\n<meta name=\"robots\" content=\"noindex, nofollow\" \/>\n<meta property=\"og:locale\" content=\"fr_FR\" \/>\n<meta property=\"og:type\" content=\"article\" \/>\n<meta property=\"og:title\" content=\"Politique de confidentialit\u00e9 &#062; Restaurante Cocina del Puerto\" \/>\n<meta property=\"og:description\" content=\"Politique de confidentialit\u00e9 Le contenu de la politique de confidentialit\u00e9, en conformit\u00e9 avec le R\u00e8glement g\u00e9n\u00e9ral sur la protection des donn\u00e9es (RGPD) (UE) 2016\/679 du Parlement europ\u00e9en et du Conseil du 27 avril 2016, ainsi qu&rsquo;avec la loi organique 3\/2018 du 5 d\u00e9cembre sur la protection des donn\u00e9es personnelles et la garantie des droits num\u00e9riques, [&hellip;]\" \/>\n<meta property=\"og:url\" content=\"https:\/\/restaurantecocinadelpuerto.es\/fr\/politica-de-privacidad\/\" \/>\n<meta property=\"og:site_name\" content=\"Restaurante Cocina del Puerto\" \/>\n<meta property=\"article:publisher\" content=\"https:\/\/www.facebook.com\/restaurantecocinadelpuerto\/\" \/>\n<meta property=\"article:modified_time\" content=\"2023-12-15T11:10:45+00:00\" \/>\n<meta property=\"og:image\" content=\"https:\/\/restaurantecocinadelpuerto.es\/wp-content\/uploads\/2023\/12\/restarurante-cocina-del-puerto-en-lanzarote.jpeg\" \/>\n\t<meta property=\"og:image:width\" content=\"1200\" \/>\n\t<meta property=\"og:image:height\" content=\"675\" \/>\n\t<meta property=\"og:image:type\" content=\"image\/jpeg\" \/>\n<meta name=\"twitter:card\" content=\"summary_large_image\" \/>\n<meta name=\"twitter:label1\" content=\"Dur\u00e9e de lecture estim\u00e9e\" \/>\n\t<meta name=\"twitter:data1\" content=\"2 minutes\" \/>\n<script type=\"application\/ld+json\" class=\"yoast-schema-graph\">{\"@context\":\"https:\\\/\\\/schema.org\",\"@graph\":[{\"@type\":\"WebPage\",\"@id\":\"https:\\\/\\\/restaurantecocinadelpuerto.es\\\/fr\\\/politica-de-privacidad\\\/\",\"url\":\"https:\\\/\\\/restaurantecocinadelpuerto.es\\\/fr\\\/politica-de-privacidad\\\/\",\"name\":\"Politique de confidentialit\u00e9 &#062; Restaurante Cocina del Puerto\",\"isPartOf\":{\"@id\":\"https:\\\/\\\/restaurantecocinadelpuerto.es\\\/#website\"},\"datePublished\":\"2022-07-18T10:37:18+00:00\",\"dateModified\":\"2023-12-15T11:10:45+00:00\",\"breadcrumb\":{\"@id\":\"https:\\\/\\\/restaurantecocinadelpuerto.es\\\/fr\\\/politica-de-privacidad\\\/#breadcrumb\"},\"inLanguage\":\"fr-FR\",\"potentialAction\":[{\"@type\":\"ReadAction\",\"target\":[\"https:\\\/\\\/restaurantecocinadelpuerto.es\\\/fr\\\/politica-de-privacidad\\\/\"]}]},{\"@type\":\"BreadcrumbList\",\"@id\":\"https:\\\/\\\/restaurantecocinadelpuerto.es\\\/fr\\\/politica-de-privacidad\\\/#breadcrumb\",\"itemListElement\":[{\"@type\":\"ListItem\",\"position\":1,\"name\":\"Restaurante Cocina del Puerto\",\"item\":\"https:\\\/\\\/restaurantecocinadelpuerto.es\\\/fr\\\/\"},{\"@type\":\"ListItem\",\"position\":2,\"name\":\"Politique de confidentialit\u00e9\"}]},{\"@type\":\"WebSite\",\"@id\":\"https:\\\/\\\/restaurantecocinadelpuerto.es\\\/#website\",\"url\":\"https:\\\/\\\/restaurantecocinadelpuerto.es\\\/\",\"name\":\"Restaurante Cocina del Puerto\",\"description\":\"Cocina del Puerto\",\"publisher\":{\"@id\":\"https:\\\/\\\/restaurantecocinadelpuerto.es\\\/#organization\"},\"alternateName\":\"Cocina del Puerto\",\"potentialAction\":[{\"@type\":\"SearchAction\",\"target\":{\"@type\":\"EntryPoint\",\"urlTemplate\":\"https:\\\/\\\/restaurantecocinadelpuerto.es\\\/?s={search_term_string}\"},\"query-input\":{\"@type\":\"PropertyValueSpecification\",\"valueRequired\":true,\"valueName\":\"search_term_string\"}}],\"inLanguage\":\"fr-FR\"},{\"@type\":\"Organization\",\"@id\":\"https:\\\/\\\/restaurantecocinadelpuerto.es\\\/#organization\",\"name\":\"Restaurante Cocina del Puerto\",\"url\":\"https:\\\/\\\/restaurantecocinadelpuerto.es\\\/\",\"logo\":{\"@type\":\"ImageObject\",\"inLanguage\":\"fr-FR\",\"@id\":\"https:\\\/\\\/restaurantecocinadelpuerto.es\\\/#\\\/schema\\\/logo\\\/image\\\/\",\"url\":\"https:\\\/\\\/restaurantecocinadelpuerto.es\\\/wp-content\\\/uploads\\\/2022\\\/10\\\/restaurantecocinadelpuerto-logo.png\",\"contentUrl\":\"https:\\\/\\\/restaurantecocinadelpuerto.es\\\/wp-content\\\/uploads\\\/2022\\\/10\\\/restaurantecocinadelpuerto-logo.png\",\"width\":174,\"height\":60,\"caption\":\"Restaurante Cocina del Puerto\"},\"image\":{\"@id\":\"https:\\\/\\\/restaurantecocinadelpuerto.es\\\/#\\\/schema\\\/logo\\\/image\\\/\"},\"sameAs\":[\"https:\\\/\\\/www.facebook.com\\\/restaurantecocinadelpuerto\\\/\",\"https:\\\/\\\/www.instagram.com\\\/cocinadelpuerto\\\/\",\"https:\\\/\\\/www.tripadvisor.es\\\/Restaurant_Review-g652121-d15115020-Reviews-Restaurante_Cocina_del_Puerto-Playa_Blanca_Lanzarote_Canary_Islands.html\"]}]}<\/script>\n<!-- \/ Yoast SEO plugin. -->","yoast_head_json":{"title":"Politique de confidentialit\u00e9 &#062; Restaurante Cocina del Puerto","robots":{"index":"noindex","follow":"nofollow"},"og_locale":"fr_FR","og_type":"article","og_title":"Politique de confidentialit\u00e9 &#062; Restaurante Cocina del Puerto","og_description":"Politique de confidentialit\u00e9 Le contenu de la politique de confidentialit\u00e9, en conformit\u00e9 avec le R\u00e8glement g\u00e9n\u00e9ral sur la protection des donn\u00e9es (RGPD) (UE) 2016\/679 du Parlement europ\u00e9en et du Conseil du 27 avril 2016, ainsi qu&rsquo;avec la loi organique 3\/2018 du 5 d\u00e9cembre sur la protection des donn\u00e9es personnelles et la garantie des droits num\u00e9riques, [&hellip;]","og_url":"https:\/\/restaurantecocinadelpuerto.es\/fr\/politica-de-privacidad\/","og_site_name":"Restaurante Cocina del Puerto","article_publisher":"https:\/\/www.facebook.com\/restaurantecocinadelpuerto\/","article_modified_time":"2023-12-15T11:10:45+00:00","og_image":[{"width":1200,"height":675,"url":"https:\/\/restaurantecocinadelpuerto.es\/wp-content\/uploads\/2023\/12\/restarurante-cocina-del-puerto-en-lanzarote.jpeg","type":"image\/jpeg"}],"twitter_card":"summary_large_image","twitter_misc":{"Dur\u00e9e de lecture estim\u00e9e":"2 minutes"},"schema":{"@context":"https:\/\/schema.org","@graph":[{"@type":"WebPage","@id":"https:\/\/restaurantecocinadelpuerto.es\/fr\/politica-de-privacidad\/","url":"https:\/\/restaurantecocinadelpuerto.es\/fr\/politica-de-privacidad\/","name":"Politique de confidentialit\u00e9 &#062; Restaurante Cocina del Puerto","isPartOf":{"@id":"https:\/\/restaurantecocinadelpuerto.es\/#website"},"datePublished":"2022-07-18T10:37:18+00:00","dateModified":"2023-12-15T11:10:45+00:00","breadcrumb":{"@id":"https:\/\/restaurantecocinadelpuerto.es\/fr\/politica-de-privacidad\/#breadcrumb"},"inLanguage":"fr-FR","potentialAction":[{"@type":"ReadAction","target":["https:\/\/restaurantecocinadelpuerto.es\/fr\/politica-de-privacidad\/"]}]},{"@type":"BreadcrumbList","@id":"https:\/\/restaurantecocinadelpuerto.es\/fr\/politica-de-privacidad\/#breadcrumb","itemListElement":[{"@type":"ListItem","position":1,"name":"Restaurante Cocina del Puerto","item":"https:\/\/restaurantecocinadelpuerto.es\/fr\/"},{"@type":"ListItem","position":2,"name":"Politique de confidentialit\u00e9"}]},{"@type":"WebSite","@id":"https:\/\/restaurantecocinadelpuerto.es\/#website","url":"https:\/\/restaurantecocinadelpuerto.es\/","name":"Restaurante Cocina del Puerto","description":"Cocina del Puerto","publisher":{"@id":"https:\/\/restaurantecocinadelpuerto.es\/#organization"},"alternateName":"Cocina del Puerto","potentialAction":[{"@type":"SearchAction","target":{"@type":"EntryPoint","urlTemplate":"https:\/\/restaurantecocinadelpuerto.es\/?s={search_term_string}"},"query-input":{"@type":"PropertyValueSpecification","valueRequired":true,"valueName":"search_term_string"}}],"inLanguage":"fr-FR"},{"@type":"Organization","@id":"https:\/\/restaurantecocinadelpuerto.es\/#organization","name":"Restaurante Cocina del Puerto","url":"https:\/\/restaurantecocinadelpuerto.es\/","logo":{"@type":"ImageObject","inLanguage":"fr-FR","@id":"https:\/\/restaurantecocinadelpuerto.es\/#\/schema\/logo\/image\/","url":"https:\/\/restaurantecocinadelpuerto.es\/wp-content\/uploads\/2022\/10\/restaurantecocinadelpuerto-logo.png","contentUrl":"https:\/\/restaurantecocinadelpuerto.es\/wp-content\/uploads\/2022\/10\/restaurantecocinadelpuerto-logo.png","width":174,"height":60,"caption":"Restaurante Cocina del Puerto"},"image":{"@id":"https:\/\/restaurantecocinadelpuerto.es\/#\/schema\/logo\/image\/"},"sameAs":["https:\/\/www.facebook.com\/restaurantecocinadelpuerto\/","https:\/\/www.instagram.com\/cocinadelpuerto\/","https:\/\/www.tripadvisor.es\/Restaurant_Review-g652121-d15115020-Reviews-Restaurante_Cocina_del_Puerto-Playa_Blanca_Lanzarote_Canary_Islands.html"]}]}},"_links":{"self":[{"href":"https:\/\/restaurantecocinadelpuerto.es\/fr\/wp-json\/wp\/v2\/pages\/2044","targetHints":{"allow":["GET"]}}],"collection":[{"href":"https:\/\/restaurantecocinadelpuerto.es\/fr\/wp-json\/wp\/v2\/pages"}],"about":[{"href":"https:\/\/restaurantecocinadelpuerto.es\/fr\/wp-json\/wp\/v2\/types\/page"}],"author":[{"embeddable":true,"href":"https:\/\/restaurantecocinadelpuerto.es\/fr\/wp-json\/wp\/v2\/users\/1"}],"replies":[{"embeddable":true,"href":"https:\/\/restaurantecocinadelpuerto.es\/fr\/wp-json\/wp\/v2\/comments?post=2044"}],"version-history":[{"count":2,"href":"https:\/\/restaurantecocinadelpuerto.es\/fr\/wp-json\/wp\/v2\/pages\/2044\/revisions"}],"predecessor-version":[{"id":2053,"href":"https:\/\/restaurantecocinadelpuerto.es\/fr\/wp-json\/wp\/v2\/pages\/2044\/revisions\/2053"}],"wp:attachment":[{"href":"https:\/\/restaurantecocinadelpuerto.es\/fr\/wp-json\/wp\/v2\/media?parent=2044"}],"curies":[{"name":"wp","href":"https:\/\/api.w.org\/{rel}","templated":true}]}}