{"id":2017,"date":"2023-10-30T07:18:31","date_gmt":"2023-10-30T07:18:31","guid":{"rendered":"https:\/\/restaurantecocinadelpuerto.es\/politica-de-cookies\/"},"modified":"2023-12-15T10:56:55","modified_gmt":"2023-12-15T10:56:55","slug":"politica-de-cookies","status":"publish","type":"page","link":"https:\/\/restaurantecocinadelpuerto.es\/fr\/politica-de-cookies\/","title":{"rendered":"Politique de Cookies"},"content":{"rendered":"\n<div style=\"height:65px\" aria-hidden=\"true\" class=\"wp-block-spacer\"><\/div>\n\n\n\n<h2 class=\"wp-block-heading\">Politique de Cookies<\/h2>\n\n\n\n<p>Objet : La pr\u00e9sente Politique des Cookies fait partie int\u00e9grante des Conditions d&rsquo;Utilisation et de la Politique de Confidentialit\u00e9 du site web restaurantecocinadelpuerto.es (ci-apr\u00e8s, le \u00ab\u00a0Site Web\u00a0\u00bb ou la \u00ab\u00a0Page Web\u00a0\u00bb). L&rsquo;acc\u00e8s et la navigation sur le Site Web, ou l&rsquo;utilisation de ses services, impliquent l&rsquo;acceptation des termes et conditions \u00e9nonc\u00e9s dans les Conditions d&rsquo;Utilisation ainsi que dans la Politique de Confidentialit\u00e9, et en son sein, dans la Politique de Cookies.<\/p>\n\n\n\n<p>Afin de faciliter votre navigation sur le Site Web, le titulaire de celui-ci, domicili\u00e9 au Calle Chinchorro 11, 35580 Playa Blanca \u2013 Yaiza \u2013 Lanzarote, vous informe qu&rsquo;il utilise des cookies ou des dispositifs de Stockage et de R\u00e9cup\u00e9ration de Donn\u00e9es (DARD) ou d&rsquo;autres fichiers de fonctionnalit\u00e9 similaire (ci-apr\u00e8s, les \u00ab\u00a0cookies\u00a0\u00bb).<\/p>\n\n\n\n<p>Dans ce contexte et dans le but de fournir \u00e0 l&rsquo;utilisateur toutes les informations n\u00e9cessaires \u00e0 une navigation correcte, nous mettons \u00e0 la disposition de l&rsquo;utilisateur le texte informatif suivant sur ce que sont les cookies, les diff\u00e9rents types de cookies pr\u00e9sents sur notre Page Web, et comment les configurer ou les d\u00e9sactiver.<\/p>\n\n\n\n<p><strong>Qu&rsquo;est-ce que les Cookies ?<\/strong> Actuellement, la plupart des sites Web, quel que soit le service qu&rsquo;ils fournissent, utilisent des cookies, c&rsquo;est-\u00e0-dire qu&rsquo;ils stockent des informations minimales sur l&rsquo;utilisation ou la navigation effectu\u00e9e par l&rsquo;utilisateur sur le site Web. Un cookie peut \u00eatre d\u00e9fini comme un petit fichier texte ou un dispositif largement utilis\u00e9 qui est t\u00e9l\u00e9charg\u00e9 sur l&rsquo;ordinateur de l&rsquo;utilisateur lorsqu&rsquo;il navigue sur des pages Web dans le but de stocker des donn\u00e9es qui peuvent \u00eatre mises \u00e0 jour et r\u00e9cup\u00e9r\u00e9es par l&rsquo;entit\u00e9 responsable de son installation pour faciliter la navigation et l&rsquo;exp\u00e9rience utilisateur.<\/p>\n\n\n\n<p>Conform\u00e9ment au consid\u00e9rant 30 du RGPD, les personnes physiques peuvent \u00eatre associ\u00e9es \u00e0 des identifiants en ligne fournis par leurs appareils, applications, outils et protocoles, tels que les adresses des protocoles Internet, les identifiants de session sous forme de \u00ab\u00a0cookies\u00a0\u00bb ou d&rsquo;autres identifiants ayant des finalit\u00e9s similaires. Cela peut laisser des traces qui, notamment lorsqu&rsquo;elles sont combin\u00e9es \u00e0 des identifiants uniques et \u00e0 d&rsquo;autres donn\u00e9es re\u00e7ues par les serveurs, peuvent \u00eatre utilis\u00e9es pour \u00e9tablir des profils des personnes physiques et les identifier. Pour cette raison, le titulaire du site dispose d&rsquo;une politique de cookies conforme \u00e0 la r\u00e9glementation applicable.<\/p>\n\n\n\n<p>En g\u00e9n\u00e9ral, lorsque l&rsquo;installation et\/ou l&rsquo;utilisation de cookies impliquent le traitement de donn\u00e9es personnelles, qu&rsquo;il s&rsquo;agisse de cookies propres ou de tiers, de session ou persistants, le responsable du traitement fournira les informations n\u00e9cessaires dans ce domaine et recueillera le consentement \u00e9clair\u00e9 pr\u00e9alable de l&rsquo;utilisateur pour installer et\/ou utiliser ces cookies, sauf dans le cas o\u00f9 l&rsquo;installation de cookies strictement n\u00e9cessaires serait n\u00e9cessaire. Seules sont exclues de ce consentement celles qui permettent exclusivement la communication entre l&rsquo;\u00e9quipement de l&rsquo;utilisateur et le r\u00e9seau, et strictement celles utilis\u00e9es pour fournir un service demand\u00e9 par l&rsquo;utilisateur. Par exemple, les \u00ab\u00a0cookies techniques\u00a0\u00bb (par exemple, n\u00e9cessaires \u00e0 la navigation sur la plateforme ou l&rsquo;application) ; \u00ab\u00a0ceux de personnalisation ou de configuration\u00a0\u00bb (par exemple, permettant \u00e0 la page de reconna\u00eetre la langue de l&rsquo;utilisateur, etc.) ; et \u00ab\u00a0ceux de s\u00e9curit\u00e9\u00a0\u00bb (par exemple, d\u00e9tecter les tentatives erron\u00e9es et r\u00e9p\u00e9t\u00e9es de connexion \u00e0 un site).<\/p>\n\n\n\n<p><strong>Types, Objectif et Fonctionnement des Cookies<\/strong><\/p>\n\n\n\n<ol class=\"wp-block-list\">\n<li>Selon l&rsquo;entit\u00e9 qui les g\u00e8re :\n<ul class=\"wp-block-list\">\n<li>Cookies propres : Ceux qui sont envoy\u00e9s \u00e0 votre appareil depuis l&rsquo;appareil ou les serveurs du titulaire du site et \u00e0 partir duquel nous fournissons le service que vous demandez.<\/li>\n\n\n\n<li>Cookies tiers : Ceux qui sont envoy\u00e9s \u00e0 votre appareil \u00e0 partir d&rsquo;un appareil ou d&rsquo;un domaine qui n&rsquo;est pas g\u00e9r\u00e9 par nous, mais par une autre entit\u00e9 collaboratrice ou partenaire. Par exemple, ceux utilis\u00e9s par les r\u00e9seaux sociaux ou par du contenu externe comme Google.<\/li>\n<\/ul>\n<\/li>\n\n\n\n<li>Selon la dur\u00e9e pendant laquelle ils restent activ\u00e9s :\n<ul class=\"wp-block-list\">\n<li>Cookies de session : Ce sont des cookies temporaires qui restent dans le fichier de cookies de votre navigateur jusqu&rsquo;\u00e0 ce que vous quittiez le site Web, de sorte qu&rsquo;aucun d&rsquo;entre eux ne soit enregistr\u00e9 sur le disque dur de votre ordinateur. Les informations obtenues par le biais de ces cookies servent \u00e0 analyser les mod\u00e8les de trafic sur le site Web. \u00c0 long terme, cela nous permet de fournir une meilleure exp\u00e9rience pour am\u00e9liorer le contenu et faciliter son utilisation.<\/li>\n\n\n\n<li>Cookies persistants : Ils sont stock\u00e9s sur le disque dur et notre site Web les lit \u00e0 chaque nouvelle visite. Un cookie permanent a une date d&rsquo;expiration d\u00e9termin\u00e9e. Le cookie cessera de fonctionner apr\u00e8s cette date. Nous utilisons g\u00e9n\u00e9ralement ces cookies pour faciliter les services d&rsquo;achat et d&rsquo;inscription.<\/li>\n<\/ul>\n<\/li>\n<\/ol>\n\n\n\n<p>3.3 Selon leur objectif :<\/p>\n\n\n\n<ul class=\"wp-block-list\">\n<li>Cookies techniques : N\u00e9cessaires \u00e0 la navigation et au bon fonctionnement de notre site Web. Ils permettent, par exemple, de contr\u00f4ler le trafic et la communication des donn\u00e9es, d&rsquo;acc\u00e9der \u00e0 des parties \u00e0 acc\u00e8s restreint, de r\u00e9aliser le processus d&rsquo;achat d&rsquo;une commande, d&rsquo;utiliser des \u00e9l\u00e9ments de s\u00e9curit\u00e9, de stocker du contenu pour diffuser des vid\u00e9os ou de partager du contenu via les r\u00e9seaux sociaux.<\/li>\n\n\n\n<li>Cookies de personnalisation : Ceux qui vous permettent d&rsquo;acc\u00e9der au service avec des caract\u00e9ristiques pr\u00e9d\u00e9finies en fonction de certains crit\u00e8res, tels que la langue, le type de navigateur utilis\u00e9 pour acc\u00e9der au service, etc.<\/li>\n\n\n\n<li>Cookies d&rsquo;analyse : Ceux qui nous permettent de quantifier le nombre d&rsquo;utilisateurs et de r\u00e9aliser la mesure et l&rsquo;analyse statistiques de l&rsquo;utilisation que font les utilisateurs des services fournis. Pour ce faire, leur navigation sur notre site Web est analys\u00e9e afin d&rsquo;am\u00e9liorer l&rsquo;offre de produits et de services que nous proposons.<\/li>\n\n\n\n<li>Cookies publicitaires : Ceux qui permettent une gestion aussi efficace que possible des espaces publicitaires qui pourraient \u00eatre inclus sur notre site Web.<\/li>\n\n\n\n<li>Cookies de publicit\u00e9 comportementale : Ces cookies stockent des informations sur le comportement des utilisateurs obtenues par observation continue. Gr\u00e2ce \u00e0 eux, nous pouvons conna\u00eetre les habitudes de navigation sur Internet et vous montrer des publicit\u00e9s li\u00e9es \u00e0 votre profil de navigation.<\/li>\n<\/ul>\n\n\n\n<p><strong>Cookies utilis\u00e9s sur le site Web<\/strong><\/p>\n\n\n\n<p>L&rsquo;identification de qui utilise les cookies de ce site Web, ainsi que les d\u00e9tails de ces derniers, sont indiqu\u00e9s ci-dessous :<\/p>\n\n\n\n<p>Google Analytics : Collecte des informations sur la navigation des utilisateurs sur le site Web afin de conna\u00eetre l&rsquo;origine des visites et d&rsquo;autres donn\u00e9es similaires \u00e0 des fins statistiques, ainsi que, le cas \u00e9ch\u00e9ant, pour afficher des publicit\u00e9s aux utilisateurs en fonction de leurs pr\u00e9f\u00e9rences \u00e9tablies \u00e0 partir de leurs habitudes de navigation (par exemple, les pages visit\u00e9es).<\/p>\n\n\n\n<p><a href=\"https:\/\/developers.google.com\/analytics\/devguides\/collection\/analyticsjs\/cookie-usage\">Enlace a la Pol\u00edtica de Cookies de Google Analytics<\/a><\/p>\n\n\n\n<p><strong>Comment d\u00e9sactiver les cookies dans les navigateurs les plus utilis\u00e9s<\/strong><\/p>\n\n\n\n<p>Ils peuvent \u00eatre bloqu\u00e9s ou d\u00e9sactiv\u00e9s \u00e0 l&rsquo;aide des outils de configuration de votre navigateur. Le navigateur vous permet de refuser l&rsquo;installation de tous les cookies ou de choisir de n&rsquo;en refuser que certains. Nous vous indiquons les liens vers les outils des principaux navigateurs o\u00f9 vous pouvez obtenir des informations sur la d\u00e9sactivation des cookies.<\/p>\n\n\n\n<ul class=\"wp-block-list\">\n<li><a href=\"https:\/\/tools.google.com\/dlpage\/gaoptout?hl=fr\">D\u00e9sactivation ou suppression des cookies de Google Analytics<\/a><\/li>\n\n\n\n<li><a href=\"https:\/\/support.google.com\/accounts\/answer\/61416?co=GENIE.Platform%3DDesktop&amp;hl=fr\">Configurer les cookies sur Google Chrome<\/a><\/li>\n\n\n\n<li><a href=\"https:\/\/support.microsoft.com\/es-es\/help\/17442\/windows-internet-explorer-delete-manage-cookies\">Configurer les cookies sur Microsoft Internet Explorer<\/a><\/li>\n\n\n\n<li><a href=\"https:\/\/support.mozilla.org\/es\/kb\/habilitar-y-deshabilitar-cookies-sitios-web-rastrear-p\">Configurer les cookies sur Mozilla Firefox<\/a><\/li>\n\n\n\n<li><a href=\"https:\/\/support.apple.com\/es-es\/guide\/safari\/manage-cookies-and-website-data-sfri11471\/mac\">Configurer les cookies sur Safari (Apple)<\/a><\/li>\n<\/ul>\n\n\n\n<p><strong>Que se passe-t-il si vous d\u00e9sactivez les cookies ?<\/strong><\/p>\n\n\n\n<p>Si vous refusez les cookies, vous pourrez continuer \u00e0 utiliser notre site Web, mais il est possible que certains services et\/ou liens cessent de fonctionner, que vous ne puissiez pas d\u00e9marrer ou maintenir la session interactive avec les services du site Web, et que nous ne puissions pas obtenir de votre part des informations tr\u00e8s pr\u00e9cieuses pour vous offrir du contenu conforme \u00e0 vos int\u00e9r\u00eats et pour que vous puissiez acc\u00e9der facilement et rapidement aux informations qui vous int\u00e9ressent.<\/p>\n\n\n\n<p>Le titulaire du site ne assume aucune responsabilit\u00e9 pour les probl\u00e8mes juridiques ou techniques caus\u00e9s par le non-respect par tout utilisateur des recommandations incluses. Cette communication est faite pour la connaissance et l&rsquo;utilisation des utilisateurs, par cons\u00e9quent, elle ne doit pas \u00eatre utilis\u00e9e \u00e0 d&rsquo;autres fins.<\/p>\n\n\n\n<p>Nous vous informons \u00e9galement que nous ne pouvons pas \u00eatre tenus responsables du contenu et de la v\u00e9racit\u00e9 des politiques de confidentialit\u00e9 des tiers incluses dans cette politique de cookies.<\/p>\n\n\n\n<p><strong>Changements dans la politique de cookies<\/strong><\/p>\n\n\n\n<p>La pr\u00e9sente politique de cookies est la version 2.0, en vigueur depuis le 1er OCTOBRE 2020, et sur cette base, le titulaire du site peut modifier cette politique de cookies, soit en incorporant de nouveaux cookies n\u00e9cessaires pour de nouveaux contenus pouvant \u00eatre offerts, soit en fonction des exigences l\u00e9gislatives ou r\u00e9glementaires qui rendent son changement n\u00e9cessaire, il est donc conseill\u00e9 aux utilisateurs de la consulter p\u00e9riodiquement. De m\u00eame, le Site Web pourra informer les utilisateurs de mani\u00e8re personnelle et pr\u00e9alable des changements projet\u00e9s dans cette politique, avant son entr\u00e9e en vigueur, dans la mesure o\u00f9 cela serait techniquement et raisonnablement possible.<\/p>\n\n\n\n<p><strong>Exercice des droits en mati\u00e8re de Cookies<\/strong><\/p>\n\n\n\n<p>Vous pouvez conna\u00eetre et exercer vos droits en mati\u00e8re de protection des donn\u00e9es personnelles en consultant la Politique de Confidentialit\u00e9 de ce site Web. Si vous avez des doutes sur cette politique de cookies, vous pouvez nous contacter.<\/p>\n","protected":false},"excerpt":{"rendered":"<p>Politique de Cookies Objet : La pr\u00e9sente Politique des Cookies fait partie int\u00e9grante des Conditions d&rsquo;Utilisation et de la Politique de Confidentialit\u00e9 du site web restaurantecocinadelpuerto.es (ci-apr\u00e8s, le \u00ab\u00a0Site Web\u00a0\u00bb ou la \u00ab\u00a0Page Web\u00a0\u00bb). L&rsquo;acc\u00e8s et la navigation sur le Site Web, ou l&rsquo;utilisation de ses services, impliquent l&rsquo;acceptation des termes et conditions \u00e9nonc\u00e9s dans [&hellip;]<\/p>\n","protected":false},"author":1,"featured_media":0,"parent":0,"menu_order":0,"comment_status":"closed","ping_status":"closed","template":"","meta":{"footnotes":""},"class_list":["post-2017","page","type-page","status-publish","hentry"],"blocksy_meta":[],"yoast_head":"<!-- This site is optimized with the Yoast SEO plugin v27.5 - https:\/\/yoast.com\/product\/yoast-seo-wordpress\/ -->\n<title>Politique de Cookies &#062; Restaurante Cocina del Puerto<\/title>\n<meta name=\"robots\" content=\"noindex, nofollow\" \/>\n<meta property=\"og:locale\" content=\"fr_FR\" \/>\n<meta property=\"og:type\" content=\"article\" \/>\n<meta property=\"og:title\" content=\"Politique de Cookies &#062; Restaurante Cocina del Puerto\" \/>\n<meta property=\"og:description\" content=\"Politique de Cookies Objet : La pr\u00e9sente Politique des Cookies fait partie int\u00e9grante des Conditions d&rsquo;Utilisation et de la Politique de Confidentialit\u00e9 du site web restaurantecocinadelpuerto.es (ci-apr\u00e8s, le \u00ab\u00a0Site Web\u00a0\u00bb ou la \u00ab\u00a0Page Web\u00a0\u00bb). L&rsquo;acc\u00e8s et la navigation sur le Site Web, ou l&rsquo;utilisation de ses services, impliquent l&rsquo;acceptation des termes et conditions \u00e9nonc\u00e9s dans [&hellip;]\" \/>\n<meta property=\"og:url\" content=\"https:\/\/restaurantecocinadelpuerto.es\/fr\/politica-de-cookies\/\" \/>\n<meta property=\"og:site_name\" content=\"Restaurante Cocina del Puerto\" \/>\n<meta property=\"article:publisher\" content=\"https:\/\/www.facebook.com\/restaurantecocinadelpuerto\/\" \/>\n<meta property=\"article:modified_time\" content=\"2023-12-15T10:56:55+00:00\" \/>\n<meta property=\"og:image\" content=\"https:\/\/restaurantecocinadelpuerto.es\/wp-content\/uploads\/2023\/12\/restarurante-cocina-del-puerto-en-lanzarote.jpeg\" \/>\n\t<meta property=\"og:image:width\" content=\"1200\" \/>\n\t<meta property=\"og:image:height\" content=\"675\" \/>\n\t<meta property=\"og:image:type\" content=\"image\/jpeg\" \/>\n<meta name=\"twitter:card\" content=\"summary_large_image\" \/>\n<meta name=\"twitter:label1\" content=\"Dur\u00e9e de lecture estim\u00e9e\" \/>\n\t<meta name=\"twitter:data1\" content=\"7 minutes\" \/>\n<script type=\"application\/ld+json\" class=\"yoast-schema-graph\">{\"@context\":\"https:\\\/\\\/schema.org\",\"@graph\":[{\"@type\":\"WebPage\",\"@id\":\"https:\\\/\\\/restaurantecocinadelpuerto.es\\\/fr\\\/politica-de-cookies\\\/\",\"url\":\"https:\\\/\\\/restaurantecocinadelpuerto.es\\\/fr\\\/politica-de-cookies\\\/\",\"name\":\"Politique de Cookies &#062; Restaurante Cocina del Puerto\",\"isPartOf\":{\"@id\":\"https:\\\/\\\/restaurantecocinadelpuerto.es\\\/#website\"},\"datePublished\":\"2023-10-30T07:18:31+00:00\",\"dateModified\":\"2023-12-15T10:56:55+00:00\",\"breadcrumb\":{\"@id\":\"https:\\\/\\\/restaurantecocinadelpuerto.es\\\/fr\\\/politica-de-cookies\\\/#breadcrumb\"},\"inLanguage\":\"fr-FR\",\"potentialAction\":[{\"@type\":\"ReadAction\",\"target\":[\"https:\\\/\\\/restaurantecocinadelpuerto.es\\\/fr\\\/politica-de-cookies\\\/\"]}]},{\"@type\":\"BreadcrumbList\",\"@id\":\"https:\\\/\\\/restaurantecocinadelpuerto.es\\\/fr\\\/politica-de-cookies\\\/#breadcrumb\",\"itemListElement\":[{\"@type\":\"ListItem\",\"position\":1,\"name\":\"Restaurante Cocina del Puerto\",\"item\":\"https:\\\/\\\/restaurantecocinadelpuerto.es\\\/fr\\\/\"},{\"@type\":\"ListItem\",\"position\":2,\"name\":\"Politique de Cookies\"}]},{\"@type\":\"WebSite\",\"@id\":\"https:\\\/\\\/restaurantecocinadelpuerto.es\\\/#website\",\"url\":\"https:\\\/\\\/restaurantecocinadelpuerto.es\\\/\",\"name\":\"Restaurante Cocina del Puerto\",\"description\":\"Cocina del Puerto\",\"publisher\":{\"@id\":\"https:\\\/\\\/restaurantecocinadelpuerto.es\\\/#organization\"},\"alternateName\":\"Cocina del Puerto\",\"potentialAction\":[{\"@type\":\"SearchAction\",\"target\":{\"@type\":\"EntryPoint\",\"urlTemplate\":\"https:\\\/\\\/restaurantecocinadelpuerto.es\\\/?s={search_term_string}\"},\"query-input\":{\"@type\":\"PropertyValueSpecification\",\"valueRequired\":true,\"valueName\":\"search_term_string\"}}],\"inLanguage\":\"fr-FR\"},{\"@type\":\"Organization\",\"@id\":\"https:\\\/\\\/restaurantecocinadelpuerto.es\\\/#organization\",\"name\":\"Restaurante Cocina del Puerto\",\"url\":\"https:\\\/\\\/restaurantecocinadelpuerto.es\\\/\",\"logo\":{\"@type\":\"ImageObject\",\"inLanguage\":\"fr-FR\",\"@id\":\"https:\\\/\\\/restaurantecocinadelpuerto.es\\\/#\\\/schema\\\/logo\\\/image\\\/\",\"url\":\"https:\\\/\\\/restaurantecocinadelpuerto.es\\\/wp-content\\\/uploads\\\/2022\\\/10\\\/restaurantecocinadelpuerto-logo.png\",\"contentUrl\":\"https:\\\/\\\/restaurantecocinadelpuerto.es\\\/wp-content\\\/uploads\\\/2022\\\/10\\\/restaurantecocinadelpuerto-logo.png\",\"width\":174,\"height\":60,\"caption\":\"Restaurante Cocina del Puerto\"},\"image\":{\"@id\":\"https:\\\/\\\/restaurantecocinadelpuerto.es\\\/#\\\/schema\\\/logo\\\/image\\\/\"},\"sameAs\":[\"https:\\\/\\\/www.facebook.com\\\/restaurantecocinadelpuerto\\\/\",\"https:\\\/\\\/www.instagram.com\\\/cocinadelpuerto\\\/\",\"https:\\\/\\\/www.tripadvisor.es\\\/Restaurant_Review-g652121-d15115020-Reviews-Restaurante_Cocina_del_Puerto-Playa_Blanca_Lanzarote_Canary_Islands.html\"]}]}<\/script>\n<!-- \/ Yoast SEO plugin. -->","yoast_head_json":{"title":"Politique de Cookies &#062; Restaurante Cocina del Puerto","robots":{"index":"noindex","follow":"nofollow"},"og_locale":"fr_FR","og_type":"article","og_title":"Politique de Cookies &#062; Restaurante Cocina del Puerto","og_description":"Politique de Cookies Objet : La pr\u00e9sente Politique des Cookies fait partie int\u00e9grante des Conditions d&rsquo;Utilisation et de la Politique de Confidentialit\u00e9 du site web restaurantecocinadelpuerto.es (ci-apr\u00e8s, le \u00ab\u00a0Site Web\u00a0\u00bb ou la \u00ab\u00a0Page Web\u00a0\u00bb). L&rsquo;acc\u00e8s et la navigation sur le Site Web, ou l&rsquo;utilisation de ses services, impliquent l&rsquo;acceptation des termes et conditions \u00e9nonc\u00e9s dans [&hellip;]","og_url":"https:\/\/restaurantecocinadelpuerto.es\/fr\/politica-de-cookies\/","og_site_name":"Restaurante Cocina del Puerto","article_publisher":"https:\/\/www.facebook.com\/restaurantecocinadelpuerto\/","article_modified_time":"2023-12-15T10:56:55+00:00","og_image":[{"width":1200,"height":675,"url":"https:\/\/restaurantecocinadelpuerto.es\/wp-content\/uploads\/2023\/12\/restarurante-cocina-del-puerto-en-lanzarote.jpeg","type":"image\/jpeg"}],"twitter_card":"summary_large_image","twitter_misc":{"Dur\u00e9e de lecture estim\u00e9e":"7 minutes"},"schema":{"@context":"https:\/\/schema.org","@graph":[{"@type":"WebPage","@id":"https:\/\/restaurantecocinadelpuerto.es\/fr\/politica-de-cookies\/","url":"https:\/\/restaurantecocinadelpuerto.es\/fr\/politica-de-cookies\/","name":"Politique de Cookies &#062; Restaurante Cocina del Puerto","isPartOf":{"@id":"https:\/\/restaurantecocinadelpuerto.es\/#website"},"datePublished":"2023-10-30T07:18:31+00:00","dateModified":"2023-12-15T10:56:55+00:00","breadcrumb":{"@id":"https:\/\/restaurantecocinadelpuerto.es\/fr\/politica-de-cookies\/#breadcrumb"},"inLanguage":"fr-FR","potentialAction":[{"@type":"ReadAction","target":["https:\/\/restaurantecocinadelpuerto.es\/fr\/politica-de-cookies\/"]}]},{"@type":"BreadcrumbList","@id":"https:\/\/restaurantecocinadelpuerto.es\/fr\/politica-de-cookies\/#breadcrumb","itemListElement":[{"@type":"ListItem","position":1,"name":"Restaurante Cocina del Puerto","item":"https:\/\/restaurantecocinadelpuerto.es\/fr\/"},{"@type":"ListItem","position":2,"name":"Politique de Cookies"}]},{"@type":"WebSite","@id":"https:\/\/restaurantecocinadelpuerto.es\/#website","url":"https:\/\/restaurantecocinadelpuerto.es\/","name":"Restaurante Cocina del Puerto","description":"Cocina del Puerto","publisher":{"@id":"https:\/\/restaurantecocinadelpuerto.es\/#organization"},"alternateName":"Cocina del Puerto","potentialAction":[{"@type":"SearchAction","target":{"@type":"EntryPoint","urlTemplate":"https:\/\/restaurantecocinadelpuerto.es\/?s={search_term_string}"},"query-input":{"@type":"PropertyValueSpecification","valueRequired":true,"valueName":"search_term_string"}}],"inLanguage":"fr-FR"},{"@type":"Organization","@id":"https:\/\/restaurantecocinadelpuerto.es\/#organization","name":"Restaurante Cocina del Puerto","url":"https:\/\/restaurantecocinadelpuerto.es\/","logo":{"@type":"ImageObject","inLanguage":"fr-FR","@id":"https:\/\/restaurantecocinadelpuerto.es\/#\/schema\/logo\/image\/","url":"https:\/\/restaurantecocinadelpuerto.es\/wp-content\/uploads\/2022\/10\/restaurantecocinadelpuerto-logo.png","contentUrl":"https:\/\/restaurantecocinadelpuerto.es\/wp-content\/uploads\/2022\/10\/restaurantecocinadelpuerto-logo.png","width":174,"height":60,"caption":"Restaurante Cocina del Puerto"},"image":{"@id":"https:\/\/restaurantecocinadelpuerto.es\/#\/schema\/logo\/image\/"},"sameAs":["https:\/\/www.facebook.com\/restaurantecocinadelpuerto\/","https:\/\/www.instagram.com\/cocinadelpuerto\/","https:\/\/www.tripadvisor.es\/Restaurant_Review-g652121-d15115020-Reviews-Restaurante_Cocina_del_Puerto-Playa_Blanca_Lanzarote_Canary_Islands.html"]}]}},"_links":{"self":[{"href":"https:\/\/restaurantecocinadelpuerto.es\/fr\/wp-json\/wp\/v2\/pages\/2017","targetHints":{"allow":["GET"]}}],"collection":[{"href":"https:\/\/restaurantecocinadelpuerto.es\/fr\/wp-json\/wp\/v2\/pages"}],"about":[{"href":"https:\/\/restaurantecocinadelpuerto.es\/fr\/wp-json\/wp\/v2\/types\/page"}],"author":[{"embeddable":true,"href":"https:\/\/restaurantecocinadelpuerto.es\/fr\/wp-json\/wp\/v2\/users\/1"}],"replies":[{"embeddable":true,"href":"https:\/\/restaurantecocinadelpuerto.es\/fr\/wp-json\/wp\/v2\/comments?post=2017"}],"version-history":[{"count":4,"href":"https:\/\/restaurantecocinadelpuerto.es\/fr\/wp-json\/wp\/v2\/pages\/2017\/revisions"}],"predecessor-version":[{"id":2037,"href":"https:\/\/restaurantecocinadelpuerto.es\/fr\/wp-json\/wp\/v2\/pages\/2017\/revisions\/2037"}],"wp:attachment":[{"href":"https:\/\/restaurantecocinadelpuerto.es\/fr\/wp-json\/wp\/v2\/media?parent=2017"}],"curies":[{"name":"wp","href":"https:\/\/api.w.org\/{rel}","templated":true}]}}