{"id":2000,"date":"2023-10-30T07:17:36","date_gmt":"2023-10-30T07:17:36","guid":{"rendered":"https:\/\/restaurantecocinadelpuerto.es\/avis-juridique\/"},"modified":"2023-12-15T10:30:23","modified_gmt":"2023-12-15T10:30:23","slug":"avis-juridique","status":"publish","type":"page","link":"https:\/\/restaurantecocinadelpuerto.es\/fr\/avis-juridique\/","title":{"rendered":"Avis juridique"},"content":{"rendered":"\n<div style=\"height:150px\" aria-hidden=\"true\" class=\"wp-block-spacer\"><\/div>\n\n\n\n<ol class=\"wp-block-list\">\n<li>DONN\u00c9ES D&rsquo;IDENTIFICATION<br>Conform\u00e9ment au R\u00e8glement g\u00e9n\u00e9ral sur la protection des donn\u00e9es (UE) 2016\/679 du Parlement europ\u00e9en et du Conseil du 27 avril 2016 et \u00e0 la loi organique 3\/2018 du 5 d\u00e9cembre sur la protection des donn\u00e9es personnelles et la garantie des droits num\u00e9riques, les donn\u00e9es suivantes sont refl\u00e9t\u00e9es:re.<br>L&rsquo;entreprise propri\u00e9taire de ce domaine web restaurantecocinadelpuerto.es est Melsanta 41 SRL, num\u00e9ro CIF B76317742, dont l&rsquo;adresse \u00e0 ces fins est Calle Chinchorro 11, 35580 Playa Blanca &#8211; Yaiza &#8211; Lanzarote.<br>Courriel sur la protection des donn\u00e9es : info@restaurantecocinadelpuerto.es Inscrit au registre du commerce de Lanzarote.<\/li>\n\n\n\n<li>UTILISATEURS<br>L&rsquo;acc\u00e8s et\/ou l&rsquo;utilisation de ce portail ou site web conf\u00e8re la condition d&rsquo;UTILISATEUR, qui accepte, \u00e0 partir de cet acc\u00e8s et\/ou utilisation, les Conditions G\u00e9n\u00e9rales d&rsquo;Utilisation refl\u00e9t\u00e9es dans cette notice. Ces conditions sont applicables ind\u00e9pendamment des conditions g\u00e9n\u00e9rales de contrat qui, le cas \u00e9ch\u00e9ant, sont obligatoires. En tout \u00e9tat de cause, pour toute finalit\u00e9 sp\u00e9cifique, votre consentement expr\u00e8s sera sollicit\u00e9.<\/li>\n\n\n\n<li>UTILISATION DU SITE WEB<br>Notre site Web permet d&rsquo;acc\u00e9der \u00e0 des informations, des services, des programmes ou des donn\u00e9es (ci-apr\u00e8s d\u00e9nomm\u00e9s \u00ab\u00a0les contenus\u00a0\u00bb) sur Internet appartenant \u00e0 restaurantecocinadelpuerto.es. ou \u00e0 ses conc\u00e9dants de licence, auxquels l&rsquo;UTILISATEUR peut avoir acc\u00e8s.<br>L&rsquo;UTILISATEUR est responsable de l&rsquo;utilisation correcte du portail. Cette responsabilit\u00e9 s&rsquo;\u00e9tend \u00e0 l&rsquo;enregistrement qui peut \u00eatre n\u00e9cessaire pour acc\u00e9der \u00e0 certains services ou contenus. Lors de cet enregistrement, l&rsquo;UTILISATEUR est tenu de fournir des informations v\u00e9ridiques et licites sur ses donn\u00e9es. En cons\u00e9quence de cet enregistrement, l&rsquo;UTILISATEUR peut se voir attribuer un mot de passe dont il est responsable et qu&rsquo;il s&rsquo;engage \u00e0 utiliser de mani\u00e8re diligente, \u00e9thique et confidentielle. L&rsquo;UTILISATEUR s&rsquo;engage \u00e0 faire un usage appropri\u00e9 du contenu et des services (tels que les services de chat, les forums de discussion ou les groupes d&rsquo;information) offerts par son portail et, \u00e0 titre d&rsquo;exemple mais non limitatif, \u00e0 ne pas les utiliser pour :<\/li>\n<\/ol>\n\n\n\n<ul class=\"wp-block-list\">\n<li>Se livrer \u00e0 des activit\u00e9s illicites, ill\u00e9gales ou contraires \u00e0 la bonne foi et \u00e0 l&rsquo;ordre public ;<\/li>\n\n\n\n<li>Diffuser des contenus ou de la propagande \u00e0 caract\u00e8re raciste, x\u00e9nophobe, pornographique-ill\u00e9gal, terroriste ou faisant l&rsquo;apologie du terrorisme ou contre les droits de l&rsquo;homme.<br>faire l&rsquo;apologie du terrorisme ou des droits de l&rsquo;homme.<\/li>\n\n\n\n<li>Causer des dommages aux syst\u00e8mes physiques et logiques du propri\u00e9taire, de ses fournisseurs ou de tiers, introduire ou diffuser des virus informatiques ou tout autre syst\u00e8me physique ou logique susceptible de causer les dommages susmentionn\u00e9s.<\/li>\n\n\n\n<li>Tenter d&rsquo;acc\u00e9der et, le cas \u00e9ch\u00e9ant, d&rsquo;utiliser les comptes de courrier \u00e9lectronique d&rsquo;autres utilisateurs et de modifier ou de manipuler leurs messages. Le titulaire du portail se r\u00e9serve le droit de supprimer les commentaires et les contributions qui portent atteinte au respect de la dignit\u00e9 de la personne, qui sont discriminatoires, x\u00e9nophobes, racistes, pornographiques, qui portent atteinte \u00e0 la jeunesse ou \u00e0 l&rsquo;enfance, \u00e0 l&rsquo;ordre public ou \u00e0 la s\u00e9curit\u00e9 publique ou qui, \u00e0 son avis, ne sont pas appropri\u00e9s ou adapt\u00e9s \u00e0 la publication. En tout \u00e9tat de cause, le propri\u00e9taire du portail ne sera pas responsable des opinions exprim\u00e9es par les utilisateurs \u00e0 travers les forums, les chats ou d&rsquo;autres outils de participation.<\/li>\n<\/ul>\n\n\n\n<ol class=\"wp-block-list\" start=\"4\">\n<li>PROTECTION DES DONN\u00c9ES<br>L&rsquo;utilisation des donn\u00e9es personnelles est d\u00e9finie sur la base du r\u00e8glement g\u00e9n\u00e9ral sur la protection des donn\u00e9es et de la l\u00e9gislation espagnole en vigueur. Dans un souci de transparence maximale et sur la base de notre politique proactive, nous vous informons :<br>Pourquoi demandons-nous vos donn\u00e9es ?<br>restaurantecocinadelpuerto.es, informe le client que le traitement des donn\u00e9es est effectu\u00e9 aux fins suivantes : Effectuer toutes les gestions li\u00e9es \u00e0 l&rsquo;\u00e9laboration des budgets, \u00e0 la passation de contrats et \u00e0 la prestation de services de restaurantecocinadelpuerto.es \u00e0 l&rsquo;entreprise \u00e0 laquelle il appartient ou, dans son cas, \u00e0 la partie int\u00e9ress\u00e9e qui en fait la demande. Il s&rsquo;agit \u00e9galement de traiter et de r\u00e9pondre aux communications re\u00e7ues et \u00e0 celles de prospection commerciale afin de tenir les utilisateurs inform\u00e9s d&rsquo;\u00e9ventuelles promotions.<br>Quel type de donn\u00e9es recueillons-nous ?<br>Les donn\u00e9es personnelles correspondant \u00e0 votre propre identit\u00e9 et qui sont ad\u00e9quates, pertinentes, actuelles, exactes et v\u00e9ridiques. \u00c0 cet effet, l&rsquo;utilisateur sera le seul responsable de tout dommage direct et\/ou indirect caus\u00e9 \u00e0 des tiers ou \u00e0 restaurantecocinadelpuerto.es, du fait de l&rsquo;utilisation des donn\u00e9es personnelles d&rsquo;une autre personne, ou de ses propres donn\u00e9es personnelles lorsqu&rsquo;elles sont fausses, erron\u00e9es, non actuelles, inad\u00e9quates ou impertinentes. De m\u00eame, l&rsquo;utilisateur qui utilise les donn\u00e9es personnelles d&rsquo;un tiers r\u00e9pondra \u00e0 ce dernier de l&rsquo;obligation d&rsquo;information \u00e9tablie dans le RGPD lorsque les donn\u00e9es personnelles n&rsquo;ont pas \u00e9t\u00e9 obtenues aupr\u00e8s de l&rsquo;int\u00e9ress\u00e9, et\/ou des cons\u00e9quences de ne pas l&rsquo;avoir inform\u00e9.<br>Comment les donn\u00e9es sont-elles collect\u00e9es ?<br>Utilisation de formulaires pour la collecte de donn\u00e9es personnelles. Dans les formulaires de contact du site web, o\u00f9 des donn\u00e9es personnelles sont collect\u00e9es, l&rsquo;utilisateur doit consentir express\u00e9ment, avant de les envoyer, \u00e0 l&rsquo;acceptation et \u00e0 la connaissance de la politique de confidentialit\u00e9 en remplissant la case \u00e0 cocher \u00ab\u00a0J&rsquo;ai lu et j&rsquo;accepte la politique de confidentialit\u00e9\u00a0\u00bb, dont le contenu est accessible en cliquant sur le lien suivant<br>dont le contenu est accessible par le lien ci-joint qui vous enverra cet avis l\u00e9gal. Si la case n&rsquo;est pas coch\u00e9e par l&rsquo;utilisateur, les donn\u00e9es contenues dans ces formulaires ne seront pas envoy\u00e9es.<br>Partage avec des tiers :<br>Les donn\u00e9es ne seront pas transf\u00e9r\u00e9es \u00e0 des tiers, sauf en cas d&rsquo;obligation l\u00e9gale. Les transferts de donn\u00e9es vers des pays tiers ne sont pas pr\u00e9vus.<br>Droits : Vous avez le droit d&rsquo;acc\u00e9der \u00e0 vos donn\u00e9es, de les rectifier, de les supprimer, de les limiter et de vous opposer \u00e0 leur traitement \u00e0 tout moment ; vous pouvez \u00e9galement retirer le consentement donn\u00e9 et d\u00e9poser une plainte aupr\u00e8s de l&rsquo;autorit\u00e9 de contr\u00f4le (Agence espagnole de protection des donn\u00e9es c\/ Jorge Juan no6 28001 Madrid). Pour exercer vos droits, vous pouvez vous adresser directement \u00e0 notre entreprise \u00e0 l&rsquo;adresse \u00e9lectronique de protection des donn\u00e9es info@restaurantecocinadelpuerto.es et \u00e0 l&rsquo;adresse postale Calle Chinchorro 11, 35580 Playa Blanca &#8211; Yaiza &#8211; Lanzarote, en indiquant la protection des donn\u00e9es dans l&rsquo;objet du message.<br>De m\u00eame, restaurantecocinadelpuerto.es vous informe qu&rsquo;elle respecte la loi 34\/2002 du 11 juillet, des services de la soci\u00e9t\u00e9 de l&rsquo;information et du commerce \u00e9lectronique et vous demandera \u00e0 tout moment votre consentement pour le traitement de votre courrier \u00e9lectronique \u00e0 des fins commerciales.<\/li>\n<\/ol>\n\n\n\n<ol class=\"wp-block-list\" start=\"5\">\n<li>PROPRI\u00c9T\u00c9 INTELLECTUELLE ET INDUSTRIELLE<br>Le propri\u00e9taire, seul ou en tant que cessionnaire, est titulaire de tous les droits de propri\u00e9t\u00e9 intellectuelle et industrielle de son site web, ainsi que des \u00e9l\u00e9ments qu&rsquo;il contient (y compris, mais sans s&rsquo;y limiter, les images, le son, l&rsquo;audio, la vid\u00e9o, les logiciels ou les textes ; les marques ou les logos, les combinaisons de couleurs, la structure et la conception, la s\u00e9lection des mat\u00e9riaux utilis\u00e9s, les programmes informatiques n\u00e9cessaires \u00e0 son fonctionnement, \u00e0 son acc\u00e8s et \u00e0 son utilisation, etc.)<br>). Tous les droits sont r\u00e9serv\u00e9s. En vertu des dispositions des articles 8 et 32.1, deuxi\u00e8me alin\u00e9a, de la Loi sur la propri\u00e9t\u00e9 intellectuelle, la reproduction, la distribution et la communication publique, y compris la modalit\u00e9 de mise \u00e0 disposition, de tout ou partie du contenu de cette page Web, \u00e0 des fins commerciales, sur tout support et par tout moyen technique, sans l&rsquo;autorisation de restaurantecocinadelpuerto.es, sont express\u00e9ment interdites.<br>L&rsquo;UTILISATEUR s&rsquo;engage \u00e0 respecter les droits de propri\u00e9t\u00e9 intellectuelle et industrielle de restaurantecocinadelpuerto.es.<br>L&rsquo;UTILISATEUR pourra visualiser les \u00e9l\u00e9ments du portail et m\u00eame les imprimer, les copier et les stocker sur le disque dur de son ordinateur ou sur tout autre support physique, \u00e0 condition que ce soit uniquement et exclusivement pour son usage personnel et priv\u00e9. L&rsquo;UTILISATEUR doit s&rsquo;abstenir de supprimer, d&rsquo;alt\u00e9rer, d&rsquo;\u00e9luder ou de manipuler tout dispositif de protection ou syst\u00e8me de s\u00e9curit\u00e9 que restaurantecocinadelpuerto.es<br>restaurantecocinadelpuerto.es ne pourra en aucun cas \u00eatre tenu pour responsable des dommages de toute nature qui pourraient \u00eatre caus\u00e9s \u00e0 l&rsquo;utilisateur.<br>de toute nature qui pourraient \u00eatre caus\u00e9s, \u00e0 titre d&rsquo;exemple : erreurs ou omissions dans les contenus, manque de disponibilit\u00e9 du portail ou transmission de virus ou de programmes malveillants ou nuisibles dans les contenus, malgr\u00e9 l&rsquo;adoption de toutes les mesures technologiques n\u00e9cessaires pour l&rsquo;\u00e9viter.<\/li>\n<\/ol>\n\n\n\n<ol class=\"wp-block-list\" start=\"7\">\n<li>MODIFICATIONS<br>restaurantecocinadelpuerto.es se r\u00e9serve le droit d&rsquo;apporter toute modification \u00e0 son portail sans pr\u00e9avis.<br>restaurantecocinadelpuerto.es se r\u00e9serve le droit d&rsquo;apporter toutes les modifications qu&rsquo;elle consid\u00e8re opportunes \u00e0 son portail, en pouvant changer, supprimer ou ajouter aussi bien les contenus et les services fournis \u00e0 travers celui-ci que la forme sous laquelle ils apparaissent pr\u00e9sent\u00e9s ou situ\u00e9s dans son portail.<\/li>\n\n\n\n<li>LIENS<br>Dans le cas o\u00f9 restaurantecocinadelpuerto.es aurait des liens ou des hyperliens vers d&rsquo;autres sites Internet, il n&rsquo;exercera aucun type de contr\u00f4le sur ces sites et leurs contenus.<br>contenus. En aucun cas restaurantecocinadelpuerto.es n&rsquo;assumera la responsabilit\u00e9 du contenu d&rsquo;un lien appartenant \u00e0 un site Web externe, ni ne garantira<br>la disponibilit\u00e9 technique, la qualit\u00e9, la fiabilit\u00e9, l&rsquo;exactitude, l&rsquo;exhaustivit\u00e9, la v\u00e9racit\u00e9, la validit\u00e9 et la constitutionnalit\u00e9 de tout mat\u00e9riel ou information contenu dans l&rsquo;un de ces hyperliens ou dans d&rsquo;autres sites Internet. Si vous utilisez les liens, veuillez vous r\u00e9f\u00e9rer \u00e0 la politique de confidentialit\u00e9 et \u00e0 l&rsquo;avis juridique de la page visit\u00e9e.<br>De m\u00eame, l&rsquo;inclusion de ces liens externes n&rsquo;implique aucun type d&rsquo;association, de fusion ou de participation avec les entit\u00e9s li\u00e9es.<\/li>\n\n\n\n<li>DROIT D&rsquo;EXCLUSION<br>restaurantecocinadelpuerto.es se r\u00e9serve le droit de refuser ou de retirer l&rsquo;acc\u00e8s au portail et\/ou aux services offerts sans avis pr\u00e9alable, \u00e0 sa propre demande ou \u00e0 la demande d&rsquo;un tiers, aux utilisateurs qui ne respectent pas les conditions d&rsquo;utilisation du portail ou des services offerts, aux utilisateurs qui ne respectent pas les conditions d&rsquo;utilisation du portail ou des services offerts.<br>tiers, aux utilisateurs qui ne respectent pas les pr\u00e9sentes conditions g\u00e9n\u00e9rales d&rsquo;utilisation.<br>10.G\u00c9N\u00c9RALIT\u00c9S<br>Le non-respect des pr\u00e9sentes conditions ainsi que toute utilisation impropre de son portail seront poursuivis par l&rsquo;exercice de toutes les actions civiles et p\u00e9nales qui peuvent lui correspondre en vertu de la loi.<\/li>\n\n\n\n<li>MODIFICATION DES PR\u00c9SENTES CONDITIONS ET DUR\u00c9E<br>restaurantecocinadelpuerto.es peut modifier \u00e0 tout moment les conditions d\u00e9termin\u00e9es ici, \u00e9tant d\u00fbment publi\u00e9es telles qu&rsquo;elles apparaissent ici.<br>La validit\u00e9 des conditions susmentionn\u00e9es d\u00e9pendra de leur exposition et elles seront en vigueur jusqu&rsquo;\u00e0 ce qu&rsquo;elles soient d\u00fbment publi\u00e9es ou modifi\u00e9es par d&rsquo;autres.<\/li>\n\n\n\n<li>L\u00c9GISLATION APPLICABLE ET JURIDICTION<br>La relation entre restaurantecocinadelpuerto.es et l&rsquo;UTILISATEUR sera r\u00e9gie par la l\u00e9gislation espagnole en vigueur et toute controverse sera soumise \u00e0 l&rsquo;autorit\u00e9 comp\u00e9tente.<\/li>\n<\/ol>\n\n\n\n<figure class=\"wp-block-image aligncenter\"><img decoding=\"async\" src=\"https:\/\/restaurantecocinadelpuerto.es\/wp-content\/uploads\/2018\/06\/logo-restaurante-cocina-del-puerto-300x190.png\" alt=\"\" class=\"wp-image-5\"\/><\/figure>\n","protected":false},"excerpt":{"rendered":"","protected":false},"author":1,"featured_media":0,"parent":0,"menu_order":0,"comment_status":"closed","ping_status":"closed","template":"","meta":{"footnotes":""},"class_list":["post-2000","page","type-page","status-publish","hentry"],"blocksy_meta":[],"yoast_head":"<!-- This site is optimized with the Yoast SEO plugin v27.4 - https:\/\/yoast.com\/product\/yoast-seo-wordpress\/ -->\n<title>Avis juridique &#062; Restaurante Cocina del Puerto<\/title>\n<meta name=\"robots\" content=\"noindex, nofollow\" \/>\n<meta property=\"og:locale\" content=\"fr_FR\" \/>\n<meta property=\"og:type\" content=\"article\" \/>\n<meta property=\"og:title\" content=\"Avis juridique &#062; Restaurante Cocina del Puerto\" \/>\n<meta property=\"og:url\" content=\"https:\/\/restaurantecocinadelpuerto.es\/fr\/avis-juridique\/\" \/>\n<meta property=\"og:site_name\" content=\"Restaurante Cocina del Puerto\" \/>\n<meta property=\"article:publisher\" content=\"https:\/\/www.facebook.com\/restaurantecocinadelpuerto\/\" \/>\n<meta property=\"article:modified_time\" content=\"2023-12-15T10:30:23+00:00\" \/>\n<meta property=\"og:image\" content=\"https:\/\/restaurantecocinadelpuerto.es\/wp-content\/uploads\/2018\/06\/logo-restaurante-cocina-del-puerto-300x190.png\" \/>\n<meta name=\"twitter:card\" content=\"summary_large_image\" \/>\n<meta name=\"twitter:label1\" content=\"Dur\u00e9e de lecture estim\u00e9e\" \/>\n\t<meta name=\"twitter:data1\" content=\"8 minutes\" \/>\n<script type=\"application\/ld+json\" class=\"yoast-schema-graph\">{\"@context\":\"https:\\\/\\\/schema.org\",\"@graph\":[{\"@type\":\"WebPage\",\"@id\":\"https:\\\/\\\/restaurantecocinadelpuerto.es\\\/fr\\\/avis-juridique\\\/\",\"url\":\"https:\\\/\\\/restaurantecocinadelpuerto.es\\\/fr\\\/avis-juridique\\\/\",\"name\":\"Avis juridique &#062; Restaurante Cocina del Puerto\",\"isPartOf\":{\"@id\":\"https:\\\/\\\/restaurantecocinadelpuerto.es\\\/#website\"},\"primaryImageOfPage\":{\"@id\":\"https:\\\/\\\/restaurantecocinadelpuerto.es\\\/fr\\\/avis-juridique\\\/#primaryimage\"},\"image\":{\"@id\":\"https:\\\/\\\/restaurantecocinadelpuerto.es\\\/fr\\\/avis-juridique\\\/#primaryimage\"},\"thumbnailUrl\":\"https:\\\/\\\/restaurantecocinadelpuerto.es\\\/wp-content\\\/uploads\\\/2018\\\/06\\\/logo-restaurante-cocina-del-puerto-300x190.png\",\"datePublished\":\"2023-10-30T07:17:36+00:00\",\"dateModified\":\"2023-12-15T10:30:23+00:00\",\"breadcrumb\":{\"@id\":\"https:\\\/\\\/restaurantecocinadelpuerto.es\\\/fr\\\/avis-juridique\\\/#breadcrumb\"},\"inLanguage\":\"fr-FR\",\"potentialAction\":[{\"@type\":\"ReadAction\",\"target\":[\"https:\\\/\\\/restaurantecocinadelpuerto.es\\\/fr\\\/avis-juridique\\\/\"]}]},{\"@type\":\"ImageObject\",\"inLanguage\":\"fr-FR\",\"@id\":\"https:\\\/\\\/restaurantecocinadelpuerto.es\\\/fr\\\/avis-juridique\\\/#primaryimage\",\"url\":\"https:\\\/\\\/restaurantecocinadelpuerto.es\\\/wp-content\\\/uploads\\\/2018\\\/06\\\/logo-restaurante-cocina-del-puerto-300x190.png\",\"contentUrl\":\"https:\\\/\\\/restaurantecocinadelpuerto.es\\\/wp-content\\\/uploads\\\/2018\\\/06\\\/logo-restaurante-cocina-del-puerto-300x190.png\"},{\"@type\":\"BreadcrumbList\",\"@id\":\"https:\\\/\\\/restaurantecocinadelpuerto.es\\\/fr\\\/avis-juridique\\\/#breadcrumb\",\"itemListElement\":[{\"@type\":\"ListItem\",\"position\":1,\"name\":\"Restaurante Cocina del Puerto\",\"item\":\"https:\\\/\\\/restaurantecocinadelpuerto.es\\\/fr\\\/\"},{\"@type\":\"ListItem\",\"position\":2,\"name\":\"Avis juridique\"}]},{\"@type\":\"WebSite\",\"@id\":\"https:\\\/\\\/restaurantecocinadelpuerto.es\\\/#website\",\"url\":\"https:\\\/\\\/restaurantecocinadelpuerto.es\\\/\",\"name\":\"Restaurante Cocina del Puerto\",\"description\":\"Cocina del Puerto\",\"publisher\":{\"@id\":\"https:\\\/\\\/restaurantecocinadelpuerto.es\\\/#organization\"},\"alternateName\":\"Cocina del Puerto\",\"potentialAction\":[{\"@type\":\"SearchAction\",\"target\":{\"@type\":\"EntryPoint\",\"urlTemplate\":\"https:\\\/\\\/restaurantecocinadelpuerto.es\\\/?s={search_term_string}\"},\"query-input\":{\"@type\":\"PropertyValueSpecification\",\"valueRequired\":true,\"valueName\":\"search_term_string\"}}],\"inLanguage\":\"fr-FR\"},{\"@type\":\"Organization\",\"@id\":\"https:\\\/\\\/restaurantecocinadelpuerto.es\\\/#organization\",\"name\":\"Restaurante Cocina del Puerto\",\"url\":\"https:\\\/\\\/restaurantecocinadelpuerto.es\\\/\",\"logo\":{\"@type\":\"ImageObject\",\"inLanguage\":\"fr-FR\",\"@id\":\"https:\\\/\\\/restaurantecocinadelpuerto.es\\\/#\\\/schema\\\/logo\\\/image\\\/\",\"url\":\"https:\\\/\\\/restaurantecocinadelpuerto.es\\\/wp-content\\\/uploads\\\/2022\\\/10\\\/restaurantecocinadelpuerto-logo.png\",\"contentUrl\":\"https:\\\/\\\/restaurantecocinadelpuerto.es\\\/wp-content\\\/uploads\\\/2022\\\/10\\\/restaurantecocinadelpuerto-logo.png\",\"width\":174,\"height\":60,\"caption\":\"Restaurante Cocina del Puerto\"},\"image\":{\"@id\":\"https:\\\/\\\/restaurantecocinadelpuerto.es\\\/#\\\/schema\\\/logo\\\/image\\\/\"},\"sameAs\":[\"https:\\\/\\\/www.facebook.com\\\/restaurantecocinadelpuerto\\\/\",\"https:\\\/\\\/www.instagram.com\\\/cocinadelpuerto\\\/\",\"https:\\\/\\\/www.tripadvisor.es\\\/Restaurant_Review-g652121-d15115020-Reviews-Restaurante_Cocina_del_Puerto-Playa_Blanca_Lanzarote_Canary_Islands.html\"]}]}<\/script>\n<!-- \/ Yoast SEO plugin. -->","yoast_head_json":{"title":"Avis juridique &#062; Restaurante Cocina del Puerto","robots":{"index":"noindex","follow":"nofollow"},"og_locale":"fr_FR","og_type":"article","og_title":"Avis juridique &#062; Restaurante Cocina del Puerto","og_url":"https:\/\/restaurantecocinadelpuerto.es\/fr\/avis-juridique\/","og_site_name":"Restaurante Cocina del Puerto","article_publisher":"https:\/\/www.facebook.com\/restaurantecocinadelpuerto\/","article_modified_time":"2023-12-15T10:30:23+00:00","og_image":[{"url":"https:\/\/restaurantecocinadelpuerto.es\/wp-content\/uploads\/2018\/06\/logo-restaurante-cocina-del-puerto-300x190.png","type":"","width":"","height":""}],"twitter_card":"summary_large_image","twitter_misc":{"Dur\u00e9e de lecture estim\u00e9e":"8 minutes"},"schema":{"@context":"https:\/\/schema.org","@graph":[{"@type":"WebPage","@id":"https:\/\/restaurantecocinadelpuerto.es\/fr\/avis-juridique\/","url":"https:\/\/restaurantecocinadelpuerto.es\/fr\/avis-juridique\/","name":"Avis juridique &#062; Restaurante Cocina del Puerto","isPartOf":{"@id":"https:\/\/restaurantecocinadelpuerto.es\/#website"},"primaryImageOfPage":{"@id":"https:\/\/restaurantecocinadelpuerto.es\/fr\/avis-juridique\/#primaryimage"},"image":{"@id":"https:\/\/restaurantecocinadelpuerto.es\/fr\/avis-juridique\/#primaryimage"},"thumbnailUrl":"https:\/\/restaurantecocinadelpuerto.es\/wp-content\/uploads\/2018\/06\/logo-restaurante-cocina-del-puerto-300x190.png","datePublished":"2023-10-30T07:17:36+00:00","dateModified":"2023-12-15T10:30:23+00:00","breadcrumb":{"@id":"https:\/\/restaurantecocinadelpuerto.es\/fr\/avis-juridique\/#breadcrumb"},"inLanguage":"fr-FR","potentialAction":[{"@type":"ReadAction","target":["https:\/\/restaurantecocinadelpuerto.es\/fr\/avis-juridique\/"]}]},{"@type":"ImageObject","inLanguage":"fr-FR","@id":"https:\/\/restaurantecocinadelpuerto.es\/fr\/avis-juridique\/#primaryimage","url":"https:\/\/restaurantecocinadelpuerto.es\/wp-content\/uploads\/2018\/06\/logo-restaurante-cocina-del-puerto-300x190.png","contentUrl":"https:\/\/restaurantecocinadelpuerto.es\/wp-content\/uploads\/2018\/06\/logo-restaurante-cocina-del-puerto-300x190.png"},{"@type":"BreadcrumbList","@id":"https:\/\/restaurantecocinadelpuerto.es\/fr\/avis-juridique\/#breadcrumb","itemListElement":[{"@type":"ListItem","position":1,"name":"Restaurante Cocina del Puerto","item":"https:\/\/restaurantecocinadelpuerto.es\/fr\/"},{"@type":"ListItem","position":2,"name":"Avis juridique"}]},{"@type":"WebSite","@id":"https:\/\/restaurantecocinadelpuerto.es\/#website","url":"https:\/\/restaurantecocinadelpuerto.es\/","name":"Restaurante Cocina del Puerto","description":"Cocina del Puerto","publisher":{"@id":"https:\/\/restaurantecocinadelpuerto.es\/#organization"},"alternateName":"Cocina del Puerto","potentialAction":[{"@type":"SearchAction","target":{"@type":"EntryPoint","urlTemplate":"https:\/\/restaurantecocinadelpuerto.es\/?s={search_term_string}"},"query-input":{"@type":"PropertyValueSpecification","valueRequired":true,"valueName":"search_term_string"}}],"inLanguage":"fr-FR"},{"@type":"Organization","@id":"https:\/\/restaurantecocinadelpuerto.es\/#organization","name":"Restaurante Cocina del Puerto","url":"https:\/\/restaurantecocinadelpuerto.es\/","logo":{"@type":"ImageObject","inLanguage":"fr-FR","@id":"https:\/\/restaurantecocinadelpuerto.es\/#\/schema\/logo\/image\/","url":"https:\/\/restaurantecocinadelpuerto.es\/wp-content\/uploads\/2022\/10\/restaurantecocinadelpuerto-logo.png","contentUrl":"https:\/\/restaurantecocinadelpuerto.es\/wp-content\/uploads\/2022\/10\/restaurantecocinadelpuerto-logo.png","width":174,"height":60,"caption":"Restaurante Cocina del Puerto"},"image":{"@id":"https:\/\/restaurantecocinadelpuerto.es\/#\/schema\/logo\/image\/"},"sameAs":["https:\/\/www.facebook.com\/restaurantecocinadelpuerto\/","https:\/\/www.instagram.com\/cocinadelpuerto\/","https:\/\/www.tripadvisor.es\/Restaurant_Review-g652121-d15115020-Reviews-Restaurante_Cocina_del_Puerto-Playa_Blanca_Lanzarote_Canary_Islands.html"]}]}},"_links":{"self":[{"href":"https:\/\/restaurantecocinadelpuerto.es\/fr\/wp-json\/wp\/v2\/pages\/2000","targetHints":{"allow":["GET"]}}],"collection":[{"href":"https:\/\/restaurantecocinadelpuerto.es\/fr\/wp-json\/wp\/v2\/pages"}],"about":[{"href":"https:\/\/restaurantecocinadelpuerto.es\/fr\/wp-json\/wp\/v2\/types\/page"}],"author":[{"embeddable":true,"href":"https:\/\/restaurantecocinadelpuerto.es\/fr\/wp-json\/wp\/v2\/users\/1"}],"replies":[{"embeddable":true,"href":"https:\/\/restaurantecocinadelpuerto.es\/fr\/wp-json\/wp\/v2\/comments?post=2000"}],"version-history":[{"count":2,"href":"https:\/\/restaurantecocinadelpuerto.es\/fr\/wp-json\/wp\/v2\/pages\/2000\/revisions"}],"predecessor-version":[{"id":2014,"href":"https:\/\/restaurantecocinadelpuerto.es\/fr\/wp-json\/wp\/v2\/pages\/2000\/revisions\/2014"}],"wp:attachment":[{"href":"https:\/\/restaurantecocinadelpuerto.es\/fr\/wp-json\/wp\/v2\/media?parent=2000"}],"curies":[{"name":"wp","href":"https:\/\/api.w.org\/{rel}","templated":true}]}}