{"id":2045,"date":"2022-07-18T10:37:18","date_gmt":"2022-07-18T10:37:18","guid":{"rendered":"https:\/\/restaurantecocinadelpuerto.es\/politica-de-privacidad\/"},"modified":"2023-12-15T11:09:00","modified_gmt":"2023-12-15T11:09:00","slug":"politica-de-privacidad","status":"publish","type":"page","link":"https:\/\/restaurantecocinadelpuerto.es\/de\/politica-de-privacidad\/","title":{"rendered":"Datenschutzrichtlinie"},"content":{"rendered":"\n<div style=\"height:80px\" aria-hidden=\"true\" class=\"wp-block-spacer\"><\/div>\n\n\n\n<h2 class=\"wp-block-heading\">Datenschutzrichtlinie<\/h2>\n\n\n\n<p>Der Inhalt der Datenschutzrichtlinie entspricht der Datenschutz-Grundverordnung (DSGVO) (EU) 2016\/679 des Europ\u00e4ischen Parlaments und des Rates vom 27. April 2016 sowie dem spanischen Organischen Gesetz 3\/2018 vom 5. Dezember \u00fcber den Schutz personenbezogener Daten und die Gew\u00e4hrleistung digitaler Rechte. Hiermit informieren wir Sie dar\u00fcber:<\/p>\n\n\n\n<p>Das Unternehmen, dem diese Domain geh\u00f6rt, und der Verantwortliche f\u00fcr die Datenverarbeitung der Website restaurantecocinadelpuerto.es ist die Melsanta 41 SRL mit Sitz in der Calle Chinchorro 11, 35580 Playa Blanca \u2013 Yaiza \u2013 Lanzarote, CIF-Nummer: CIF B76317742.<\/p>\n\n\n\n<p>E-Mail f\u00fcr den Datenschutz: <a href=\"mailto:info@restaurantecocinadelpuerto.es\">info@restaurantecocinadelpuerto.es<\/a><\/p>\n\n\n\n<p>Der Verantwortliche f\u00fcr die Datenverarbeitung, restaurantecocinadelpuerto.es, verarbeitet Ihre Daten, um die Erfassung Ihrer Informationen \u00fcber unsere Formulare zu verwalten. In den Kontaktformularen auf der Website, in denen personenbezogene Daten erfasst werden, muss der Benutzer vor dem Absenden ausdr\u00fccklich und vorherig der Annahme und Kenntnis der Datenschutzrichtlinie zustimmen, indem er das Kontrollk\u00e4stchen &#8222;Ich habe die Datenschutzrichtlinie gelesen und akzeptiere sie&#8220; ankreuzt. Der Inhalt der Richtlinie kann \u00fcber den beigef\u00fcgten Link in diesem rechtlichen Hinweis abgerufen werden. Wenn das Kontrollk\u00e4stchen vom Benutzer nicht aktiviert wird, erfolgt die \u00dcbermittlung der in diesen Formularen enthaltenen Daten nicht. Ich verstehe, dass ich meine Zustimmung zur Verwendung und Verarbeitung meiner personenbezogenen Daten sowie der angeforderten oder vertraglich vereinbarten Informationen erteile.<\/p>\n\n\n\n<p>Die rechtliche Grundlage f\u00fcr die Verarbeitung Ihrer Daten ist die von Ihnen erteilte Einwilligung, die jederzeit von Ihnen oder Ihrem gesetzlichen Vertreter widerrufen werden kann. Wir werden Ihre Daten f\u00fcr die streng notwendige Zeit aufbewahren, um gesetzlichen Anforderungen nachzukommen.<\/p>\n\n\n\n<p>Die Daten werden nicht an Dritte \u00fcbermittelt, es sei denn, es besteht eine gesetzliche Verpflichtung. Daten\u00fcbermittlungen an Drittl\u00e4nder sind nicht vorgesehen.<\/p>\n\n\n\n<p>Sie k\u00f6nnen Ihre Rechte auf Zugang, Berichtigung, L\u00f6schung und \u00dcbertragbarkeit Ihrer Daten sowie auf Einschr\u00e4nkung oder Widerspruch gegen deren Verarbeitung per E-Mail an <a href=\"mailto:info@restaurantecocinadelpuerto.es\">info@restaurantecocinadelpuerto.es<\/a> oder per Post an Calle Chinchorro 11, 35580 Playa Blanca \u2013 Yaiza \u2013 Lanzarote aus\u00fcben. Ebenso haben Sie das Recht, bei der Aufsichtsbeh\u00f6rde unter <a href=\"http:\/\/www.aepd.es\/\">www.aepd.es<\/a> eine Beschwerde einzureichen. Ihre Daten wurden direkt von Ihnen \u00fcber die Website bereitgestellt, und wir verarbeiten Ihre Identifikationsdaten, Postanschrift, E-Mail-Adresse und gesch\u00e4ftliche Informationen zu den von uns angeforderten Dienstleistungen.<\/p>\n","protected":false},"excerpt":{"rendered":"<p>Datenschutzrichtlinie Der Inhalt der Datenschutzrichtlinie entspricht der Datenschutz-Grundverordnung (DSGVO) (EU) 2016\/679 des Europ\u00e4ischen Parlaments und des Rates vom 27. April 2016 sowie dem spanischen Organischen Gesetz 3\/2018 vom 5. Dezember \u00fcber den Schutz personenbezogener Daten und die Gew\u00e4hrleistung digitaler Rechte. Hiermit informieren wir Sie dar\u00fcber: Das Unternehmen, dem diese Domain geh\u00f6rt, und der Verantwortliche f\u00fcr [&hellip;]<\/p>\n","protected":false},"author":1,"featured_media":0,"parent":0,"menu_order":0,"comment_status":"closed","ping_status":"closed","template":"","meta":{"footnotes":""},"class_list":["post-2045","page","type-page","status-publish","hentry"],"blocksy_meta":[],"yoast_head":"<!-- This site is optimized with the Yoast SEO plugin v27.4 - https:\/\/yoast.com\/product\/yoast-seo-wordpress\/ -->\n<title>Datenschutzrichtlinie &#062; Restaurante Cocina del Puerto<\/title>\n<meta name=\"robots\" content=\"noindex, nofollow\" \/>\n<meta property=\"og:locale\" content=\"de_DE\" \/>\n<meta property=\"og:type\" content=\"article\" \/>\n<meta property=\"og:title\" content=\"Datenschutzrichtlinie &#062; Restaurante Cocina del Puerto\" \/>\n<meta property=\"og:description\" content=\"Datenschutzrichtlinie Der Inhalt der Datenschutzrichtlinie entspricht der Datenschutz-Grundverordnung (DSGVO) (EU) 2016\/679 des Europ\u00e4ischen Parlaments und des Rates vom 27. April 2016 sowie dem spanischen Organischen Gesetz 3\/2018 vom 5. Dezember \u00fcber den Schutz personenbezogener Daten und die Gew\u00e4hrleistung digitaler Rechte. Hiermit informieren wir Sie dar\u00fcber: Das Unternehmen, dem diese Domain geh\u00f6rt, und der Verantwortliche f\u00fcr [&hellip;]\" \/>\n<meta property=\"og:url\" content=\"https:\/\/restaurantecocinadelpuerto.es\/de\/politica-de-privacidad\/\" \/>\n<meta property=\"og:site_name\" content=\"Restaurante Cocina del Puerto\" \/>\n<meta property=\"article:publisher\" content=\"https:\/\/www.facebook.com\/restaurantecocinadelpuerto\/\" \/>\n<meta property=\"article:modified_time\" content=\"2023-12-15T11:09:00+00:00\" \/>\n<meta property=\"og:image\" content=\"https:\/\/restaurantecocinadelpuerto.es\/wp-content\/uploads\/2023\/12\/restarurante-cocina-del-puerto-en-lanzarote.jpeg\" \/>\n\t<meta property=\"og:image:width\" content=\"1200\" \/>\n\t<meta property=\"og:image:height\" content=\"675\" \/>\n\t<meta property=\"og:image:type\" content=\"image\/jpeg\" \/>\n<meta name=\"twitter:card\" content=\"summary_large_image\" \/>\n<meta name=\"twitter:label1\" content=\"Gesch\u00e4tzte Lesezeit\" \/>\n\t<meta name=\"twitter:data1\" content=\"2\u00a0Minuten\" \/>\n<script type=\"application\/ld+json\" class=\"yoast-schema-graph\">{\"@context\":\"https:\\\/\\\/schema.org\",\"@graph\":[{\"@type\":\"WebPage\",\"@id\":\"https:\\\/\\\/restaurantecocinadelpuerto.es\\\/de\\\/politica-de-privacidad\\\/\",\"url\":\"https:\\\/\\\/restaurantecocinadelpuerto.es\\\/de\\\/politica-de-privacidad\\\/\",\"name\":\"Datenschutzrichtlinie &#062; Restaurante Cocina del Puerto\",\"isPartOf\":{\"@id\":\"https:\\\/\\\/restaurantecocinadelpuerto.es\\\/#website\"},\"datePublished\":\"2022-07-18T10:37:18+00:00\",\"dateModified\":\"2023-12-15T11:09:00+00:00\",\"breadcrumb\":{\"@id\":\"https:\\\/\\\/restaurantecocinadelpuerto.es\\\/de\\\/politica-de-privacidad\\\/#breadcrumb\"},\"inLanguage\":\"de\",\"potentialAction\":[{\"@type\":\"ReadAction\",\"target\":[\"https:\\\/\\\/restaurantecocinadelpuerto.es\\\/de\\\/politica-de-privacidad\\\/\"]}]},{\"@type\":\"BreadcrumbList\",\"@id\":\"https:\\\/\\\/restaurantecocinadelpuerto.es\\\/de\\\/politica-de-privacidad\\\/#breadcrumb\",\"itemListElement\":[{\"@type\":\"ListItem\",\"position\":1,\"name\":\"Restaurante Cocina del Puerto\",\"item\":\"https:\\\/\\\/restaurantecocinadelpuerto.es\\\/de\\\/\"},{\"@type\":\"ListItem\",\"position\":2,\"name\":\"Datenschutzrichtlinie\"}]},{\"@type\":\"WebSite\",\"@id\":\"https:\\\/\\\/restaurantecocinadelpuerto.es\\\/#website\",\"url\":\"https:\\\/\\\/restaurantecocinadelpuerto.es\\\/\",\"name\":\"Restaurante Cocina del Puerto\",\"description\":\"Cocina del Puerto\",\"publisher\":{\"@id\":\"https:\\\/\\\/restaurantecocinadelpuerto.es\\\/#organization\"},\"alternateName\":\"Cocina del Puerto\",\"potentialAction\":[{\"@type\":\"SearchAction\",\"target\":{\"@type\":\"EntryPoint\",\"urlTemplate\":\"https:\\\/\\\/restaurantecocinadelpuerto.es\\\/?s={search_term_string}\"},\"query-input\":{\"@type\":\"PropertyValueSpecification\",\"valueRequired\":true,\"valueName\":\"search_term_string\"}}],\"inLanguage\":\"de\"},{\"@type\":\"Organization\",\"@id\":\"https:\\\/\\\/restaurantecocinadelpuerto.es\\\/#organization\",\"name\":\"Restaurante Cocina del Puerto\",\"url\":\"https:\\\/\\\/restaurantecocinadelpuerto.es\\\/\",\"logo\":{\"@type\":\"ImageObject\",\"inLanguage\":\"de\",\"@id\":\"https:\\\/\\\/restaurantecocinadelpuerto.es\\\/#\\\/schema\\\/logo\\\/image\\\/\",\"url\":\"https:\\\/\\\/restaurantecocinadelpuerto.es\\\/wp-content\\\/uploads\\\/2022\\\/10\\\/restaurantecocinadelpuerto-logo.png\",\"contentUrl\":\"https:\\\/\\\/restaurantecocinadelpuerto.es\\\/wp-content\\\/uploads\\\/2022\\\/10\\\/restaurantecocinadelpuerto-logo.png\",\"width\":174,\"height\":60,\"caption\":\"Restaurante Cocina del Puerto\"},\"image\":{\"@id\":\"https:\\\/\\\/restaurantecocinadelpuerto.es\\\/#\\\/schema\\\/logo\\\/image\\\/\"},\"sameAs\":[\"https:\\\/\\\/www.facebook.com\\\/restaurantecocinadelpuerto\\\/\",\"https:\\\/\\\/www.instagram.com\\\/cocinadelpuerto\\\/\",\"https:\\\/\\\/www.tripadvisor.es\\\/Restaurant_Review-g652121-d15115020-Reviews-Restaurante_Cocina_del_Puerto-Playa_Blanca_Lanzarote_Canary_Islands.html\"]}]}<\/script>\n<!-- \/ Yoast SEO plugin. -->","yoast_head_json":{"title":"Datenschutzrichtlinie &#062; Restaurante Cocina del Puerto","robots":{"index":"noindex","follow":"nofollow"},"og_locale":"de_DE","og_type":"article","og_title":"Datenschutzrichtlinie &#062; Restaurante Cocina del Puerto","og_description":"Datenschutzrichtlinie Der Inhalt der Datenschutzrichtlinie entspricht der Datenschutz-Grundverordnung (DSGVO) (EU) 2016\/679 des Europ\u00e4ischen Parlaments und des Rates vom 27. April 2016 sowie dem spanischen Organischen Gesetz 3\/2018 vom 5. Dezember \u00fcber den Schutz personenbezogener Daten und die Gew\u00e4hrleistung digitaler Rechte. Hiermit informieren wir Sie dar\u00fcber: Das Unternehmen, dem diese Domain geh\u00f6rt, und der Verantwortliche f\u00fcr [&hellip;]","og_url":"https:\/\/restaurantecocinadelpuerto.es\/de\/politica-de-privacidad\/","og_site_name":"Restaurante Cocina del Puerto","article_publisher":"https:\/\/www.facebook.com\/restaurantecocinadelpuerto\/","article_modified_time":"2023-12-15T11:09:00+00:00","og_image":[{"width":1200,"height":675,"url":"https:\/\/restaurantecocinadelpuerto.es\/wp-content\/uploads\/2023\/12\/restarurante-cocina-del-puerto-en-lanzarote.jpeg","type":"image\/jpeg"}],"twitter_card":"summary_large_image","twitter_misc":{"Gesch\u00e4tzte Lesezeit":"2\u00a0Minuten"},"schema":{"@context":"https:\/\/schema.org","@graph":[{"@type":"WebPage","@id":"https:\/\/restaurantecocinadelpuerto.es\/de\/politica-de-privacidad\/","url":"https:\/\/restaurantecocinadelpuerto.es\/de\/politica-de-privacidad\/","name":"Datenschutzrichtlinie &#062; Restaurante Cocina del Puerto","isPartOf":{"@id":"https:\/\/restaurantecocinadelpuerto.es\/#website"},"datePublished":"2022-07-18T10:37:18+00:00","dateModified":"2023-12-15T11:09:00+00:00","breadcrumb":{"@id":"https:\/\/restaurantecocinadelpuerto.es\/de\/politica-de-privacidad\/#breadcrumb"},"inLanguage":"de","potentialAction":[{"@type":"ReadAction","target":["https:\/\/restaurantecocinadelpuerto.es\/de\/politica-de-privacidad\/"]}]},{"@type":"BreadcrumbList","@id":"https:\/\/restaurantecocinadelpuerto.es\/de\/politica-de-privacidad\/#breadcrumb","itemListElement":[{"@type":"ListItem","position":1,"name":"Restaurante Cocina del Puerto","item":"https:\/\/restaurantecocinadelpuerto.es\/de\/"},{"@type":"ListItem","position":2,"name":"Datenschutzrichtlinie"}]},{"@type":"WebSite","@id":"https:\/\/restaurantecocinadelpuerto.es\/#website","url":"https:\/\/restaurantecocinadelpuerto.es\/","name":"Restaurante Cocina del Puerto","description":"Cocina del Puerto","publisher":{"@id":"https:\/\/restaurantecocinadelpuerto.es\/#organization"},"alternateName":"Cocina del Puerto","potentialAction":[{"@type":"SearchAction","target":{"@type":"EntryPoint","urlTemplate":"https:\/\/restaurantecocinadelpuerto.es\/?s={search_term_string}"},"query-input":{"@type":"PropertyValueSpecification","valueRequired":true,"valueName":"search_term_string"}}],"inLanguage":"de"},{"@type":"Organization","@id":"https:\/\/restaurantecocinadelpuerto.es\/#organization","name":"Restaurante Cocina del Puerto","url":"https:\/\/restaurantecocinadelpuerto.es\/","logo":{"@type":"ImageObject","inLanguage":"de","@id":"https:\/\/restaurantecocinadelpuerto.es\/#\/schema\/logo\/image\/","url":"https:\/\/restaurantecocinadelpuerto.es\/wp-content\/uploads\/2022\/10\/restaurantecocinadelpuerto-logo.png","contentUrl":"https:\/\/restaurantecocinadelpuerto.es\/wp-content\/uploads\/2022\/10\/restaurantecocinadelpuerto-logo.png","width":174,"height":60,"caption":"Restaurante Cocina del Puerto"},"image":{"@id":"https:\/\/restaurantecocinadelpuerto.es\/#\/schema\/logo\/image\/"},"sameAs":["https:\/\/www.facebook.com\/restaurantecocinadelpuerto\/","https:\/\/www.instagram.com\/cocinadelpuerto\/","https:\/\/www.tripadvisor.es\/Restaurant_Review-g652121-d15115020-Reviews-Restaurante_Cocina_del_Puerto-Playa_Blanca_Lanzarote_Canary_Islands.html"]}]}},"_links":{"self":[{"href":"https:\/\/restaurantecocinadelpuerto.es\/de\/wp-json\/wp\/v2\/pages\/2045","targetHints":{"allow":["GET"]}}],"collection":[{"href":"https:\/\/restaurantecocinadelpuerto.es\/de\/wp-json\/wp\/v2\/pages"}],"about":[{"href":"https:\/\/restaurantecocinadelpuerto.es\/de\/wp-json\/wp\/v2\/types\/page"}],"author":[{"embeddable":true,"href":"https:\/\/restaurantecocinadelpuerto.es\/de\/wp-json\/wp\/v2\/users\/1"}],"replies":[{"embeddable":true,"href":"https:\/\/restaurantecocinadelpuerto.es\/de\/wp-json\/wp\/v2\/comments?post=2045"}],"version-history":[{"count":2,"href":"https:\/\/restaurantecocinadelpuerto.es\/de\/wp-json\/wp\/v2\/pages\/2045\/revisions"}],"predecessor-version":[{"id":2052,"href":"https:\/\/restaurantecocinadelpuerto.es\/de\/wp-json\/wp\/v2\/pages\/2045\/revisions\/2052"}],"wp:attachment":[{"href":"https:\/\/restaurantecocinadelpuerto.es\/de\/wp-json\/wp\/v2\/media?parent=2045"}],"curies":[{"name":"wp","href":"https:\/\/api.w.org\/{rel}","templated":true}]}}