{"id":2018,"date":"2023-10-30T07:18:31","date_gmt":"2023-10-30T07:18:31","guid":{"rendered":"https:\/\/restaurantecocinadelpuerto.es\/politica-de-cookies\/"},"modified":"2023-12-15T11:00:45","modified_gmt":"2023-12-15T11:00:45","slug":"politica-de-cookies","status":"publish","type":"page","link":"https:\/\/restaurantecocinadelpuerto.es\/de\/politica-de-cookies\/","title":{"rendered":"Cookie-Richtlinie"},"content":{"rendered":"\n<div style=\"height:65px\" aria-hidden=\"true\" class=\"wp-block-spacer\"><\/div>\n\n\n\n<h2 class=\"wp-block-heading\"><strong>Cookie-Richtlinie<\/strong><\/h2>\n\n\n\n<p>Zweck: Die vorliegende Cookie-Richtlinie ist integraler Bestandteil der Nutzungsbedingungen und der Datenschutzrichtlinie der Website restaurantecocinadelpuerto.es (nachfolgend &#8222;Website&#8220; oder &#8222;Webseite&#8220;). Der Zugriff auf die Webseite, die Navigation auf der Webseite oder die Nutzung ihrer Dienste impliziert die Akzeptanz der in den Nutzungsbedingungen und in der Datenschutzrichtlinie festgelegten Bedingungen sowie der Cookie-Richtlinie.<\/p>\n\n\n\n<p>Um Ihre Navigation auf der Webseite zu erleichtern, informiert der Betreiber mit Sitz in der Calle Chinchorro 11, 35580 Playa Blanca \u2013 Yaiza \u2013 Lanzarote, Sie dar\u00fcber, dass er Cookies oder Speicher- und Datenabrufger\u00e4te (SADG) oder andere \u00e4hnliche Funktionsdateien (nachfolgend &#8222;Cookies&#8220;) verwendet.<\/p>\n\n\n\n<p>In diesem Zusammenhang und mit dem Ziel, dem Benutzer alle notwendigen Informationen f\u00fcr eine ordnungsgem\u00e4\u00dfe Navigation bereitzustellen, stellen wir dem Benutzer den folgenden informativen Text zur Verf\u00fcgung, der erkl\u00e4rt, was Cookies sind, die verschiedenen Arten von Cookies auf unserer Webseite und wie sie konfiguriert oder deaktiviert werden k\u00f6nnen.<\/p>\n\n\n\n<p><strong>Was sind Cookies?<\/strong> Derzeit verwenden die meisten Websites, unabh\u00e4ngig von den angebotenen Dienstleistungen, Cookies, d. h. sie speichern minimale Informationen \u00fcber die Nutzung oder Navigation des Benutzers auf der Website. Ein Cookie kann als eine kleine Textdatei oder ein weit verbreitetes Ger\u00e4t definiert werden, das beim Surfen auf Webseiten auf den Computer des Benutzers heruntergeladen wird, um Daten zu speichern, die von der f\u00fcr die Installation Verantwortlichen aktualisiert und abgerufen werden k\u00f6nnen, um die Navigation und die Benutzererfahrung zu erleichtern.<\/p>\n\n\n\n<p>Gem\u00e4\u00df Erw\u00e4gungsgrund 30 der DSGVO k\u00f6nnen nat\u00fcrliche Personen mit Online-Identifikatoren in Verbindung gebracht werden, die von ihren Ger\u00e4ten, Anwendungen, Tools und Protokollen bereitgestellt werden, wie z. B. Internetprotokolladressen, Sitzungskennungen in Form von &#8222;Cookies&#8220; oder anderen identischen Kennungen. Dies kann Spuren hinterlassen, die insbesondere in Verbindung mit eindeutigen Identifikatoren und anderen Daten, die von Servern empfangen wurden, dazu verwendet werden k\u00f6nnen, Profile von nat\u00fcrlichen Personen zu erstellen und sie zu identifizieren. Aus diesem Grund verf\u00fcgt der Website-Betreiber \u00fcber eine Cookie-Richtlinie, die den geltenden Vorschriften entspricht.<\/p>\n\n\n\n<p>Im Allgemeinen, wenn die Installation und\/oder Verwendung von Cookies die Verarbeitung personenbezogener Daten impliziert, unabh\u00e4ngig davon, ob es sich um eigene Cookies oder Cookies von Dritten handelt, um Session- oder dauerhafte Cookies, wird der f\u00fcr die Verarbeitung Verantwortliche die erforderlichen Informationen in diesem Bereich bereitstellen und die vorherige informierte Einwilligung des Benutzers zur Installation und\/oder Verwendung dieser Cookies einholen, es sei denn, die Installation von ausschlie\u00dflich notwendigen Cookies w\u00e4re erforderlich. Von dieser Einwilligung ausgenommen sind ausschlie\u00dflich diejenigen, die ausschlie\u00dflich die Kommunikation zwischen der Ausr\u00fcstung des Benutzers und dem Netzwerk erm\u00f6glichen, sowie ausschlie\u00dflich solche, die zur Bereitstellung einer vom Benutzer angeforderten Dienstleistung verwendet werden. Zum Beispiel &#8222;technische Cookies&#8220; (zum Beispiel f\u00fcr die Navigation auf der Plattform oder Anwendung); &#8222;Anpassungs- oder Konfigurations-Cookies&#8220; (zum Beispiel, um die Sprache des Benutzers zu erkennen, etc.); und &#8222;Sicherheits-Cookies&#8220; (zum Beispiel, um falsche und wiederholte Versuche einer Verbindung zu einer Website zu erkennen).<\/p>\n\n\n\n<p><strong>Arten, Zweck und Funktionsweise von Cookies<\/strong><\/p>\n\n\n\n<ol class=\"wp-block-list\">\n<li>Nach der Stelle, an der sie verwaltet werden:\n<ul class=\"wp-block-list\">\n<li>Eigene Cookies: Diejenigen, die von Ihrem Ger\u00e4t von der Ger\u00e4te- oder Serverseite des Website-Betreibers gesendet werden, von dem aus wir den von Ihnen angeforderten Dienst bereitstellen.<\/li>\n\n\n\n<li>Cookies von Dritten: Diejenigen, die von einem Ger\u00e4t oder einer Domain an Ihr Ger\u00e4t gesendet werden, das nicht von uns, sondern von einer anderen kooperierenden oder Partnerentit\u00e4t verwaltet wird. Zum Beispiel solche, die von sozialen Netzwerken oder von externen Inhalten wie Google verwendet werden.<\/li>\n<\/ul>\n<\/li>\n\n\n\n<li>Nach der Dauer, f\u00fcr die sie aktiv bleiben:\n<ul class=\"wp-block-list\">\n<li>Session-Cookies: Dies sind tempor\u00e4re Cookies, die in der Cookie-Datei Ihres Browsers verbleiben, bis Sie die Website verlassen, sodass keines davon auf der Festplatte Ihres Computers gespeichert wird. Die \u00fcber diese Cookies erhaltenen Informationen dienen der Analyse von Verkehrsverhalten auf der Website. Langfristig erm\u00f6glicht dies eine bessere Erfahrung, um Inhalte zu verbessern und die Nutzung zu erleichtern.<\/li>\n\n\n\n<li>Dauerhafte Cookies: Sie werden auf der Festplatte gespeichert, und unsere Website liest sie bei jedem neuen Besuch. Ein dauerhaftes Cookie hat ein festgelegtes Ablaufdatum. Das Cookie wird nach diesem Datum nicht mehr funktionieren. In der Regel verwenden wir diese Cookies, um die Dienste f\u00fcr Eink\u00e4ufe und Anmeldungen zu erleichtern.<\/li>\n<\/ul>\n<\/li>\n<\/ol>\n\n\n\n<p>3.3 Nach ihrem Zweck:<\/p>\n\n\n\n<ul class=\"wp-block-list\">\n<li>Technische Cookies: Notwendig f\u00fcr die Navigation und den reibungslosen Betrieb unserer Website. Sie erm\u00f6glichen beispielsweise die Steuerung des Datenverkehrs und der Datenkommunikation, den Zugang zu beschr\u00e4nkten Bereichen, die Durchf\u00fchrung des Bestellvorgangs einer Bestellung, die Verwendung von Sicherheitselementen, das Speichern von Inhalten zur Wiedergabe von Videos oder das Teilen von Inhalten \u00fcber soziale Netzwerke.<\/li>\n\n\n\n<li>Anpassungs-Cookies: Die es Ihnen erm\u00f6glichen, auf den Dienst mit voreingestellten Merkmalen gem\u00e4\u00df bestimmten Kriterien zuzugreifen, wie z. B. Sprache, Art des Browsers, der f\u00fcr den Zugriff auf den Dienst verwendet wird, usw.<\/li>\n\n\n\n<li>Analyse-Cookies: Die es uns erm\u00f6glichen, die Anzahl der Benutzer zu quantifizieren und statistische Messungen und Analysen der Nutzung der von den Benutzern bereitgestellten Dienste durchzuf\u00fchren. Zu diesem Zweck wird ihre Navigation auf unserer Website analysiert, um das Angebot an Produkten und Dienstleistungen, die wir anbieten, zu verbessern.<\/li>\n\n\n\n<li>Werbe-Cookies: Die eine m\u00f6glichst effiziente Verwaltung der Werbefl\u00e4chen erm\u00f6glichen, die auf unserer Website enthalten sein k\u00f6nnen.<\/li>\n\n\n\n<li>Verhaltensorientierte Werbe-Cookies: Diese Cookies speichern Informationen \u00fcber das Verhalten der Benutzer, die kontinuierlich beobachtet werden. Dank ihnen k\u00f6nnen wir die Browsing-Gewohnheiten im Internet kennen und Ihnen Anzeigen zeigen, die Ihrem Browsing-Profil entsprechen.<\/li>\n<\/ul>\n\n\n\n<p><strong>Auf der Website verwendete Cookies<\/strong><\/p>\n\n\n\n<p>Die Identifikation derjenigen, die die Cookies dieser Website verwenden, sowie die Details dieser Cookies sind unten aufgef\u00fchrt:<\/p>\n\n\n\n<p>Google Analytics: Sammelt Informationen \u00fcber die Navigation der Benutzer auf der Website, um die Herkunft der Besuche und andere \u00e4hnliche Daten f\u00fcr statistische Zwecke zu kennen und gegebenenfalls Anzeigen f\u00fcr Benutzer basierend auf ihren Pr\u00e4ferenzen anzuzeigen, die sich aus ihren Browsing-Gewohnheiten ergeben (z. B. besuchte Seiten).<\/p>\n\n\n\n<p><a href=\"https:\/\/developers.google.com\/analytics\/devguides\/collection\/analyticsjs\/cookie-usage\">Link zur Cookie-Richtlinie von Google Analytics<\/a><\/p>\n\n\n\n<p><strong>Wie deaktiviert man Cookies in den meistgenutzten Browsern<\/strong><\/p>\n\n\n\n<p>Sie k\u00f6nnen mit den Konfigurationstools Ihres Browsers blockiert oder deaktiviert werden. Der Browser erm\u00f6glicht es Ihnen, die Installation aller Cookies abzulehnen oder nur bestimmte abzulehnen. Wir geben Ihnen die Links zu den Tools der wichtigsten Browser, wo Sie Informationen zur Deaktivierung von Cookies erhalten k\u00f6nnen.<\/p>\n\n\n\n<ul class=\"wp-block-list\">\n<li><a href=\"https:\/\/tools.google.com\/dlpage\/gaoptout?hl=de\">Deaktivierung oder L\u00f6schung von Google Analytics-Cookies<\/a><\/li>\n\n\n\n<li><a href=\"https:\/\/support.google.com\/accounts\/answer\/61416?co=GENIE.Platform%3DDesktop&amp;hl=de\">Konfiguration von Cookies in Google Chrome<\/a><\/li>\n\n\n\n<li><a href=\"https:\/\/support.microsoft.com\/es-es\/help\/17442\/windows-internet-explorer-delete-manage-cookies\">Konfiguration von Cookies in Microsoft Internet Explorer<\/a><\/li>\n\n\n\n<li><a href=\"https:\/\/support.mozilla.org\/es\/kb\/habilitar-y-deshabilitar-cookies-sitios-web-rastrear-p\">Konfiguration von Cookies in Mozilla Firefox<\/a><\/li>\n\n\n\n<li><a href=\"https:\/\/support.apple.com\/es-es\/guide\/safari\/manage-cookies-and-website-data-sfri11471\/mac\">Konfiguration von Cookies in Safari (Apple)<\/a><\/li>\n<\/ul>\n\n\n\n<p><strong>Was passiert, wenn Sie Cookies deaktivieren?<\/strong><\/p>\n\n\n\n<p>Wenn Sie Cookies ablehnen, k\u00f6nnen Sie unsere Website weiterhin nutzen, aber es ist m\u00f6glich, dass einige Dienste und\/oder Links nicht mehr funktionieren, dass Sie sich nicht anmelden oder die interaktive Sitzung mit den Diensten der Website aufrechterhalten k\u00f6nnen und dass wir keine wertvollen Informationen von Ihnen erhalten k\u00f6nnen, um Ihnen Inhalte entsprechend Ihren Interessen anzubieten und Ihnen den einfachen und schnellen Zugriff auf die f\u00fcr Sie interessanten Informationen zu erm\u00f6glichen.<\/p>\n\n\n\n<p>Der Website-Betreiber \u00fcbernimmt keine Verantwortung f\u00fcr rechtliche oder technische Probleme, die durch die Nichtbeachtung der Empfehlungen durch jeden Benutzer verursacht werden. Diese Mitteilung erfolgt zu Informations- und Nutzungszwecken, daher sollte sie nicht f\u00fcr andere Zwecke verwendet werden.<\/p>\n\n\n\n<p>Wir m\u00f6chten Sie auch darauf hinweisen, dass wir nicht f\u00fcr den Inhalt und die Richtigkeit der Datenschutzrichtlinien Dritter verantwortlich gemacht werden k\u00f6nnen, die in dieser Cookie-Richtlinie enthalten sind.<\/p>\n\n\n\n<p><strong>\u00c4nderungen in der Cookie-Richtlinie<\/strong><\/p>\n\n\n\n<p>Die vorliegende Cookie-Richtlinie ist die Version 2.0, g\u00fcltig ab dem 1. OKTOBER 2020, und auf dieser Grundlage kann der Website-Betreiber diese Cookie-Richtlinie \u00e4ndern, entweder durch Hinzuf\u00fcgen neuer Cookies, die f\u00fcr neue Inhalte erforderlich sein k\u00f6nnten, oder aufgrund gesetzlicher oder beh\u00f6rdlicher Anforderungen, die eine \u00c4nderung erforderlich machen. Daher wird den Benutzern empfohlen, sie regelm\u00e4\u00dfig zu konsultieren. Ebenso kann die Website die Benutzer pers\u00f6nlich und im Voraus \u00fcber geplante \u00c4nderungen in dieser Richtlinie informieren, bevor sie in Kraft treten, soweit dies technisch und vern\u00fcnftigerweise m\u00f6glich ist.<\/p>\n\n\n\n<p><strong>Aus\u00fcbung der Rechte in Bezug auf Cookies<\/strong><\/p>\n\n\n\n<p>Sie k\u00f6nnen Ihre Rechte im Bereich des Schutzes personenbezogener Daten in der Datenschutzrichtlinie dieser Website erfahren und aus\u00fcben. Wenn Sie Fragen zu dieser Cookie-Richtlinie haben, k\u00f6nnen Sie sich gerne an uns wenden.<\/p>\n","protected":false},"excerpt":{"rendered":"<p>Cookie-Richtlinie Zweck: Die vorliegende Cookie-Richtlinie ist integraler Bestandteil der Nutzungsbedingungen und der Datenschutzrichtlinie der Website restaurantecocinadelpuerto.es (nachfolgend &#8222;Website&#8220; oder &#8222;Webseite&#8220;). Der Zugriff auf die Webseite, die Navigation auf der Webseite oder die Nutzung ihrer Dienste impliziert die Akzeptanz der in den Nutzungsbedingungen und in der Datenschutzrichtlinie festgelegten Bedingungen sowie der Cookie-Richtlinie. Um Ihre Navigation auf [&hellip;]<\/p>\n","protected":false},"author":1,"featured_media":0,"parent":0,"menu_order":0,"comment_status":"closed","ping_status":"closed","template":"","meta":{"footnotes":""},"class_list":["post-2018","page","type-page","status-publish","hentry"],"blocksy_meta":[],"yoast_head":"<!-- This site is optimized with the Yoast SEO plugin v27.5 - https:\/\/yoast.com\/product\/yoast-seo-wordpress\/ -->\n<title>Cookie-Richtlinie &#062; Restaurante Cocina del Puerto<\/title>\n<meta name=\"robots\" content=\"noindex, nofollow\" \/>\n<meta property=\"og:locale\" content=\"de_DE\" \/>\n<meta property=\"og:type\" content=\"article\" \/>\n<meta property=\"og:title\" content=\"Cookie-Richtlinie &#062; Restaurante Cocina del Puerto\" \/>\n<meta property=\"og:description\" content=\"Cookie-Richtlinie Zweck: Die vorliegende Cookie-Richtlinie ist integraler Bestandteil der Nutzungsbedingungen und der Datenschutzrichtlinie der Website restaurantecocinadelpuerto.es (nachfolgend &#8222;Website&#8220; oder &#8222;Webseite&#8220;). Der Zugriff auf die Webseite, die Navigation auf der Webseite oder die Nutzung ihrer Dienste impliziert die Akzeptanz der in den Nutzungsbedingungen und in der Datenschutzrichtlinie festgelegten Bedingungen sowie der Cookie-Richtlinie. Um Ihre Navigation auf [&hellip;]\" \/>\n<meta property=\"og:url\" content=\"https:\/\/restaurantecocinadelpuerto.es\/de\/politica-de-cookies\/\" \/>\n<meta property=\"og:site_name\" content=\"Restaurante Cocina del Puerto\" \/>\n<meta property=\"article:publisher\" content=\"https:\/\/www.facebook.com\/restaurantecocinadelpuerto\/\" \/>\n<meta property=\"article:modified_time\" content=\"2023-12-15T11:00:45+00:00\" \/>\n<meta property=\"og:image\" content=\"https:\/\/restaurantecocinadelpuerto.es\/wp-content\/uploads\/2023\/12\/restarurante-cocina-del-puerto-en-lanzarote.jpeg\" \/>\n\t<meta property=\"og:image:width\" content=\"1200\" \/>\n\t<meta property=\"og:image:height\" content=\"675\" \/>\n\t<meta property=\"og:image:type\" content=\"image\/jpeg\" \/>\n<meta name=\"twitter:card\" content=\"summary_large_image\" \/>\n<meta name=\"twitter:label1\" content=\"Gesch\u00e4tzte Lesezeit\" \/>\n\t<meta name=\"twitter:data1\" content=\"6\u00a0Minuten\" \/>\n<script type=\"application\/ld+json\" class=\"yoast-schema-graph\">{\"@context\":\"https:\\\/\\\/schema.org\",\"@graph\":[{\"@type\":\"WebPage\",\"@id\":\"https:\\\/\\\/restaurantecocinadelpuerto.es\\\/de\\\/politica-de-cookies\\\/\",\"url\":\"https:\\\/\\\/restaurantecocinadelpuerto.es\\\/de\\\/politica-de-cookies\\\/\",\"name\":\"Cookie-Richtlinie &#062; Restaurante Cocina del Puerto\",\"isPartOf\":{\"@id\":\"https:\\\/\\\/restaurantecocinadelpuerto.es\\\/#website\"},\"datePublished\":\"2023-10-30T07:18:31+00:00\",\"dateModified\":\"2023-12-15T11:00:45+00:00\",\"breadcrumb\":{\"@id\":\"https:\\\/\\\/restaurantecocinadelpuerto.es\\\/de\\\/politica-de-cookies\\\/#breadcrumb\"},\"inLanguage\":\"de\",\"potentialAction\":[{\"@type\":\"ReadAction\",\"target\":[\"https:\\\/\\\/restaurantecocinadelpuerto.es\\\/de\\\/politica-de-cookies\\\/\"]}]},{\"@type\":\"BreadcrumbList\",\"@id\":\"https:\\\/\\\/restaurantecocinadelpuerto.es\\\/de\\\/politica-de-cookies\\\/#breadcrumb\",\"itemListElement\":[{\"@type\":\"ListItem\",\"position\":1,\"name\":\"Restaurante Cocina del Puerto\",\"item\":\"https:\\\/\\\/restaurantecocinadelpuerto.es\\\/de\\\/\"},{\"@type\":\"ListItem\",\"position\":2,\"name\":\"Cookie-Richtlinie\"}]},{\"@type\":\"WebSite\",\"@id\":\"https:\\\/\\\/restaurantecocinadelpuerto.es\\\/#website\",\"url\":\"https:\\\/\\\/restaurantecocinadelpuerto.es\\\/\",\"name\":\"Restaurante Cocina del Puerto\",\"description\":\"Cocina del Puerto\",\"publisher\":{\"@id\":\"https:\\\/\\\/restaurantecocinadelpuerto.es\\\/#organization\"},\"alternateName\":\"Cocina del Puerto\",\"potentialAction\":[{\"@type\":\"SearchAction\",\"target\":{\"@type\":\"EntryPoint\",\"urlTemplate\":\"https:\\\/\\\/restaurantecocinadelpuerto.es\\\/?s={search_term_string}\"},\"query-input\":{\"@type\":\"PropertyValueSpecification\",\"valueRequired\":true,\"valueName\":\"search_term_string\"}}],\"inLanguage\":\"de\"},{\"@type\":\"Organization\",\"@id\":\"https:\\\/\\\/restaurantecocinadelpuerto.es\\\/#organization\",\"name\":\"Restaurante Cocina del Puerto\",\"url\":\"https:\\\/\\\/restaurantecocinadelpuerto.es\\\/\",\"logo\":{\"@type\":\"ImageObject\",\"inLanguage\":\"de\",\"@id\":\"https:\\\/\\\/restaurantecocinadelpuerto.es\\\/#\\\/schema\\\/logo\\\/image\\\/\",\"url\":\"https:\\\/\\\/restaurantecocinadelpuerto.es\\\/wp-content\\\/uploads\\\/2022\\\/10\\\/restaurantecocinadelpuerto-logo.png\",\"contentUrl\":\"https:\\\/\\\/restaurantecocinadelpuerto.es\\\/wp-content\\\/uploads\\\/2022\\\/10\\\/restaurantecocinadelpuerto-logo.png\",\"width\":174,\"height\":60,\"caption\":\"Restaurante Cocina del Puerto\"},\"image\":{\"@id\":\"https:\\\/\\\/restaurantecocinadelpuerto.es\\\/#\\\/schema\\\/logo\\\/image\\\/\"},\"sameAs\":[\"https:\\\/\\\/www.facebook.com\\\/restaurantecocinadelpuerto\\\/\",\"https:\\\/\\\/www.instagram.com\\\/cocinadelpuerto\\\/\",\"https:\\\/\\\/www.tripadvisor.es\\\/Restaurant_Review-g652121-d15115020-Reviews-Restaurante_Cocina_del_Puerto-Playa_Blanca_Lanzarote_Canary_Islands.html\"]}]}<\/script>\n<!-- \/ Yoast SEO plugin. -->","yoast_head_json":{"title":"Cookie-Richtlinie &#062; Restaurante Cocina del Puerto","robots":{"index":"noindex","follow":"nofollow"},"og_locale":"de_DE","og_type":"article","og_title":"Cookie-Richtlinie &#062; Restaurante Cocina del Puerto","og_description":"Cookie-Richtlinie Zweck: Die vorliegende Cookie-Richtlinie ist integraler Bestandteil der Nutzungsbedingungen und der Datenschutzrichtlinie der Website restaurantecocinadelpuerto.es (nachfolgend &#8222;Website&#8220; oder &#8222;Webseite&#8220;). Der Zugriff auf die Webseite, die Navigation auf der Webseite oder die Nutzung ihrer Dienste impliziert die Akzeptanz der in den Nutzungsbedingungen und in der Datenschutzrichtlinie festgelegten Bedingungen sowie der Cookie-Richtlinie. Um Ihre Navigation auf [&hellip;]","og_url":"https:\/\/restaurantecocinadelpuerto.es\/de\/politica-de-cookies\/","og_site_name":"Restaurante Cocina del Puerto","article_publisher":"https:\/\/www.facebook.com\/restaurantecocinadelpuerto\/","article_modified_time":"2023-12-15T11:00:45+00:00","og_image":[{"width":1200,"height":675,"url":"https:\/\/restaurantecocinadelpuerto.es\/wp-content\/uploads\/2023\/12\/restarurante-cocina-del-puerto-en-lanzarote.jpeg","type":"image\/jpeg"}],"twitter_card":"summary_large_image","twitter_misc":{"Gesch\u00e4tzte Lesezeit":"6\u00a0Minuten"},"schema":{"@context":"https:\/\/schema.org","@graph":[{"@type":"WebPage","@id":"https:\/\/restaurantecocinadelpuerto.es\/de\/politica-de-cookies\/","url":"https:\/\/restaurantecocinadelpuerto.es\/de\/politica-de-cookies\/","name":"Cookie-Richtlinie &#062; Restaurante Cocina del Puerto","isPartOf":{"@id":"https:\/\/restaurantecocinadelpuerto.es\/#website"},"datePublished":"2023-10-30T07:18:31+00:00","dateModified":"2023-12-15T11:00:45+00:00","breadcrumb":{"@id":"https:\/\/restaurantecocinadelpuerto.es\/de\/politica-de-cookies\/#breadcrumb"},"inLanguage":"de","potentialAction":[{"@type":"ReadAction","target":["https:\/\/restaurantecocinadelpuerto.es\/de\/politica-de-cookies\/"]}]},{"@type":"BreadcrumbList","@id":"https:\/\/restaurantecocinadelpuerto.es\/de\/politica-de-cookies\/#breadcrumb","itemListElement":[{"@type":"ListItem","position":1,"name":"Restaurante Cocina del Puerto","item":"https:\/\/restaurantecocinadelpuerto.es\/de\/"},{"@type":"ListItem","position":2,"name":"Cookie-Richtlinie"}]},{"@type":"WebSite","@id":"https:\/\/restaurantecocinadelpuerto.es\/#website","url":"https:\/\/restaurantecocinadelpuerto.es\/","name":"Restaurante Cocina del Puerto","description":"Cocina del Puerto","publisher":{"@id":"https:\/\/restaurantecocinadelpuerto.es\/#organization"},"alternateName":"Cocina del Puerto","potentialAction":[{"@type":"SearchAction","target":{"@type":"EntryPoint","urlTemplate":"https:\/\/restaurantecocinadelpuerto.es\/?s={search_term_string}"},"query-input":{"@type":"PropertyValueSpecification","valueRequired":true,"valueName":"search_term_string"}}],"inLanguage":"de"},{"@type":"Organization","@id":"https:\/\/restaurantecocinadelpuerto.es\/#organization","name":"Restaurante Cocina del Puerto","url":"https:\/\/restaurantecocinadelpuerto.es\/","logo":{"@type":"ImageObject","inLanguage":"de","@id":"https:\/\/restaurantecocinadelpuerto.es\/#\/schema\/logo\/image\/","url":"https:\/\/restaurantecocinadelpuerto.es\/wp-content\/uploads\/2022\/10\/restaurantecocinadelpuerto-logo.png","contentUrl":"https:\/\/restaurantecocinadelpuerto.es\/wp-content\/uploads\/2022\/10\/restaurantecocinadelpuerto-logo.png","width":174,"height":60,"caption":"Restaurante Cocina del Puerto"},"image":{"@id":"https:\/\/restaurantecocinadelpuerto.es\/#\/schema\/logo\/image\/"},"sameAs":["https:\/\/www.facebook.com\/restaurantecocinadelpuerto\/","https:\/\/www.instagram.com\/cocinadelpuerto\/","https:\/\/www.tripadvisor.es\/Restaurant_Review-g652121-d15115020-Reviews-Restaurante_Cocina_del_Puerto-Playa_Blanca_Lanzarote_Canary_Islands.html"]}]}},"_links":{"self":[{"href":"https:\/\/restaurantecocinadelpuerto.es\/de\/wp-json\/wp\/v2\/pages\/2018","targetHints":{"allow":["GET"]}}],"collection":[{"href":"https:\/\/restaurantecocinadelpuerto.es\/de\/wp-json\/wp\/v2\/pages"}],"about":[{"href":"https:\/\/restaurantecocinadelpuerto.es\/de\/wp-json\/wp\/v2\/types\/page"}],"author":[{"embeddable":true,"href":"https:\/\/restaurantecocinadelpuerto.es\/de\/wp-json\/wp\/v2\/users\/1"}],"replies":[{"embeddable":true,"href":"https:\/\/restaurantecocinadelpuerto.es\/de\/wp-json\/wp\/v2\/comments?post=2018"}],"version-history":[{"count":4,"href":"https:\/\/restaurantecocinadelpuerto.es\/de\/wp-json\/wp\/v2\/pages\/2018\/revisions"}],"predecessor-version":[{"id":2039,"href":"https:\/\/restaurantecocinadelpuerto.es\/de\/wp-json\/wp\/v2\/pages\/2018\/revisions\/2039"}],"wp:attachment":[{"href":"https:\/\/restaurantecocinadelpuerto.es\/de\/wp-json\/wp\/v2\/media?parent=2018"}],"curies":[{"name":"wp","href":"https:\/\/api.w.org\/{rel}","templated":true}]}}