{"id":1995,"date":"2023-10-30T07:17:36","date_gmt":"2023-10-30T07:17:36","guid":{"rendered":"https:\/\/restaurantecocinadelpuerto.es\/rechtlicher-hinweis\/"},"modified":"2023-12-15T10:32:28","modified_gmt":"2023-12-15T10:32:28","slug":"rechtlicher-hinweis","status":"publish","type":"page","link":"https:\/\/restaurantecocinadelpuerto.es\/de\/rechtlicher-hinweis\/","title":{"rendered":"Rechtlicher Hinweis"},"content":{"rendered":"\n<div style=\"height:150px\" aria-hidden=\"true\" class=\"wp-block-spacer\"><\/div>\n\n\n\n<ol class=\"wp-block-list\">\n<li>IDENTIFIKATIONSDATEN<\/li>\n<\/ol>\n\n\n\n<p>In \u00dcbereinstimmung mit der Allgemeinen Datenschutzverordnung (EU) 2016\/679 des Europ\u00e4ischen Parlaments und des Rates vom 27. April 2016 und dem Organgesetz 3\/2018 vom 5. Dezember \u00fcber den Schutz personenbezogener Daten und die Gew\u00e4hrleistung digitaler Rechte werden die folgenden Daten wiedergegeben:re<br>Der Inhaber dieser Web-Domain restaurantecocinadelpuerto.es ist Melsanta 41 SRL, CIF-Nummer B76317742, mit Adresse f\u00fcr diese Zwecke in Calle Chinchorro 11, 35580 Playa Blanca &#8211; Yaiza &#8211; Lanzarote.<\/p>\n\n\n\n<p>Datenschutz E-Mail: info@restaurantecocinadelpuerto.es Eingetragen im Handelsregister von Lanzarote.<\/p>\n\n\n\n<ol class=\"wp-block-list\" start=\"2\">\n<li>BENUTZER<\/li>\n<\/ol>\n\n\n\n<p>Der Zugang und\/oder die Nutzung dieses Portals oder dieser Website setzt voraus, dass der BENUTZER die in dieser Bekanntmachung enthaltenen Allgemeinen Nutzungsbedingungen akzeptiert. Diese Bedingungen gelten unabh\u00e4ngig von den Allgemeinen Vertragsbedingungen, die gegebenenfalls obligatorisch sind. In jedem Fall wird f\u00fcr jeden spezifischen Zweck Ihre ausdr\u00fcckliche Zustimmung eingeholt.<\/p>\n\n\n\n<ol class=\"wp-block-list\" start=\"3\">\n<li>NUTZUNG DER WEBSITE<\/li>\n<\/ol>\n\n\n\n<p>Unsere Website bietet Zugang zu Informationen, Dienstleistungen, Programmen oder Daten (im Folgenden &#8222;die Inhalte&#8220; genannt) im Internet, die restaurantecocinadelpuerto.es. oder seinen Lizenzgebern geh\u00f6ren und zu denen der BENUTZER Zugang haben kann.<br>Der BENUTZER \u00fcbernimmt die Verantwortung f\u00fcr die korrekte Nutzung des Portals. Diese Verantwortung erstreckt sich auch auf die Registrierung, die f\u00fcr den Zugang zu bestimmten Dienstleistungen oder Inhalten erforderlich sein kann. Bei dieser Registrierung ist der BENUTZER daf\u00fcr verantwortlich, wahrheitsgem\u00e4\u00dfe und rechtm\u00e4\u00dfige Angaben \u00fcber seine Daten zu machen. Als Folge dieser Registrierung kann dem BENUTZER ein Passwort zugeteilt werden, f\u00fcr das er verantwortlich ist und f\u00fcr dessen sorgf\u00e4ltige, ethische und vertrauliche Verwendung er sich verpflichtet. Der BENUTZER verpflichtet sich, die \u00fcber das Portal angebotenen Inhalte und Dienste (wie z. B. Chat-Dienste, Diskussionsforen oder Newsgroups) in angemessener Weise zu nutzen und sie beispielsweise, aber nicht ausschlie\u00dflich, nicht f\u00fcr Folgendes zu verwenden<\/p>\n\n\n\n<ul class=\"wp-block-list\">\n<li>Unerlaubte, illegale oder gegen Treu und Glauben und die \u00f6ffentliche Ordnung versto\u00dfende Aktivit\u00e4ten zu betreiben;<\/li>\n\n\n\n<li>Inhalte oder Propaganda zu verbreiten, die rassistisch, fremdenfeindlich, pornografisch-illegal, terroristisch oder terroristisch sind<\/li>\n<\/ul>\n\n\n\n<p>Entschuldigung des Terrorismus oder gegen die Menschenrechte.<\/p>\n\n\n\n<ul class=\"wp-block-list\">\n<li>Verursachen von Sch\u00e4den an den physischen und logischen Systemen des Eigent\u00fcmers, seiner Lieferanten oder Dritter, Einf\u00fchren oder Verbreiten von Computerviren oder anderen physischen oder logischen Systemen, die die vorgenannten Sch\u00e4den verursachen k\u00f6nnen.<\/li>\n\n\n\n<li>Der Versuch, auf die E-Mail-Konten anderer Nutzer zuzugreifen und diese gegebenenfalls zu nutzen sowie deren Nachrichten zu ver\u00e4ndern oder zu manipulieren. Der Inhaber des Portals beh\u00e4lt sich das Recht vor, Kommentare und Beitr\u00e4ge zu entfernen, die die Achtung der Menschenw\u00fcrde verletzen, die diskriminierend, fremdenfeindlich, rassistisch oder pornografisch sind, die die Jugend oder das Kindesalter, die \u00f6ffentliche Ordnung oder die \u00f6ffentliche Sicherheit verletzen oder die seiner Meinung nach nicht angemessen oder zur Ver\u00f6ffentlichung geeignet sind. In jedem Fall ist der Betreiber des Portals nicht verantwortlich f\u00fcr die von den Nutzern in Foren, Chats oder anderen Beteiligungsinstrumenten ge\u00e4u\u00dferten Meinungen.<\/li>\n<\/ul>\n\n\n\n<ol class=\"wp-block-list\" start=\"4\">\n<li>DATENSCHUTZ<\/li>\n<\/ol>\n\n\n\n<p>Die Nutzung personenbezogener Daten erfolgt gem\u00e4\u00df der Datenschutz-Grundverordnung und den geltenden spanischen Vorschriften. Um maximale Transparenz sicherzustellen und gem\u00e4\u00df unserer proaktiven Politik informieren wir Sie:<\/p>\n\n\n\n<p><strong>Warum bitten wir um Ihre Daten?<\/strong><\/p>\n\n\n\n<p>restaurantecocinadelpuerto.es informiert den Kunden, dass die Verarbeitung der Daten zu folgenden Zwecken erfolgt: Durchf\u00fchrung aller mit der Erstellung von Kostenvoranschl\u00e4gen, Vertragsabschl\u00fcssen und der Erbringung von Dienstleistungen f\u00fcr restaurantecocinadelpuerto.es verbundenen Verwaltungsaufgaben gegen\u00fcber dem Unternehmen, zu dem es geh\u00f6rt, oder gegebenenfalls gegen\u00fcber dem Interessenten, der dies anfordert. Ebenso werden eingehende Mitteilungen beantwortet und kommerzielle Prospektionsmitteilungen verschickt, um Benutzer \u00fcber m\u00f6gliche Werbeaktionen zu informieren.<\/p>\n\n\n\n<p><strong>Welche Art von Daten erfassen wir?<\/strong><\/p>\n\n\n\n<p>Es handelt sich um personenbezogene Daten, die Ihrer eigenen Identit\u00e4t entsprechen und angemessen, relevant, aktuell, genau und wahrheitsgem\u00e4\u00df sind. In diesem Zusammenhang tr\u00e4gt der Benutzer die alleinige Verantwortung f\u00fcr etwaige direkte und\/oder indirekte Sch\u00e4den, die Dritten oder restaurantecocinadelpuerto.es durch die Verwendung von personenbezogenen Daten einer anderen Person oder durch die Verwendung eigener personenbezogener Daten entstehen, wenn diese falsch, fehlerhaft, nicht aktuell, unangemessen oder nicht relevant sind. Ebenso haftet der Benutzer, der die personenbezogenen Daten eines Dritten verwendet, diesem gegen\u00fcber f\u00fcr die Informationspflicht gem\u00e4\u00df der DSGVO, wenn die personenbezogenen Daten nicht vom Betroffenen selbst erhoben wurden, sowie f\u00fcr die Folgen der Nichtinformation.<\/p>\n\n\n\n<p><strong>Wie werden sie erfasst?<\/strong><\/p>\n\n\n\n<p>Die Erfassung erfolgt durch die Verwendung von Formularen zur Erhebung personenbezogener Daten. In den auf der Website vorhandenen Kontaktformularen, in denen personenbezogene Daten erfasst werden, muss der Benutzer vor dem Versenden ausdr\u00fccklich und vorher seine Zustimmung und Kenntnisnahme der Datenschutzrichtlinie durch Ankreuzen der Option &#8222;Ich habe die Datenschutzrichtlinie gelesen und akzeptiere sie&#8220; erkl\u00e4ren, auf deren Inhalt er \u00fcber den beigef\u00fcgten Link zugreifen kann, der ihm durch diesen rechtlichen Hinweis zugesandt wird. Wenn das Kontrollk\u00e4stchen nicht vom Benutzer aktiviert wird, erfolgt der Versand der in diesen Formularen enthaltenen Daten nicht.<\/p>\n\n\n\n<p><strong>Nutzung gemeinsam mit Dritten:<\/strong><\/p>\n\n\n\n<p>Die Daten werden nicht an Dritte weitergegeben, es sei denn, es besteht eine gesetzliche Verpflichtung. \u00dcbertragungen von Daten an Dritte L\u00e4nder sind nicht vorgesehen.<\/p>\n\n\n\n<p><strong>Rechte:<\/strong> Sie haben das Recht, jederzeit auf Ihre Daten zuzugreifen, sie zu berichtigen, zu l\u00f6schen, zu beschr\u00e4nken und sich deren Verarbeitung zu widersetzen. Sie k\u00f6nnen auch die erteilte Einwilligung widerrufen und sich bei der Datenschutzbeh\u00f6rde (Agencia Espa\u00f1ola de Protecci\u00f3n de Datos, C\/ Jorge Juan Nr. 6, 28001 Madrid) beschweren. Zur Aus\u00fcbung Ihrer Rechte steht Ihnen ein direkter Kanal zu unserem Unternehmen \u00fcber die E-Mail f\u00fcr Datenschutz <a href=\"mailto:info@restaurantecocinadelpuerto.es\">info@restaurantecocinadelpuerto.es<\/a> und die Postanschrift Calle Chinchorro 11, 35580 Playa Blanca \u2013 Yaiza \u2013 Lanzarote zur Verf\u00fcgung. Bitte geben Sie im Betreff Datenschutz an.<\/p>\n\n\n\n<p>Zudem informiert restaurantecocinadelpuerto.es, dass es die Bestimmungen des Gesetzes 34\/2002 vom 11. Juli \u00fcber Dienste der Informationsgesellschaft und des elektronischen Gesch\u00e4ftsverkehrs erf\u00fcllt und Sie bei Bedarf um Ihre Zustimmung zur Verarbeitung Ihrer E-Mail-Adresse f\u00fcr kommerzielle Zwecke bitten wird.<\/p>\n\n\n\n<ol class=\"wp-block-list\" start=\"5\">\n<li>GEISTIGES UND INDUSTRIELLES EIGENTUM<\/li>\n<\/ol>\n\n\n\n<p>Der Eigent\u00fcmer ist im eigenen Namen oder als Lizenznehmer Inhaber aller geistigen und industriellen Eigentumsrechte seiner Website sowie der darin enthaltenen Elemente (zum Beispiel Bilder, Ton, Audio, Video, Software oder Texte; Marken oder Logos, Farbkombinationen, Struktur und Design, Auswahl der verwendeten Materialien, f\u00fcr den Betrieb erforderliche Computerprogramme, Zugriff und Nutzung usw.).<\/p>\n\n\n\n<p>Alle Rechte vorbehalten. Gem\u00e4\u00df den Bestimmungen von Artikel 8 und 32.1, zweiter Absatz, des Gesetzes \u00fcber geistiges Eigentum sind die Reproduktion, Verbreitung und \u00f6ffentliche Kommunikation, einschlie\u00dflich der Bereitstellung, ausdr\u00fccklich untersagt, ganz oder teilweise, der Inhalte dieser Website zu kommerziellen Zwecken, auf jedem Medium und mit jedem technischen Mittel, ohne die Genehmigung von restaurantecocinadelpuerto.es.<\/p>\n\n\n\n<p>Der BENUTZER verpflichtet sich, die geistigen und industriellen Eigentumsrechte von restaurantecocinadelpuerto.es zu respektieren.<\/p>\n\n\n\n<p>Sie d\u00fcrfen die Elemente der Website anzeigen und sogar ausdrucken, kopieren und auf der Festplatte Ihres Computers oder einem anderen physischen Tr\u00e4ger speichern, sofern dies ausschlie\u00dflich f\u00fcr den pers\u00f6nlichen und privaten Gebrauch erfolgt. Der BENUTZER verpflichtet sich, jegliches Schutzger\u00e4t oder Sicherheitssystem von restaurantecocinadelpuerto.es zu unterlassen, zu \u00e4ndern, zu umgehen oder zu manipulieren.<\/p>\n\n\n\n<p>restaurantecocinadelpuerto.es \u00fcbernimmt keinerlei Verantwortung f\u00fcr Sch\u00e4den jeglicher Art, die beispielsweise durch Fehler oder Auslassungen in den Inhalten, die Nichtverf\u00fcgbarkeit der Website oder die \u00dcbertragung von Viren oder sch\u00e4dlichen Programmen oder Schadstoffen in den Inhalten verursacht werden k\u00f6nnten, obwohl alle erforderlichen technologischen Ma\u00dfnahmen ergriffen wurden, um dies zu verhindern.<\/p>\n\n\n\n<ol class=\"wp-block-list\" start=\"7\">\n<li>\u00c4NDERUNGEN<\/li>\n<\/ol>\n\n\n\n<p>restaurantecocinadelpuerto.es beh\u00e4lt sich das Recht vor, ohne vorherige Ank\u00fcndigung die \u00c4nderungen vorzunehmen, die es f\u00fcr angemessen h\u00e4lt, sowohl auf seiner Website als auch an den Inhalten und Dienstleistungen, die \u00fcber die Website bereitgestellt werden. Dies kann sowohl die \u00c4nderung, L\u00f6schung oder Hinzuf\u00fcgung von Inhalten und Dienstleistungen als auch die Art und Weise, wie sie pr\u00e4sentiert oder auf der Website lokalisiert werden, umfassen.<\/p>\n\n\n\n<ol class=\"wp-block-list\" start=\"8\">\n<li>VERKN\u00dcPFUNGEN<\/li>\n<\/ol>\n\n\n\n<p>Im Falle von Links oder Hyperlinks zu anderen Websites auf restaurantecocinadelpuerto.es hat restaurantecocinadelpuerto.es keine Kontrolle \u00fcber diese Websites und Inhalte. In keinem Fall \u00fcbernimmt restaurantecocinadelpuerto.es Verantwortung f\u00fcr die Inhalte eines Links zu einer externen Website, noch wird die technische Verf\u00fcgbarkeit, Qualit\u00e4t, Zuverl\u00e4ssigkeit, Genauigkeit, Umfang, Wahrhaftigkeit, G\u00fcltigkeit oder Verfassungsm\u00e4\u00dfigkeit von Material oder Informationen auf einer dieser Hyperlinks oder anderen Websites garantiert. Wenn Sie die Links verwenden, wird darum gebeten, die Datenschutzrichtlinien und rechtlichen Hinweise der besuchten Seite zu beachten.<\/p>\n\n\n\n<p>Die Aufnahme dieser externen Verbindungen bedeutet ebenfalls keine Art von Vereinigung, Fusion oder Beteiligung an den verbundenen Einrichtungen.<\/p>\n\n\n\n<ol class=\"wp-block-list\" start=\"9\">\n<li>AUSSCHLUSSRECHT<\/li>\n<\/ol>\n\n\n\n<p>restaurantecocinadelpuerto.es beh\u00e4lt sich das Recht vor, den Zugang zur Website und\/oder den angebotenen Dienstleistungen ohne vorherige Ank\u00fcndigung zu verweigern oder zu entziehen, auf eigene Initiative oder auf Antrag Dritter, f\u00fcr Benutzer, die diese Allgemeinen Nutzungsbedingungen nicht einhalten.<\/p>\n\n\n\n<ol class=\"wp-block-list\" start=\"10\">\n<li>ALLGEMEINES<\/li>\n<\/ol>\n\n\n\n<p>Die Nichteinhaltung dieser Bedingungen sowie jegliche missbr\u00e4uchliche Nutzung der Website wird verfolgt, und es werden alle zivil- und strafrechtlichen Ma\u00dfnahmen ergriffen, die nach geltendem Recht erforderlich sind.<\/p>\n\n\n\n<ol class=\"wp-block-list\" start=\"11\">\n<li>\u00c4NDERUNG DIESER BEDINGUNGEN UND DAUER<\/li>\n<\/ol>\n\n\n\n<p>restaurantecocinadelpuerto.es kann die hier festgelegten Bedingungen jederzeit \u00e4ndern, wobei sie ordnungsgem\u00e4\u00df wie hier ver\u00f6ffentlicht werden. Die G\u00fcltigkeit dieser Bedingungen richtet sich nach ihrer Ver\u00f6ffentlichung und bleibt in Kraft, bis sie durch andere ordnungsgem\u00e4\u00df ver\u00f6ffentlichte Bedingungen ersetzt werden.<\/p>\n\n\n\n<ol class=\"wp-block-list\" start=\"12\">\n<li>ANWENDBARES RECHT UND GERICHTSSTAND<\/li>\n<\/ol>\n\n\n\n<p>Die Beziehung zwischen restaurantecocinadelpuerto.es und dem BENUTZER unterliegt den geltenden spanischen Gesetzen, und alle Streitigkeiten werden der zust\u00e4ndigen Beh\u00f6rde unterbreitet.<\/p>\n\n\n\n<figure class=\"wp-block-image aligncenter\"><img decoding=\"async\" src=\"https:\/\/restaurantecocinadelpuerto.es\/wp-content\/uploads\/2018\/06\/logo-restaurante-cocina-del-puerto-300x190.png\" alt=\"\" class=\"wp-image-5\"\/><\/figure>\n","protected":false},"excerpt":{"rendered":"<p>In \u00dcbereinstimmung mit der Allgemeinen Datenschutzverordnung (EU) 2016\/679 des Europ\u00e4ischen Parlaments und des Rates vom 27. April 2016 und dem Organgesetz 3\/2018 vom 5. Dezember \u00fcber den Schutz personenbezogener Daten und die Gew\u00e4hrleistung digitaler Rechte werden die folgenden Daten wiedergegeben:reDer Inhaber dieser Web-Domain restaurantecocinadelpuerto.es ist Melsanta 41 SRL, CIF-Nummer B76317742, mit Adresse f\u00fcr diese Zwecke [&hellip;]<\/p>\n","protected":false},"author":1,"featured_media":0,"parent":0,"menu_order":0,"comment_status":"closed","ping_status":"closed","template":"","meta":{"footnotes":""},"class_list":["post-1995","page","type-page","status-publish","hentry"],"blocksy_meta":[],"yoast_head":"<!-- This site is optimized with the Yoast SEO plugin v27.4 - https:\/\/yoast.com\/product\/yoast-seo-wordpress\/ -->\n<title>Rechtlicher Hinweis &#062; Restaurante Cocina del Puerto<\/title>\n<meta name=\"robots\" content=\"noindex, nofollow\" \/>\n<meta property=\"og:locale\" content=\"de_DE\" \/>\n<meta property=\"og:type\" content=\"article\" \/>\n<meta property=\"og:title\" content=\"Rechtlicher Hinweis &#062; Restaurante Cocina del Puerto\" \/>\n<meta property=\"og:description\" content=\"In \u00dcbereinstimmung mit der Allgemeinen Datenschutzverordnung (EU) 2016\/679 des Europ\u00e4ischen Parlaments und des Rates vom 27. April 2016 und dem Organgesetz 3\/2018 vom 5. Dezember \u00fcber den Schutz personenbezogener Daten und die Gew\u00e4hrleistung digitaler Rechte werden die folgenden Daten wiedergegeben:reDer Inhaber dieser Web-Domain restaurantecocinadelpuerto.es ist Melsanta 41 SRL, CIF-Nummer B76317742, mit Adresse f\u00fcr diese Zwecke [&hellip;]\" \/>\n<meta property=\"og:url\" content=\"https:\/\/restaurantecocinadelpuerto.es\/de\/rechtlicher-hinweis\/\" \/>\n<meta property=\"og:site_name\" content=\"Restaurante Cocina del Puerto\" \/>\n<meta property=\"article:publisher\" content=\"https:\/\/www.facebook.com\/restaurantecocinadelpuerto\/\" \/>\n<meta property=\"article:modified_time\" content=\"2023-12-15T10:32:28+00:00\" \/>\n<meta property=\"og:image\" content=\"https:\/\/restaurantecocinadelpuerto.es\/wp-content\/uploads\/2018\/06\/logo-restaurante-cocina-del-puerto-300x190.png\" \/>\n<meta name=\"twitter:card\" content=\"summary_large_image\" \/>\n<meta name=\"twitter:label1\" content=\"Gesch\u00e4tzte Lesezeit\" \/>\n\t<meta name=\"twitter:data1\" content=\"7\u00a0Minuten\" \/>\n<script type=\"application\/ld+json\" class=\"yoast-schema-graph\">{\"@context\":\"https:\\\/\\\/schema.org\",\"@graph\":[{\"@type\":\"WebPage\",\"@id\":\"https:\\\/\\\/restaurantecocinadelpuerto.es\\\/de\\\/rechtlicher-hinweis\\\/\",\"url\":\"https:\\\/\\\/restaurantecocinadelpuerto.es\\\/de\\\/rechtlicher-hinweis\\\/\",\"name\":\"Rechtlicher Hinweis &#062; Restaurante Cocina del Puerto\",\"isPartOf\":{\"@id\":\"https:\\\/\\\/restaurantecocinadelpuerto.es\\\/#website\"},\"primaryImageOfPage\":{\"@id\":\"https:\\\/\\\/restaurantecocinadelpuerto.es\\\/de\\\/rechtlicher-hinweis\\\/#primaryimage\"},\"image\":{\"@id\":\"https:\\\/\\\/restaurantecocinadelpuerto.es\\\/de\\\/rechtlicher-hinweis\\\/#primaryimage\"},\"thumbnailUrl\":\"https:\\\/\\\/restaurantecocinadelpuerto.es\\\/wp-content\\\/uploads\\\/2018\\\/06\\\/logo-restaurante-cocina-del-puerto-300x190.png\",\"datePublished\":\"2023-10-30T07:17:36+00:00\",\"dateModified\":\"2023-12-15T10:32:28+00:00\",\"breadcrumb\":{\"@id\":\"https:\\\/\\\/restaurantecocinadelpuerto.es\\\/de\\\/rechtlicher-hinweis\\\/#breadcrumb\"},\"inLanguage\":\"de\",\"potentialAction\":[{\"@type\":\"ReadAction\",\"target\":[\"https:\\\/\\\/restaurantecocinadelpuerto.es\\\/de\\\/rechtlicher-hinweis\\\/\"]}]},{\"@type\":\"ImageObject\",\"inLanguage\":\"de\",\"@id\":\"https:\\\/\\\/restaurantecocinadelpuerto.es\\\/de\\\/rechtlicher-hinweis\\\/#primaryimage\",\"url\":\"https:\\\/\\\/restaurantecocinadelpuerto.es\\\/wp-content\\\/uploads\\\/2018\\\/06\\\/logo-restaurante-cocina-del-puerto-300x190.png\",\"contentUrl\":\"https:\\\/\\\/restaurantecocinadelpuerto.es\\\/wp-content\\\/uploads\\\/2018\\\/06\\\/logo-restaurante-cocina-del-puerto-300x190.png\"},{\"@type\":\"BreadcrumbList\",\"@id\":\"https:\\\/\\\/restaurantecocinadelpuerto.es\\\/de\\\/rechtlicher-hinweis\\\/#breadcrumb\",\"itemListElement\":[{\"@type\":\"ListItem\",\"position\":1,\"name\":\"Restaurante Cocina del Puerto\",\"item\":\"https:\\\/\\\/restaurantecocinadelpuerto.es\\\/de\\\/\"},{\"@type\":\"ListItem\",\"position\":2,\"name\":\"Rechtlicher Hinweis\"}]},{\"@type\":\"WebSite\",\"@id\":\"https:\\\/\\\/restaurantecocinadelpuerto.es\\\/#website\",\"url\":\"https:\\\/\\\/restaurantecocinadelpuerto.es\\\/\",\"name\":\"Restaurante Cocina del Puerto\",\"description\":\"Cocina del Puerto\",\"publisher\":{\"@id\":\"https:\\\/\\\/restaurantecocinadelpuerto.es\\\/#organization\"},\"alternateName\":\"Cocina del Puerto\",\"potentialAction\":[{\"@type\":\"SearchAction\",\"target\":{\"@type\":\"EntryPoint\",\"urlTemplate\":\"https:\\\/\\\/restaurantecocinadelpuerto.es\\\/?s={search_term_string}\"},\"query-input\":{\"@type\":\"PropertyValueSpecification\",\"valueRequired\":true,\"valueName\":\"search_term_string\"}}],\"inLanguage\":\"de\"},{\"@type\":\"Organization\",\"@id\":\"https:\\\/\\\/restaurantecocinadelpuerto.es\\\/#organization\",\"name\":\"Restaurante Cocina del Puerto\",\"url\":\"https:\\\/\\\/restaurantecocinadelpuerto.es\\\/\",\"logo\":{\"@type\":\"ImageObject\",\"inLanguage\":\"de\",\"@id\":\"https:\\\/\\\/restaurantecocinadelpuerto.es\\\/#\\\/schema\\\/logo\\\/image\\\/\",\"url\":\"https:\\\/\\\/restaurantecocinadelpuerto.es\\\/wp-content\\\/uploads\\\/2022\\\/10\\\/restaurantecocinadelpuerto-logo.png\",\"contentUrl\":\"https:\\\/\\\/restaurantecocinadelpuerto.es\\\/wp-content\\\/uploads\\\/2022\\\/10\\\/restaurantecocinadelpuerto-logo.png\",\"width\":174,\"height\":60,\"caption\":\"Restaurante Cocina del Puerto\"},\"image\":{\"@id\":\"https:\\\/\\\/restaurantecocinadelpuerto.es\\\/#\\\/schema\\\/logo\\\/image\\\/\"},\"sameAs\":[\"https:\\\/\\\/www.facebook.com\\\/restaurantecocinadelpuerto\\\/\",\"https:\\\/\\\/www.instagram.com\\\/cocinadelpuerto\\\/\",\"https:\\\/\\\/www.tripadvisor.es\\\/Restaurant_Review-g652121-d15115020-Reviews-Restaurante_Cocina_del_Puerto-Playa_Blanca_Lanzarote_Canary_Islands.html\"]}]}<\/script>\n<!-- \/ Yoast SEO plugin. -->","yoast_head_json":{"title":"Rechtlicher Hinweis &#062; Restaurante Cocina del Puerto","robots":{"index":"noindex","follow":"nofollow"},"og_locale":"de_DE","og_type":"article","og_title":"Rechtlicher Hinweis &#062; Restaurante Cocina del Puerto","og_description":"In \u00dcbereinstimmung mit der Allgemeinen Datenschutzverordnung (EU) 2016\/679 des Europ\u00e4ischen Parlaments und des Rates vom 27. April 2016 und dem Organgesetz 3\/2018 vom 5. Dezember \u00fcber den Schutz personenbezogener Daten und die Gew\u00e4hrleistung digitaler Rechte werden die folgenden Daten wiedergegeben:reDer Inhaber dieser Web-Domain restaurantecocinadelpuerto.es ist Melsanta 41 SRL, CIF-Nummer B76317742, mit Adresse f\u00fcr diese Zwecke [&hellip;]","og_url":"https:\/\/restaurantecocinadelpuerto.es\/de\/rechtlicher-hinweis\/","og_site_name":"Restaurante Cocina del Puerto","article_publisher":"https:\/\/www.facebook.com\/restaurantecocinadelpuerto\/","article_modified_time":"2023-12-15T10:32:28+00:00","og_image":[{"url":"https:\/\/restaurantecocinadelpuerto.es\/wp-content\/uploads\/2018\/06\/logo-restaurante-cocina-del-puerto-300x190.png","type":"","width":"","height":""}],"twitter_card":"summary_large_image","twitter_misc":{"Gesch\u00e4tzte Lesezeit":"7\u00a0Minuten"},"schema":{"@context":"https:\/\/schema.org","@graph":[{"@type":"WebPage","@id":"https:\/\/restaurantecocinadelpuerto.es\/de\/rechtlicher-hinweis\/","url":"https:\/\/restaurantecocinadelpuerto.es\/de\/rechtlicher-hinweis\/","name":"Rechtlicher Hinweis &#062; Restaurante Cocina del Puerto","isPartOf":{"@id":"https:\/\/restaurantecocinadelpuerto.es\/#website"},"primaryImageOfPage":{"@id":"https:\/\/restaurantecocinadelpuerto.es\/de\/rechtlicher-hinweis\/#primaryimage"},"image":{"@id":"https:\/\/restaurantecocinadelpuerto.es\/de\/rechtlicher-hinweis\/#primaryimage"},"thumbnailUrl":"https:\/\/restaurantecocinadelpuerto.es\/wp-content\/uploads\/2018\/06\/logo-restaurante-cocina-del-puerto-300x190.png","datePublished":"2023-10-30T07:17:36+00:00","dateModified":"2023-12-15T10:32:28+00:00","breadcrumb":{"@id":"https:\/\/restaurantecocinadelpuerto.es\/de\/rechtlicher-hinweis\/#breadcrumb"},"inLanguage":"de","potentialAction":[{"@type":"ReadAction","target":["https:\/\/restaurantecocinadelpuerto.es\/de\/rechtlicher-hinweis\/"]}]},{"@type":"ImageObject","inLanguage":"de","@id":"https:\/\/restaurantecocinadelpuerto.es\/de\/rechtlicher-hinweis\/#primaryimage","url":"https:\/\/restaurantecocinadelpuerto.es\/wp-content\/uploads\/2018\/06\/logo-restaurante-cocina-del-puerto-300x190.png","contentUrl":"https:\/\/restaurantecocinadelpuerto.es\/wp-content\/uploads\/2018\/06\/logo-restaurante-cocina-del-puerto-300x190.png"},{"@type":"BreadcrumbList","@id":"https:\/\/restaurantecocinadelpuerto.es\/de\/rechtlicher-hinweis\/#breadcrumb","itemListElement":[{"@type":"ListItem","position":1,"name":"Restaurante Cocina del Puerto","item":"https:\/\/restaurantecocinadelpuerto.es\/de\/"},{"@type":"ListItem","position":2,"name":"Rechtlicher Hinweis"}]},{"@type":"WebSite","@id":"https:\/\/restaurantecocinadelpuerto.es\/#website","url":"https:\/\/restaurantecocinadelpuerto.es\/","name":"Restaurante Cocina del Puerto","description":"Cocina del Puerto","publisher":{"@id":"https:\/\/restaurantecocinadelpuerto.es\/#organization"},"alternateName":"Cocina del Puerto","potentialAction":[{"@type":"SearchAction","target":{"@type":"EntryPoint","urlTemplate":"https:\/\/restaurantecocinadelpuerto.es\/?s={search_term_string}"},"query-input":{"@type":"PropertyValueSpecification","valueRequired":true,"valueName":"search_term_string"}}],"inLanguage":"de"},{"@type":"Organization","@id":"https:\/\/restaurantecocinadelpuerto.es\/#organization","name":"Restaurante Cocina del Puerto","url":"https:\/\/restaurantecocinadelpuerto.es\/","logo":{"@type":"ImageObject","inLanguage":"de","@id":"https:\/\/restaurantecocinadelpuerto.es\/#\/schema\/logo\/image\/","url":"https:\/\/restaurantecocinadelpuerto.es\/wp-content\/uploads\/2022\/10\/restaurantecocinadelpuerto-logo.png","contentUrl":"https:\/\/restaurantecocinadelpuerto.es\/wp-content\/uploads\/2022\/10\/restaurantecocinadelpuerto-logo.png","width":174,"height":60,"caption":"Restaurante Cocina del Puerto"},"image":{"@id":"https:\/\/restaurantecocinadelpuerto.es\/#\/schema\/logo\/image\/"},"sameAs":["https:\/\/www.facebook.com\/restaurantecocinadelpuerto\/","https:\/\/www.instagram.com\/cocinadelpuerto\/","https:\/\/www.tripadvisor.es\/Restaurant_Review-g652121-d15115020-Reviews-Restaurante_Cocina_del_Puerto-Playa_Blanca_Lanzarote_Canary_Islands.html"]}]}},"_links":{"self":[{"href":"https:\/\/restaurantecocinadelpuerto.es\/de\/wp-json\/wp\/v2\/pages\/1995","targetHints":{"allow":["GET"]}}],"collection":[{"href":"https:\/\/restaurantecocinadelpuerto.es\/de\/wp-json\/wp\/v2\/pages"}],"about":[{"href":"https:\/\/restaurantecocinadelpuerto.es\/de\/wp-json\/wp\/v2\/types\/page"}],"author":[{"embeddable":true,"href":"https:\/\/restaurantecocinadelpuerto.es\/de\/wp-json\/wp\/v2\/users\/1"}],"replies":[{"embeddable":true,"href":"https:\/\/restaurantecocinadelpuerto.es\/de\/wp-json\/wp\/v2\/comments?post=1995"}],"version-history":[{"count":2,"href":"https:\/\/restaurantecocinadelpuerto.es\/de\/wp-json\/wp\/v2\/pages\/1995\/revisions"}],"predecessor-version":[{"id":2010,"href":"https:\/\/restaurantecocinadelpuerto.es\/de\/wp-json\/wp\/v2\/pages\/1995\/revisions\/2010"}],"wp:attachment":[{"href":"https:\/\/restaurantecocinadelpuerto.es\/de\/wp-json\/wp\/v2\/media?parent=1995"}],"curies":[{"name":"wp","href":"https:\/\/api.w.org\/{rel}","templated":true}]}}